{"id":133164,"date":"2025-04-16T22:36:39","date_gmt":"2025-04-16T20:36:39","guid":{"rendered":"https:\/\/seotranslationpro.com\/imprint-2-2\/"},"modified":"2026-03-15T19:07:57","modified_gmt":"2026-03-15T18:07:57","slug":"impressum-2","status":"publish","type":"page","link":"https:\/\/seotranslationpro.com\/sv\/impressum-2\/","title":{"rendered":"Impressum"},"content":{"rendered":"<h4>Information enligt \u00a7 5 TMG:<\/h4>\n<p>Thilo Beier<br \/>\nUerdinger Str. 630<br \/>\n47800 Krefeld<\/p>\n<p>Telefon: 0178 8683167<br \/>\nFax: 03222 3943427<\/p>\n<p>E-post: <a href=\"mailto:info@seotranslation.com\">info@seotranslation.com<\/a><\/p>\n<h4>Moms:<\/h4>\n<p>Momsregistreringsnummer enligt \u00a727 a Umsatzsteuergesetz: DE305919192<\/p>\n<h4>Tvistl\u00f6sning:<\/h4>\n<p>Europeiska kommissionen tillhandah\u00e5ller en plattform f\u00f6r online tvistl\u00f6sning (ODR): <a href=\"https:\/\/ec.europa.eu\/consumers\/odr\">https:\/\/ec.europa.eu\/consumers\/odr<\/a>.<br \/>\nDu hittar v\u00e5r e-postadress ovan i imprinten.<\/p>\n<p>Vi \u00e4r inte villiga eller skyldiga att delta i tvistl\u00f6sningsf\u00f6rfaranden inf\u00f6r en konsumentmedlingsn\u00e4mnd.<\/p>\n<h4>Ansvar f\u00f6r inneh\u00e5ll:<\/h4>\n<p>Som tj\u00e4nsteleverant\u00f6r \u00e4r vi ansvariga f\u00f6r v\u00e5rt eget inneh\u00e5ll p\u00e5 dessa sidor enligt \u00a7 7 para.1 TMG under allm\u00e4nna lagar. Enligt \u00a7\u00a7 8 till 10 TMG \u00e4r vi dock inte skyldiga som tj\u00e4nsteleverant\u00f6r att \u00f6vervaka \u00f6verf\u00f6rd eller lagrad extern information eller att unders\u00f6ka omst\u00e4ndigheter som tyder p\u00e5 olaglig verksamhet.<\/p>\n<p>Skyldigheter att ta bort eller blockera anv\u00e4ndningen av information enligt allm\u00e4nna lagar f\u00f6rblir op\u00e5verkade. Ansvar i detta avseende \u00e4r endast m\u00f6jligt fr\u00e5n det \u00f6gonblick d\u00e5 vi f\u00e5r k\u00e4nnedom om en specifik \u00f6vertr\u00e4delse. Vid k\u00e4nnedom om s\u00e5dana r\u00e4tts\u00f6vertr\u00e4delser kommer vi omedelbart att ta bort detta inneh\u00e5ll.<\/p>\n<h4>Ansvar f\u00f6r l\u00e4nkar:<\/h4>\n<p>V\u00e5rt erbjudande inneh\u00e5ller l\u00e4nkar till externa tredjepartssajter, \u00f6ver vars inneh\u00e5ll vi inte har n\u00e5gon kontroll. D\u00e4rf\u00f6r kan vi inte ta n\u00e5got ansvar f\u00f6r detta externa inneh\u00e5ll. Den respektive leverant\u00f6ren eller operat\u00f6ren av sidorna \u00e4r alltid ansvarig f\u00f6r inneh\u00e5llet p\u00e5 de l\u00e4nkade sidorna. De l\u00e4nkade sidorna kontrollerades f\u00f6r m\u00f6jliga r\u00e4tts\u00f6vertr\u00e4delser vid tidpunkten f\u00f6r l\u00e4nknings\u00f6gonblicket. Olagligt inneh\u00e5ll var inte igenk\u00e4nnbart vid l\u00e4nknings\u00f6gonblicket.<\/p>\n<p>En permanent inneh\u00e5llskontroll av de l\u00e4nkade sidorna \u00e4r dock inte rimlig utan konkreta bevis p\u00e5 en r\u00e4tts\u00f6vertr\u00e4delse. Vid k\u00e4nnedom om r\u00e4tts\u00f6vertr\u00e4delser kommer vi omedelbart att ta bort s\u00e5dana l\u00e4nkar.<\/p>\n<h4>Upphovsr\u00e4tt:<\/h4>\n<p>Inneh\u00e5llet och verken skapade av webbplatsoperat\u00f6rerna p\u00e5 dessa sidor \u00e4r f\u00f6rem\u00e5l f\u00f6r tysk upphovsr\u00e4ttslagstiftning. Kopiering, bearbetning, distribution och all slags utnyttjande utanf\u00f6r upphovsr\u00e4ttens gr\u00e4nser kr\u00e4ver skriftligt samtycke fr\u00e5n respektive f\u00f6rfattare eller skapare. Nedladdningar och kopior av denna webbplats \u00e4r endast till\u00e5tna f\u00f6r privat, icke-kommersiellt bruk.<\/p>\n<p>I den m\u00e5n inneh\u00e5llet p\u00e5 denna webbplats inte skapats av operat\u00f6ren respekteras tredjeparts upphovsr\u00e4tt. I synnerhet markeras tredjepartsinneh\u00e5ll som s\u00e5dant. Skulle du \u00e4nd\u00e5 bli medveten om en upphovsr\u00e4ttsintr\u00e5ng, v\u00e4nligen informera oss d\u00e4refter. Vid k\u00e4nnedom om r\u00e4tts\u00f6vertr\u00e4delser kommer vi omedelbart att ta bort s\u00e5dant inneh\u00e5ll.<\/p>\n","protected":false},"excerpt":{"rendered":"<p>Information enligt \u00a7 5 TMG: Thilo Beier Uerdinger Str. 630 47800 Krefeld Telefon: 0178 8683167 Fax: 03222 3943427 E-post: info@seotranslation.com Moms: Momsregistreringsnummer enligt \u00a727 a Umsatzsteuergesetz: DE305919192 Tvistl\u00f6sning: Europeiska kommissionen tillhandah\u00e5ller en plattform f\u00f6r online tvistl\u00f6sning (ODR): https:\/\/ec.europa.eu\/consumers\/odr. Du hittar v\u00e5r e-postadress ovan i imprinten. Vi \u00e4r inte villiga eller skyldiga att delta i tvistl\u00f6sningsf\u00f6rfaranden [&hellip;]<\/p>\n","protected":false},"author":1,"featured_media":0,"parent":0,"menu_order":0,"comment_status":"open","ping_status":"open","template":"","meta":{"_seopress_robots_primary_cat":"","_seopress_titles_title":"","_seopress_titles_desc":"","_seopress_robots_index":"","iawp_total_views":2,"footnotes":""},"class_list":["post-133164","page","type-page","status-publish","hentry"],"_links":{"self":[{"href":"https:\/\/seotranslationpro.com\/sv\/wp-json\/wp\/v2\/pages\/133164","targetHints":{"allow":["GET"]}}],"collection":[{"href":"https:\/\/seotranslationpro.com\/sv\/wp-json\/wp\/v2\/pages"}],"about":[{"href":"https:\/\/seotranslationpro.com\/sv\/wp-json\/wp\/v2\/types\/page"}],"author":[{"embeddable":true,"href":"https:\/\/seotranslationpro.com\/sv\/wp-json\/wp\/v2\/users\/1"}],"replies":[{"embeddable":true,"href":"https:\/\/seotranslationpro.com\/sv\/wp-json\/wp\/v2\/comments?post=133164"}],"version-history":[{"count":0,"href":"https:\/\/seotranslationpro.com\/sv\/wp-json\/wp\/v2\/pages\/133164\/revisions"}],"wp:attachment":[{"href":"https:\/\/seotranslationpro.com\/sv\/wp-json\/wp\/v2\/media?parent=133164"}],"curies":[{"name":"wp","href":"https:\/\/api.w.org\/{rel}","templated":true}]}}