{"id":133413,"date":"2025-04-14T23:05:00","date_gmt":"2025-04-14T21:05:00","guid":{"rendered":"https:\/\/seotranslationpro.com\/privacy-policy-2\/"},"modified":"2026-02-10T20:49:38","modified_gmt":"2026-02-10T19:49:38","slug":"zasady-ochrany-osobnych-udajov","status":"publish","type":"page","link":"https:\/\/seotranslationpro.com\/sk\/zasady-ochrany-osobnych-udajov\/","title":{"rendered":"Z\u00e1sady ochrany osobn\u00fdch \u00fadajov"},"content":{"rendered":"<h2>Z\u00e1sady ochrany osobn\u00fdch \u00fadajov<\/h2>\n<div class=\"privacy-policy\">\n<h4>1. Preh\u013ead ochrany osobn\u00fdch \u00fadajov<\/h4>\n<p>Tieto Z\u00e1sady ochrany osobn\u00fdch \u00fadajov poskytuj\u00fa preh\u013ead o tom, ako Thilo Beier, Uerdinger Str. 630, 47800 Krefeld, Nemecko (\u201eSEO Translation Pro\u201c, \u201emy\u201c, \u201en\u00e1s\u201c alebo \u201ena\u0161e\u201c) sprac\u00fava osobn\u00e9 \u00fadaje zhroma\u017eden\u00e9 prostredn\u00edctvom webovej str\u00e1nky <a href=\"https:\/\/seotranslationpro.com\/sk\/\">seotranslationpro.com<\/a>. Osobn\u00e9 \u00fadaje s\u00fa ak\u00e9ko\u013evek inform\u00e1cie, ktor\u00e9 \u0165a m\u00f4\u017eu osobne identifikova\u0165.<\/p>\n<h4>2. Zhroma\u017e\u010fovanie \u00fadajov na na\u0161ej webovej str\u00e1nke<\/h4>\n<p>Tvoje \u00fadaje zhroma\u017e\u010fujeme predov\u0161etk\u00fdm priamo od teba (napr. prostredn\u00edctvom kontaktn\u00fdch formul\u00e1rov alebo registr\u00e1cie). Okrem toho sa automaticky zhroma\u017e\u010fuj\u00fa technick\u00e9 \u00fadaje, ako je typ prehliada\u010da, opera\u010dn\u00fd syst\u00e9m a \u010das pr\u00edstupu pri n\u00e1v\u0161teve na\u0161ej webovej str\u00e1nky.<\/p>\n<h4>3. \u00da\u010del zhroma\u017e\u010fovania \u00fadajov<\/h4>\n<p>Zhroma\u017e\u010fujeme \u00fadaje na zabezpe\u010denie funk\u010dnosti webovej str\u00e1nky, anal\u00fdzu spr\u00e1vania pou\u017e\u00edvate\u013eov, spr\u00e1vu vz\u0165ahov so z\u00e1kazn\u00edkmi, spracovanie transakci\u00ed a poskytovanie z\u00e1kazn\u00edckej podpory.<\/p>\n<h4>4. Tvoje pr\u00e1va na ochranu \u00fadajov<\/h4>\n<p>M\u00e1te pr\u00e1vo bezplatne po\u017eiada\u0165 o inform\u00e1cie o p\u00f4vode, pr\u00edjemcoch a \u00fa\u010deloch ulo\u017een\u00fdch osobn\u00fdch \u00fadajov. M\u00e1\u0161 tie\u017e pr\u00e1vo na opravu, obmedzenie, vymazanie alebo namietanie proti spracovaniu tvojich \u00fadajov. M\u00f4\u017ee\u0161 n\u00e1s kedyko\u013evek kontaktova\u0165 prostredn\u00edctvom ni\u017e\u0161ie uveden\u00fdch kontaktn\u00fdch \u00fadajov, aby si uplatnil tieto pr\u00e1va. Okrem toho m\u00e1\u0161 pr\u00e1vo poda\u0165 s\u0165a\u017enos\u0165 pr\u00edslu\u0161n\u00e9mu dozorn\u00e9mu org\u00e1nu.<\/p>\n<h4>5. Analytick\u00e9 n\u00e1stroje a n\u00e1stroje tret\u00edch str\u00e1n<\/h4>\n<p>Tvoje spr\u00e1vanie pri prehliadan\u00ed m\u00f4\u017ee by\u0165 \u0161tatisticky analyzovan\u00e9 pomocou cookies a analytick\u00fdch programov. Tak\u00e1to anal\u00fdza sa zvy\u010dajne vykon\u00e1va anonymne a nemo\u017eno \u0165a s \u0148ou osobne spoji\u0165. M\u00f4\u017ee\u0161 namieta\u0165 alebo zabr\u00e1ni\u0165 tejto anal\u00fdze vyh\u00fdban\u00edm sa ur\u010dit\u00fdm n\u00e1strojom. Podrobnosti s\u00fa uveden\u00e9 v t\u00fdchto Z\u00e1sad\u00e1ch ochrany osobn\u00fdch \u00fadajov.<\/p>\n<h4>6. Bezpe\u010dnos\u0165 \u00fadajov<\/h4>\n<p>Na\u0161a webov\u00e1 str\u00e1nka pou\u017e\u00edva SSL\/TLS \u0161ifrovanie na zabezpe\u010denie a ochranu citliv\u00fdch \u00fadajov pri prenose, vr\u00e1tane platobn\u00fdch \u00fadajov. \u0160ifrovan\u00e9 pripojenia s\u00fa ozna\u010den\u00e9 \u201ehttps:\/\/\u201c a symbolom z\u00e1mku v adresnom riadku tvojho prehliada\u010da.<\/p>\n<h4>7. Cookies<\/h4>\n<p>Pou\u017e\u00edvame cookies na zlep\u0161enie pou\u017eite\u013enosti a v\u00fdkonu webovej str\u00e1nky. Nastavenia cookies m\u00f4\u017ee\u0161 spravova\u0165 prostredn\u00edctvom nastaven\u00ed svojho prehliada\u010da. Vypnutie cookies m\u00f4\u017ee obmedzi\u0165 funk\u010dnos\u0165 webovej str\u00e1nky.<\/p>\n<h4>8. S\u00fabory protokolu servera<\/h4>\n<p>N\u00e1\u0161 poskytovate\u013e hostingu automaticky zhroma\u017e\u010fuje \u00fadaje pren\u00e1\u0161an\u00e9 tvoj\u00edm prehliada\u010dom, vr\u00e1tane typu prehliada\u010da, opera\u010dn\u00e9ho syst\u00e9mu, odkazuj\u00facej URL, n\u00e1zvu hostite\u013ea a IP adresy. Tieto \u00fadaje s\u00fa nevyhnutn\u00e9 na zabezpe\u010denie funk\u010dnosti a bezpe\u010dnosti webovej str\u00e1nky.<\/p>\n<h4>9. Kontaktn\u00fd formul\u00e1r a komunik\u00e1cia<\/h4>\n<p>Ke\u010f n\u00e1s kontaktuje\u0161 prostredn\u00edctvom formul\u00e1rov, e-mailu alebo telef\u00f3nu, tvoje poskytnut\u00e9 \u00fadaje sa ukladaj\u00fa a sprac\u00favaj\u00fa v\u00fdhradne na vybavenie tvojej po\u017eiadavky. Spracovanie \u00fadajov prebieha na z\u00e1klade tvojho s\u00fahlasu, ktor\u00fd m\u00f4\u017ee\u0161 kedyko\u013evek odvola\u0165 kontaktovan\u00edm n\u00e1s.<\/p>\n<h4>10. Registr\u00e1cia na na\u0161ej webovej str\u00e1nke<\/h4>\n<p>M\u00f4\u017ee\u0161 sa zaregistrova\u0165 na na\u0161ej webovej str\u00e1nke pre roz\u0161\u00edren\u00e9 funkcie. Zhroma\u017eden\u00e9 registra\u010dn\u00e9 \u00fadaje sa pou\u017e\u00edvaj\u00fa iba na poskytovanie po\u017eadovan\u00fdch slu\u017eieb. Svoj s\u00fahlas m\u00f4\u017ee\u0161 kedyko\u013evek odvola\u0165.<\/p>\n<h4>11. Analytick\u00e9 a marketingov\u00e9 n\u00e1stroje<\/h4>\n<p>Pou\u017e\u00edvame n\u00e1stroje ako Google Analytics, Google Tag Manager a Microsoft Clarity na anal\u00fdzu a optimaliz\u00e1ciu v\u00fdkonu webovej str\u00e1nky. Tieto n\u00e1stroje pou\u017e\u00edvaj\u00fa cookies a zhroma\u017e\u010fuj\u00fa \u00fadaje o pou\u017e\u00edvan\u00ed, ktor\u00e9 m\u00f4\u017eu by\u0165 pren\u00e1\u0161an\u00e9 a ukladan\u00e9 poskytovate\u013emi tret\u00edch str\u00e1n.<\/p>\n<h4>12. Platobn\u00ed spracovatelia<\/h4>\n<p>Na bezpe\u010dn\u00e9 spracovanie transakci\u00ed vyu\u017e\u00edvame platobn\u00fdch poskytovate\u013eov ako PayPal a Stripe. \u00dadaje poskytnut\u00e9 na spracovanie platieb podliehaj\u00fa pr\u00edslu\u0161n\u00fdm z\u00e1sad\u00e1m ochrany osobn\u00fdch \u00fadajov t\u00fdchto poskytovate\u013eov.<\/p>\n<h4>13. Medzin\u00e1rodn\u00e9 prenosy \u00fadajov<\/h4>\n<p>Prenosy \u00fadajov mimo E\u00da sa vykon\u00e1vaj\u00fa za primeran\u00fdch ochrann\u00fdch opatren\u00ed, ako s\u00fa \u0161tandardn\u00e9 zmluvn\u00e9 dolo\u017eky alebo rozhodnutia o primeranosti.<\/p>\n<h4>14. Zmeny t\u00fdchto Z\u00e1sad ochrany osobn\u00fdch \u00fadajov<\/h4>\n<p>Tieto z\u00e1sady m\u00f4\u017eeme pravidelne aktualizova\u0165. Zmeny bud\u00fa zverejnen\u00e9 tu spolu s upraven\u00fdm d\u00e1tumom \u00fa\u010dinnosti.<\/p>\n<h4>15. Kontaktn\u00e9 inform\u00e1cie<\/h4>\n<p>Ak m\u00e1\u0161 ot\u00e1zky t\u00fdkaj\u00face sa t\u00fdchto Z\u00e1sad ochrany osobn\u00fdch \u00fadajov alebo prakt\u00edk ochrany \u00fadajov, kontaktuj n\u00e1s:<br \/>\nThilo Beier<br \/>\nUerdinger Str. 630<br \/>\n47800 Krefeld, Nemecko<br \/>\nTelef\u00f3n: +49 178 8683167<br \/>\nE-mail: info@seotranslationpro.com<\/p>\n<p>D\u00e1tum \u00fa\u010dinnosti: apr\u00edl 2025<\/p>\n<\/div>\n","protected":false},"excerpt":{"rendered":"<p>Z\u00e1sady ochrany osobn\u00fdch \u00fadajov 1. Preh\u013ead ochrany osobn\u00fdch \u00fadajov Tieto Z\u00e1sady ochrany osobn\u00fdch \u00fadajov poskytuj\u00fa preh\u013ead o tom, ako Thilo Beier, Uerdinger Str. 630, 47800 Krefeld, Nemecko (\u201eSEO Translation Pro\u201c, \u201emy\u201c, \u201en\u00e1s\u201c alebo \u201ena\u0161e\u201c) sprac\u00fava osobn\u00e9 \u00fadaje zhroma\u017eden\u00e9 prostredn\u00edctvom webovej str\u00e1nky seotranslationpro.com. Osobn\u00e9 \u00fadaje s\u00fa ak\u00e9ko\u013evek inform\u00e1cie, ktor\u00e9 \u0165a m\u00f4\u017eu osobne identifikova\u0165. 2. Zhroma\u017e\u010fovanie \u00fadajov [&hellip;]<\/p>\n","protected":false},"author":1,"featured_media":0,"parent":0,"menu_order":0,"comment_status":"closed","ping_status":"open","template":"","meta":{"_seopress_robots_primary_cat":"","_seopress_titles_title":"","_seopress_titles_desc":"","_seopress_robots_index":"yes","_seopress_analysis_target_kw":"","iawp_total_views":9,"footnotes":""},"class_list":["post-133413","page","type-page","status-publish","hentry"],"_links":{"self":[{"href":"https:\/\/seotranslationpro.com\/sk\/wp-json\/wp\/v2\/pages\/133413","targetHints":{"allow":["GET"]}}],"collection":[{"href":"https:\/\/seotranslationpro.com\/sk\/wp-json\/wp\/v2\/pages"}],"about":[{"href":"https:\/\/seotranslationpro.com\/sk\/wp-json\/wp\/v2\/types\/page"}],"author":[{"embeddable":true,"href":"https:\/\/seotranslationpro.com\/sk\/wp-json\/wp\/v2\/users\/1"}],"replies":[{"embeddable":true,"href":"https:\/\/seotranslationpro.com\/sk\/wp-json\/wp\/v2\/comments?post=133413"}],"version-history":[{"count":0,"href":"https:\/\/seotranslationpro.com\/sk\/wp-json\/wp\/v2\/pages\/133413\/revisions"}],"wp:attachment":[{"href":"https:\/\/seotranslationpro.com\/sk\/wp-json\/wp\/v2\/media?parent=133413"}],"curies":[{"name":"wp","href":"https:\/\/api.w.org\/{rel}","templated":true}]}}