{"id":133411,"date":"2025-04-09T09:38:43","date_gmt":"2025-04-09T07:38:43","guid":{"rendered":"https:\/\/seotranslationpro.com\/imprint-3\/"},"modified":"2026-03-15T19:06:48","modified_gmt":"2026-03-15T18:06:48","slug":"impressum","status":"publish","type":"page","link":"https:\/\/seotranslationpro.com\/sk\/impressum\/","title":{"rendered":"Impressum | SEO Translation Pro"},"content":{"rendered":"<h4>Inform\u00e1cie pod\u013ea \u00a7 5 TMG:<\/h4>\n<p>Thilo Beier<br \/>\nUerdinger Str. 630<br \/>\n47800 Krefeld<\/p>\n<p>Telef\u00f3n: 0178 8683167<br \/>\nFax: 03222 3943427<\/p>\n<p>E-mail: <a href=\"mailto:info@seotranslationpro.com\">info@seotranslationpro.com<\/a><\/p>\n<h4>Dane z pridanej hodnoty:<\/h4>\n<p>Identifika\u010dn\u00e9 \u010d\u00edslo pre da\u0148 z pridanej hodnoty pod\u013ea \u00a727 a z\u00e1kona o dani z pridanej hodnoty: DE305919192<\/p>\n<h4>Rie\u0161enie sporov:<\/h4>\n<p>Na\u0161u e-mailov\u00fa adresu n\u00e1jde\u0161 v pr\u00e1vnom upozornen\u00ed vy\u0161\u0161ie.<\/p>\n<p>Nie sme ochotn\u00ed ani povinn\u00ed z\u00fa\u010dastni\u0165 sa konania o rie\u0161en\u00ed sporov pred spotrebite\u013eskou arbitr\u00e1\u017enou komisiou.<\/p>\n<h4>Zodpovednos\u0165 za obsah:<\/h4>\n<p>Ako poskytovate\u013e slu\u017eby sme zodpovedn\u00ed za vlastn\u00fd obsah na t\u00fdchto str\u00e1nkach pod\u013ea \u00a7 7 ods. 1 TMG (Nemeck\u00fd z\u00e1kon o telem\u00e9di\u00e1ch) a v\u0161eobecn\u00fdch pr\u00e1vnych predpisov. Pod\u013ea \u00a7\u00a7 8 a\u017e 10 TMG v\u0161ak ako poskytovate\u013e slu\u017eby nie sme povinn\u00ed monitorova\u0165 pren\u00e1\u0161an\u00e9 alebo ulo\u017een\u00e9 inform\u00e1cie tret\u00edch str\u00e1n ani zis\u0165ova\u0165 okolnosti nazna\u010duj\u00face protipr\u00e1vnu \u010dinnos\u0165.<\/p>\n<p>Povinnosti odstr\u00e1ni\u0165 alebo zablokova\u0165 pou\u017eitie inform\u00e1ci\u00ed pod\u013ea v\u0161eobecn\u00fdch pr\u00e1vnych predpisov t\u00fdm nie s\u00fa dotknut\u00e9. Zodpovednos\u0165 v tomto oh\u013eade v\u0161ak vznik\u00e1 iba od okamihu poznania konkr\u00e9tneho poru\u0161enia. Akon\u00e1hle sa o tak\u00fdchto poru\u0161eniach dozvieme, okam\u017eite tento obsah odstr\u00e1nime.<\/p>\n<h4>Zodpovednos\u0165 za odkazy:<\/h4>\n<p>Na\u0161a webov\u00e1 str\u00e1nka obsahuje odkazy na extern\u00e9 webov\u00e9 str\u00e1nky tret\u00edch str\u00e1n, nad ktor\u00fdch obsahom nem\u00e1me kontrolu. Preto nem\u00f4\u017eeme prevzia\u0165 \u017eiadnu zodpovednos\u0165 za obsah t\u00fdchto tret\u00edch str\u00e1n. Za obsah prepojen\u00fdch str\u00e1nok je v\u017edy zodpovedn\u00fd pr\u00edslu\u0161n\u00fd poskytovate\u013e alebo prev\u00e1dzkovate\u013e str\u00e1nok. Prepojen\u00e9 str\u00e1nky boli v \u010dase prepojenia skontrolovan\u00e9 na mo\u017en\u00e9 pr\u00e1vne poru\u0161enia. Neleg\u00e1lny obsah v \u010dase prepojenia nebol rozpoznate\u013en\u00fd.<\/p>\n<p>Trval\u00e9 monitorovanie obsahu prepojen\u00fdch str\u00e1nok v\u0161ak nie je rozumn\u00e9 bez konkr\u00e9tnych d\u00f4kazov o poru\u0161en\u00ed. Ak sa dozvieme o pr\u00e1vnych poru\u0161eniach, tak\u00e9to odkazy okam\u017eite odstr\u00e1nime.<\/p>\n<h4>Autorsk\u00e9 pr\u00e1va:<\/h4>\n<p>Obsah a diela vytvoren\u00e9 prev\u00e1dzkovate\u013emi str\u00e1nok na t\u00fdchto str\u00e1nkach podliehaj\u00fa nemeck\u00e9mu autorsk\u00e9mu pr\u00e1vu. Kop\u00edrovanie, spracovanie, distrib\u00facia a ak\u00e9ko\u013evek vyu\u017eitie mimo hran\u00edc autorsk\u00e9ho pr\u00e1va vy\u017eaduje p\u00edsomn\u00fd s\u00fahlas pr\u00edslu\u0161n\u00e9ho autora alebo tvorcu. S\u0165ahovanie a kop\u00edrovanie tejto str\u00e1nky je povolen\u00e9 iba na s\u00fakromn\u00e9, nekomer\u010dn\u00e9 pou\u017eitie.<\/p>\n<p>Pokia\u013e obsah na tejto str\u00e1nke nebol vytvoren\u00fd prev\u00e1dzkovate\u013eom, s\u00fa re\u0161pektovan\u00e9 autorsk\u00e9 pr\u00e1va tret\u00edch str\u00e1n. Najm\u00e4 obsah tret\u00edch str\u00e1n je ozna\u010den\u00fd ako tak\u00fd. Ak napriek tomu zist\u00ed\u0161 poru\u0161enie autorsk\u00fdch pr\u00e1v, pros\u00edm, informuj n\u00e1s o tom. Ak sa dozvieme o poru\u0161eniach, okam\u017eite tak\u00fdto obsah odstr\u00e1nime.<\/p>\n","protected":false},"excerpt":{"rendered":"<p>Inform\u00e1cie pod\u013ea \u00a7 5 TMG: Thilo Beier Uerdinger Str. 630 47800 Krefeld Telef\u00f3n: 0178 8683167 Fax: 03222 3943427 E-mail: info@seotranslationpro.com Dane z pridanej hodnoty: Identifika\u010dn\u00e9 \u010d\u00edslo pre da\u0148 z pridanej hodnoty pod\u013ea \u00a727 a z\u00e1kona o dani z pridanej hodnoty: DE305919192 Rie\u0161enie sporov: Na\u0161u e-mailov\u00fa adresu n\u00e1jde\u0161 v pr\u00e1vnom upozornen\u00ed vy\u0161\u0161ie. Nie sme ochotn\u00ed ani [&hellip;]<\/p>\n","protected":false},"author":1,"featured_media":0,"parent":0,"menu_order":0,"comment_status":"closed","ping_status":"open","template":"","meta":{"_seopress_robots_primary_cat":"","_seopress_titles_title":"","_seopress_titles_desc":"","_seopress_robots_index":"","_seopress_analysis_target_kw":"","iawp_total_views":2,"footnotes":""},"class_list":["post-133411","page","type-page","status-publish","hentry"],"_links":{"self":[{"href":"https:\/\/seotranslationpro.com\/sk\/wp-json\/wp\/v2\/pages\/133411","targetHints":{"allow":["GET"]}}],"collection":[{"href":"https:\/\/seotranslationpro.com\/sk\/wp-json\/wp\/v2\/pages"}],"about":[{"href":"https:\/\/seotranslationpro.com\/sk\/wp-json\/wp\/v2\/types\/page"}],"author":[{"embeddable":true,"href":"https:\/\/seotranslationpro.com\/sk\/wp-json\/wp\/v2\/users\/1"}],"replies":[{"embeddable":true,"href":"https:\/\/seotranslationpro.com\/sk\/wp-json\/wp\/v2\/comments?post=133411"}],"version-history":[{"count":0,"href":"https:\/\/seotranslationpro.com\/sk\/wp-json\/wp\/v2\/pages\/133411\/revisions"}],"wp:attachment":[{"href":"https:\/\/seotranslationpro.com\/sk\/wp-json\/wp\/v2\/media?parent=133411"}],"curies":[{"name":"wp","href":"https:\/\/api.w.org\/{rel}","templated":true}]}}