{"id":136213,"date":"2025-04-14T23:05:00","date_gmt":"2025-04-14T21:05:00","guid":{"rendered":"https:\/\/seotranslationpro.com\/privacy-policy-2\/"},"modified":"2026-03-04T20:46:16","modified_gmt":"2026-03-04T19:46:16","slug":"politica-de-confidentialitate","status":"publish","type":"page","link":"https:\/\/seotranslationpro.com\/ro\/politica-de-confidentialitate\/","title":{"rendered":"Politica de confiden\u021bialitate"},"content":{"rendered":"<h2>Politica de Confiden\u021bialitate<\/h2>\n<div class=\"privacy-policy\">\n<h4>1. Prezentare general\u0103 a confiden\u021bialit\u0103\u021bii<\/h4>\n<p>Aceast\u0103 Politic\u0103 de Confiden\u021bialitate ofer\u0103 o prezentare general\u0103 a modului \u00een care Thilo Beier, Uerdinger Str. 630, 47800 Krefeld, Germania (\u201eSEO Translation Pro,\u201d \u201enoi,\u201d \u201ene,\u201d sau \u201enostru\u201d) prelucreaz\u0103 datele personale colectate prin intermediul site-ului <a href=\"https:\/\/seotranslationpro.com\/ro\/\">seotranslationpro.com<\/a>. Datele personale se refer\u0103 la orice informa\u021bie care poate identifica personal utilizatorul.<\/p>\n<h4>2. Colectarea datelor pe site-ul nostru<\/h4>\n<p>Colect\u0103m datele tale \u00een principal prin trimiterea direct\u0103 de c\u0103tre tine (de exemplu, prin formulare de contact sau \u00eenregistrare). \u00cen plus, date tehnice precum tipul browserului, sistemul de operare \u0219i ora acces\u0103rii sunt colectate automat la vizitarea site-ului nostru.<\/p>\n<h4>3. Scopul colect\u0103rii datelor<\/h4>\n<p>Colect\u0103m date pentru a asigura func\u021bionalitatea site-ului, a analiza comportamentul utilizatorilor, a gestiona rela\u021biile cu clien\u021bii, a procesa tranzac\u021bii \u0219i a oferi suport clien\u021bilor.<\/p>\n<h4>4. Drepturile tale privind protec\u021bia datelor<\/h4>\n<p>Ai dreptul s\u0103 solici\u021bi gratuit informa\u021bii despre originea, destinatarii \u0219i scopurile datelor tale personale stocate. De asemenea, ai dreptul s\u0103 corectezi, s\u0103 restric\u021bionezi, s\u0103 \u0219tergi sau s\u0103 te opui prelucr\u0103rii datelor tale. Ne po\u021bi contacta oric\u00e2nd prin intermediul informa\u021biilor de contact de mai jos pentru a-\u021bi exercita aceste drepturi. \u00cen plus, ai dreptul s\u0103 depui pl\u00e2ngeri la autorit\u0103\u021bile de supraveghere competente.<\/p>\n<h4>5. Instrumente de analiz\u0103 \u0219i instrumente ter\u021be<\/h4>\n<p>Comportamentul t\u0103u de navigare poate fi analizat statistic folosind cookie-uri \u0219i programe de analiz\u0103. Astfel de analize au loc de obicei anonim \u0219i nu pot fi urm\u0103rite p\u00e2n\u0103 la tine personal. Te po\u021bi opune sau po\u021bi preveni aceast\u0103 analiz\u0103 evit\u00e2nd anumite instrumente. Detalii suplimentare sunt oferite \u00een aceast\u0103 Politic\u0103 de Confiden\u021bialitate.<\/p>\n<h4>6. Securitatea datelor<\/h4>\n<p>Site-ul nostru utilizeaz\u0103 criptare SSL\/TLS pentru securitate \u0219i pentru a proteja transmisiile de date sensibile, inclusiv detaliile de plat\u0103. Conexiunile criptate sunt indicate prin \u201ehttps:\/\/\u201d \u0219i un simbol de lac\u0103t \u00een bara de adrese a browserului t\u0103u.<\/p>\n<h4>7. Cookie-uri<\/h4>\n<p>Folosim cookie-uri pentru a \u00eembun\u0103t\u0103\u021bi utilizabilitatea \u0219i performan\u021ba site-ului. Po\u021bi gestiona preferin\u021bele privind cookie-urile prin set\u0103rile browserului t\u0103u. Dezactivarea cookie-urilor poate limita func\u021bionalitatea site-ului.<\/p>\n<h4>8. Fi\u0219iere jurnal de server<\/h4>\n<p>Furnizorul nostru de hosting colecteaz\u0103 automat date transmise de browserul t\u0103u, inclusiv tipul browserului, sistemul de operare, URL-ul de referin\u021b\u0103, numele gazdei \u0219i adresa IP. Aceste date sunt necesare pentru asigurarea func\u021bionalit\u0103\u021bii \u0219i securit\u0103\u021bii site-ului.<\/p>\n<h4>9. Formular de contact \u0219i comunicare<\/h4>\n<p>C\u00e2nd ne contactezi prin formulare, email sau telefon, datele furnizate sunt stocate \u0219i prelucrate exclusiv pentru gestionarea solicit\u0103rii tale. Prelucrarea datelor se face pe baza consim\u021b\u0103m\u00e2ntului t\u0103u, pe care \u00eel po\u021bi retrage oric\u00e2nd contact\u00e2ndu-ne.<\/p>\n<h4>10. \u00cenregistrarea pe site-ul nostru<\/h4>\n<p>Te po\u021bi \u00eenregistra pe site-ul nostru pentru func\u021bionalit\u0103\u021bi extinse. Datele colectate la \u00eenregistrare sunt folosite doar pentru furnizarea serviciilor solicitate. Po\u021bi retrage consim\u021b\u0103m\u00e2ntul \u00een orice moment.<\/p>\n<h4>11. Instrumente de analiz\u0103 \u0219i marketing<\/h4>\n<p>Folosim instrumente precum Google Analytics, Google Tag Manager \u0219i Microsoft Clarity pentru a analiza \u0219i optimiza performan\u021ba site-ului. Aceste instrumente folosesc cookie-uri \u0219i colecteaz\u0103 date de utilizare, care pot fi transmise \u0219i stocate de furnizori ter\u021bi.<\/p>\n<h4>12. Procesatori de pl\u0103\u021bi<\/h4>\n<p>Utiliz\u0103m furnizori de servicii de plat\u0103 precum PayPal \u0219i Stripe pentru a gestiona tranzac\u021biile \u00een siguran\u021b\u0103. Datele furnizate pentru procesarea pl\u0103\u021bilor sunt supuse politicilor de confiden\u021bialitate ale furnizorilor respectivi.<\/p>\n<h4>13. Transferuri interna\u021bionale de date<\/h4>\n<p>Transferurile de date \u00een afara UE sunt efectuate sub garan\u021bii adecvate, cum ar fi clauze contractuale standard sau decizii de adecvare.<\/p>\n<h4>14. Modific\u0103ri ale acestei Politici de Confiden\u021bialitate<\/h4>\n<p>Putem actualiza aceast\u0103 politic\u0103 periodic. Modific\u0103rile vor fi publicate aici \u00eempreun\u0103 cu o dat\u0103 revizuit\u0103 de intrare \u00een vigoare.<\/p>\n<h4>15. Informa\u021bii de contact<\/h4>\n<p>Pentru \u00eentreb\u0103ri legate de aceast\u0103 Politic\u0103 de Confiden\u021bialitate sau practicile de protec\u021bie a datelor, te rug\u0103m s\u0103 ne contactezi:<br \/>\nThilo Beier<br \/>\nUerdinger Str. 630<br \/>\n47800 Krefeld, Germania<br \/>\nTelefon: +49 178 8683167<br \/>\nEmail: info@seotranslationpro.com<\/p>\n<p>Data intr\u0103rii \u00een vigoare: aprilie 2025<\/p>\n<\/div>\n","protected":false},"excerpt":{"rendered":"<p>Politica de Confiden\u021bialitate 1. Prezentare general\u0103 a confiden\u021bialit\u0103\u021bii Aceast\u0103 Politic\u0103 de Confiden\u021bialitate ofer\u0103 o prezentare general\u0103 a modului \u00een care Thilo Beier, Uerdinger Str. 630, 47800 Krefeld, Germania (\u201eSEO Translation Pro,\u201d \u201enoi,\u201d \u201ene,\u201d sau \u201enostru\u201d) prelucreaz\u0103 datele personale colectate prin intermediul site-ului seotranslationpro.com. Datele personale se refer\u0103 la orice informa\u021bie care poate identifica personal utilizatorul. [&hellip;]<\/p>\n","protected":false},"author":1,"featured_media":0,"parent":0,"menu_order":0,"comment_status":"closed","ping_status":"open","template":"","meta":{"_seopress_robots_primary_cat":"","_seopress_titles_title":"","_seopress_titles_desc":"","_seopress_robots_index":"yes","_seopress_analysis_target_kw":"","iawp_total_views":9,"footnotes":""},"class_list":["post-136213","page","type-page","status-publish","hentry"],"_links":{"self":[{"href":"https:\/\/seotranslationpro.com\/ro\/wp-json\/wp\/v2\/pages\/136213","targetHints":{"allow":["GET"]}}],"collection":[{"href":"https:\/\/seotranslationpro.com\/ro\/wp-json\/wp\/v2\/pages"}],"about":[{"href":"https:\/\/seotranslationpro.com\/ro\/wp-json\/wp\/v2\/types\/page"}],"author":[{"embeddable":true,"href":"https:\/\/seotranslationpro.com\/ro\/wp-json\/wp\/v2\/users\/1"}],"replies":[{"embeddable":true,"href":"https:\/\/seotranslationpro.com\/ro\/wp-json\/wp\/v2\/comments?post=136213"}],"version-history":[{"count":0,"href":"https:\/\/seotranslationpro.com\/ro\/wp-json\/wp\/v2\/pages\/136213\/revisions"}],"wp:attachment":[{"href":"https:\/\/seotranslationpro.com\/ro\/wp-json\/wp\/v2\/media?parent=136213"}],"curies":[{"name":"wp","href":"https:\/\/api.w.org\/{rel}","templated":true}]}}