{"id":136208,"date":"2025-04-09T09:38:43","date_gmt":"2025-04-09T07:38:43","guid":{"rendered":"https:\/\/seotranslationpro.com\/imprint-3\/"},"modified":"2026-03-15T19:05:59","modified_gmt":"2026-03-15T18:05:59","slug":"imprint","status":"publish","type":"page","link":"https:\/\/seotranslationpro.com\/ro\/imprint\/","title":{"rendered":"Imprint | SEO Translation Pro"},"content":{"rendered":"<h4>Informa\u021bii conform \u00a7 5 TMG:<\/h4>\n<p>Thilo Beier<br \/>\nUerdinger Str. 630<br \/>\n47800 Krefeld<\/p>\n<p>Telefon: 0178 8683167<br \/>\nFax: 03222 3943427<\/p>\n<p>E-mail: <a href=\"mailto:info@seotranslationpro.com\">info@seotranslationpro.com<\/a><\/p>\n<h4>Taxa pe valoare ad\u0103ugat\u0103:<\/h4>\n<p>Num\u0103r de identificare TVA conform \u00a727 a legii privind taxa pe v\u00e2nz\u0103ri: DE305919192<\/p>\n<h4>Rezolvarea litigiilor:<\/h4>\n<p>Po\u021bi g\u0103si adresa noastr\u0103 de e-mail \u00een men\u021biunea legal\u0103 de mai sus.<\/p>\n<p>Nu suntem dispu\u0219i sau obliga\u021bi s\u0103 particip\u0103m la proceduri de solu\u021bionare a litigiilor \u00een fa\u021ba unei comisii de arbitraj pentru consumatori.<\/p>\n<h4>R\u0103spunderea pentru con\u021binut:<\/h4>\n<p>Ca furnizor de servicii, suntem responsabili pentru propriul con\u021binut de pe aceste pagini conform Sec\u021biunii 7 (1) TMG (Legea german\u0103 privind telemedia) \u0219i legisla\u021biei generale. Conform \u00a7\u00a7 8 p\u00e2n\u0103 la 10 TMG, \u00eens\u0103, noi ca furnizor de servicii nu suntem obliga\u021bi s\u0103 monitoriz\u0103m informa\u021biile transmise sau stocate de ter\u021bi sau s\u0103 investig\u0103m circumstan\u021bele care indic\u0103 o activitate ilegal\u0103.<\/p>\n<p>Obliga\u021biile de a elimina sau bloca utilizarea informa\u021biilor conform legisla\u021biei generale r\u0103m\u00e2n neafectate. Totu\u0219i, r\u0103spunderea \u00een acest sens este posibil\u0103 doar din momentul \u00een care avem cuno\u0219tin\u021b\u0103 de o \u00eenc\u0103lcare concret\u0103. De \u00eendat\u0103 ce lu\u0103m cuno\u0219tin\u021b\u0103 de astfel de \u00eenc\u0103lc\u0103ri, vom elimina imediat acest con\u021binut.<\/p>\n<h4>R\u0103spunderea pentru linkuri:<\/h4>\n<p>Site-ul nostru con\u021bine linkuri c\u0103tre site-uri externe ale ter\u021bilor asupra con\u021binutului c\u0103rora nu avem influen\u021b\u0103. Prin urmare, nu putem accepta nicio r\u0103spundere pentru acest con\u021binut al ter\u021bilor. Furnizorul sau operatorul respectiv al paginilor este \u00eentotdeauna responsabil pentru con\u021binutul paginilor linkuite. Pagini linkuite au fost verificate pentru posibile \u00eenc\u0103lc\u0103ri legale \u00een momentul linkuirii. Con\u021binuturi ilegale nu erau recunoscute \u00een momentul linkuirii.<\/p>\n<p>Totu\u0219i, monitorizarea permanent\u0103 a con\u021binutului paginilor linkuite nu este rezonabil\u0103 f\u0103r\u0103 dovezi concrete ale unei \u00eenc\u0103lc\u0103ri. Dac\u0103 lu\u0103m cuno\u0219tin\u021b\u0103 de orice \u00eenc\u0103lc\u0103ri legale, vom elimina imediat astfel de linkuri.<\/p>\n<h4>Drepturi de autor:<\/h4>\n<p>Con\u021binutul \u0219i lucr\u0103rile create de operatorii site-ului pe aceste pagini sunt supuse dreptului de autor german. Duplicarea, prelucrarea, distribuirea \u0219i orice fel de utilizare \u00een afara limitelor dreptului de autor necesit\u0103 consim\u021b\u0103m\u00e2ntul scris al autorului sau creatorului respectiv. Desc\u0103rc\u0103rile \u0219i copiile acestui site sunt permise doar pentru uz privat, necomercial.<\/p>\n<p>\u00cen m\u0103sura \u00een care con\u021binutul de pe acest site nu a fost creat de operator, drepturile de autor ale ter\u021bilor sunt respectate. \u00cen special, con\u021binutul ter\u021bilor este etichetat ca atare. Dac\u0103 totu\u0219i iei cuno\u0219tin\u021b\u0103 de o \u00eenc\u0103lcare a drepturilor de autor, te rug\u0103m s\u0103 ne informezi corespunz\u0103tor. Dac\u0103 lu\u0103m cuno\u0219tin\u021b\u0103 de orice \u00eenc\u0103lc\u0103ri, vom elimina imediat astfel de con\u021binut.<\/p>\n","protected":false},"excerpt":{"rendered":"<p>Informa\u021bii conform \u00a7 5 TMG: Thilo Beier Uerdinger Str. 630 47800 Krefeld Telefon: 0178 8683167 Fax: 03222 3943427 E-mail: info@seotranslationpro.com Taxa pe valoare ad\u0103ugat\u0103: Num\u0103r de identificare TVA conform \u00a727 a legii privind taxa pe v\u00e2nz\u0103ri: DE305919192 Rezolvarea litigiilor: Po\u021bi g\u0103si adresa noastr\u0103 de e-mail \u00een men\u021biunea legal\u0103 de mai sus. Nu suntem dispu\u0219i sau [&hellip;]<\/p>\n","protected":false},"author":1,"featured_media":0,"parent":0,"menu_order":0,"comment_status":"closed","ping_status":"open","template":"","meta":{"_seopress_robots_primary_cat":"","_seopress_titles_title":"","_seopress_titles_desc":"","_seopress_robots_index":"","_seopress_analysis_target_kw":"","iawp_total_views":1,"footnotes":""},"class_list":["post-136208","page","type-page","status-publish","hentry"],"_links":{"self":[{"href":"https:\/\/seotranslationpro.com\/ro\/wp-json\/wp\/v2\/pages\/136208","targetHints":{"allow":["GET"]}}],"collection":[{"href":"https:\/\/seotranslationpro.com\/ro\/wp-json\/wp\/v2\/pages"}],"about":[{"href":"https:\/\/seotranslationpro.com\/ro\/wp-json\/wp\/v2\/types\/page"}],"author":[{"embeddable":true,"href":"https:\/\/seotranslationpro.com\/ro\/wp-json\/wp\/v2\/users\/1"}],"replies":[{"embeddable":true,"href":"https:\/\/seotranslationpro.com\/ro\/wp-json\/wp\/v2\/comments?post=136208"}],"version-history":[{"count":0,"href":"https:\/\/seotranslationpro.com\/ro\/wp-json\/wp\/v2\/pages\/136208\/revisions"}],"wp:attachment":[{"href":"https:\/\/seotranslationpro.com\/ro\/wp-json\/wp\/v2\/media?parent=136208"}],"curies":[{"name":"wp","href":"https:\/\/api.w.org\/{rel}","templated":true}]}}