{"id":98573,"date":"2025-04-16T22:36:39","date_gmt":"2025-04-16T20:36:39","guid":{"rendered":"https:\/\/seotranslationpro.com\/imprint-2-2\/"},"modified":"2026-03-15T19:05:17","modified_gmt":"2026-03-15T18:05:17","slug":"impressao-2","status":"publish","type":"page","link":"https:\/\/seotranslationpro.com\/pt-pt\/impressao-2\/","title":{"rendered":"Impressum"},"content":{"rendered":"<h4>Informa\u00e7\u00e3o de acordo com o \u00a7 5 TMG:<\/h4>\n<p>Thilo Beier<br \/>\nUerdinger Str. 630<br \/>\n47800 Krefeld<\/p>\n<p>Telefone: 0178 8683167<br \/>\nFax: 03222 3943427<\/p>\n<p>E-Mail: <a href=\"mailto:info@seotranslation.com\">info@seotranslation.com<\/a><\/p>\n<h4>IVA:<\/h4>\n<p>N\u00famero de identifica\u00e7\u00e3o para efeitos de IVA de acordo com o \u00a727 a Umsatzsteuergesetz: DE305919192<\/p>\n<h4>Resolu\u00e7\u00e3o de lit\u00edgios:<\/h4>\n<p>A Comiss\u00e3o Europeia disponibiliza uma plataforma para resolu\u00e7\u00e3o de lit\u00edgios online (ODR): <a href=\"https:\/\/ec.europa.eu\/consumers\/odr\">https:\/\/ec.europa.eu\/consumers\/odr<\/a>.<br \/>\nPodes encontrar o nosso endere\u00e7o de e-mail acima no aviso legal.<\/p>\n<p>N\u00e3o estamos dispostos nem obrigados a participar em procedimentos de resolu\u00e7\u00e3o de lit\u00edgios perante um conselho arbitral do consumidor.<\/p>\n<h4>Responsabilidade pelo conte\u00fado:<\/h4>\n<p>Como prestador de servi\u00e7os, somos respons\u00e1veis pelo nosso pr\u00f3prio conte\u00fado nestas p\u00e1ginas de acordo com o \u00a7 7, par\u00e1grafo 1 do TMG sob as leis gerais. De acordo com os \u00a7\u00a7 8 a 10 do TMG, no entanto, n\u00e3o estamos obrigados, enquanto prestadores de servi\u00e7os, a monitorizar informa\u00e7\u00f5es externas transmitidas ou armazenadas nem a investigar circunst\u00e2ncias que indiquem atividade ilegal.<\/p>\n<p>As obriga\u00e7\u00f5es para remover ou bloquear o uso de informa\u00e7\u00f5es ao abrigo das leis gerais permanecem inalteradas. A responsabilidade neste \u00e2mbito s\u00f3 \u00e9 poss\u00edvel a partir do momento em que tivermos conhecimento de uma infra\u00e7\u00e3o espec\u00edfica. Ao tomar conhecimento de tais viola\u00e7\u00f5es legais, removeremos imediatamente esse conte\u00fado.<\/p>\n<h4>Responsabilidade por links:<\/h4>\n<p>A nossa oferta cont\u00e9m links para websites externos de terceiros, sobre cujo conte\u00fado n\u00e3o temos influ\u00eancia. Por isso, n\u00e3o podemos assumir qualquer responsabilidade por esses conte\u00fados externos. O respetivo fornecedor ou operador das p\u00e1ginas \u00e9 sempre respons\u00e1vel pelo conte\u00fado das p\u00e1ginas ligadas. As p\u00e1ginas ligadas foram verificadas quanto a poss\u00edveis viola\u00e7\u00f5es legais no momento da liga\u00e7\u00e3o. Conte\u00fados ilegais n\u00e3o foram reconhec\u00edveis no momento da liga\u00e7\u00e3o.<\/p>\n<p>No entanto, um controlo permanente do conte\u00fado das p\u00e1ginas ligadas n\u00e3o \u00e9 razo\u00e1vel sem ind\u00edcios concretos de uma viola\u00e7\u00e3o legal. Ao tomar conhecimento de viola\u00e7\u00f5es legais, removeremos imediatamente esses links.<\/p>\n<h4>Direitos de autor:<\/h4>\n<p>O conte\u00fado e as obras criadas pelos operadores do site nestas p\u00e1ginas est\u00e3o sujeitos \u00e0 legisla\u00e7\u00e3o alem\u00e3 de direitos de autor. A duplica\u00e7\u00e3o, processamento, distribui\u00e7\u00e3o e qualquer tipo de explora\u00e7\u00e3o fora dos limites do direito de autor requerem o consentimento escrito do respetivo autor ou criador. Downloads e c\u00f3pias deste site s\u00e3o permitidos apenas para uso privado e n\u00e3o comercial.<\/p>\n<p>Na medida em que o conte\u00fado deste site n\u00e3o tenha sido criado pelo operador, os direitos de autor de terceiros s\u00e3o respeitados. Em particular, o conte\u00fado de terceiros \u00e9 identificado como tal. Caso tomes conhecimento de uma viola\u00e7\u00e3o de direitos de autor, por favor informa-nos em conformidade. Ao tomar conhecimento de viola\u00e7\u00f5es legais, removeremos imediatamente esse conte\u00fado.<\/p>\n","protected":false},"excerpt":{"rendered":"<p>Informa\u00e7\u00e3o de acordo com o \u00a7 5 TMG: Thilo Beier Uerdinger Str. 630 47800 Krefeld Telefone: 0178 8683167 Fax: 03222 3943427 E-Mail: info@seotranslation.com IVA: N\u00famero de identifica\u00e7\u00e3o para efeitos de IVA de acordo com o \u00a727 a Umsatzsteuergesetz: DE305919192 Resolu\u00e7\u00e3o de lit\u00edgios: A Comiss\u00e3o Europeia disponibiliza uma plataforma para resolu\u00e7\u00e3o de lit\u00edgios online (ODR): https:\/\/ec.europa.eu\/consumers\/odr. [&hellip;]<\/p>\n","protected":false},"author":1,"featured_media":0,"parent":0,"menu_order":0,"comment_status":"open","ping_status":"open","template":"","meta":{"_seopress_robots_primary_cat":"","_seopress_titles_title":"","_seopress_titles_desc":"","_seopress_robots_index":"","iawp_total_views":0,"footnotes":""},"class_list":["post-98573","page","type-page","status-publish","hentry"],"_links":{"self":[{"href":"https:\/\/seotranslationpro.com\/pt-pt\/wp-json\/wp\/v2\/pages\/98573","targetHints":{"allow":["GET"]}}],"collection":[{"href":"https:\/\/seotranslationpro.com\/pt-pt\/wp-json\/wp\/v2\/pages"}],"about":[{"href":"https:\/\/seotranslationpro.com\/pt-pt\/wp-json\/wp\/v2\/types\/page"}],"author":[{"embeddable":true,"href":"https:\/\/seotranslationpro.com\/pt-pt\/wp-json\/wp\/v2\/users\/1"}],"replies":[{"embeddable":true,"href":"https:\/\/seotranslationpro.com\/pt-pt\/wp-json\/wp\/v2\/comments?post=98573"}],"version-history":[{"count":3,"href":"https:\/\/seotranslationpro.com\/pt-pt\/wp-json\/wp\/v2\/pages\/98573\/revisions"}],"predecessor-version":[{"id":107922,"href":"https:\/\/seotranslationpro.com\/pt-pt\/wp-json\/wp\/v2\/pages\/98573\/revisions\/107922"}],"wp:attachment":[{"href":"https:\/\/seotranslationpro.com\/pt-pt\/wp-json\/wp\/v2\/media?parent=98573"}],"curies":[{"name":"wp","href":"https:\/\/api.w.org\/{rel}","templated":true}]}}