{"id":98108,"date":"2025-04-09T09:38:43","date_gmt":"2025-04-09T07:38:43","guid":{"rendered":"https:\/\/seotranslationpro.com\/imprint-3\/"},"modified":"2026-03-15T12:37:52","modified_gmt":"2026-03-15T11:37:52","slug":"impressum","status":"publish","type":"page","link":"https:\/\/seotranslationpro.com\/pt-pt\/impressum\/","title":{"rendered":"Impress\u00e3o | SEO Translation Pro"},"content":{"rendered":"<h4>Informa\u00e7\u00e3o de acordo com o \u00a7 5 TMG:<\/h4>\n<p>Thilo Beier<br \/>\nUerdinger Str. 630<br \/>\n47800 Krefeld<\/p>\n<p>Telefone: 0178 8683167<br \/>\nFax: 03222 3943427<\/p>\n<p>E-mail: <a href=\"mailto:info@seotranslationpro.com\">info@seotranslationpro.com<\/a><\/p>\n<h4>Imposto sobre o valor acrescentado:<\/h4>\n<p>N\u00famero de identifica\u00e7\u00e3o do imposto sobre vendas de acordo com o \u00a727 a da lei do imposto sobre vendas: DE305919192<\/p>\n<h4>Resolu\u00e7\u00e3o de lit\u00edgios:<\/h4>\n<p>Podes encontrar o nosso endere\u00e7o de e-mail no aviso legal acima.<\/p>\n<p>N\u00e3o estamos dispostos nem obrigados a participar em procedimentos de resolu\u00e7\u00e3o de lit\u00edgios perante um conselho arbitral do consumidor.<\/p>\n<h4>Responsabilidade pelo conte\u00fado:<\/h4>\n<p>Como prestador de servi\u00e7os, somos respons\u00e1veis pelo nosso pr\u00f3prio conte\u00fado nestas p\u00e1ginas de acordo com o artigo 7.\u00ba, n.\u00ba 1 do TMG (Lei Alem\u00e3 de Telemedia) e a legisla\u00e7\u00e3o geral. No entanto, de acordo com os \u00a7\u00a7 8 a 10 do TMG, n\u00e3o somos obrigados, enquanto prestadores de servi\u00e7os, a monitorizar informa\u00e7\u00f5es transmitidas ou armazenadas de terceiros nem a investigar circunst\u00e2ncias que indiquem atividade ilegal.<\/p>\n<p>As obriga\u00e7\u00f5es de remover ou bloquear o uso de informa\u00e7\u00f5es de acordo com a legisla\u00e7\u00e3o geral permanecem inalteradas. No entanto, a responsabilidade neste sentido s\u00f3 \u00e9 poss\u00edvel a partir do momento em que tomamos conhecimento de uma infra\u00e7\u00e3o espec\u00edfica. Assim que tomarmos conhecimento de tais infra\u00e7\u00f5es, removeremos imediatamente esse conte\u00fado.<\/p>\n<h4>Responsabilidade por links:<\/h4>\n<p>O nosso website cont\u00e9m links para websites externos de terceiros sobre cujo conte\u00fado n\u00e3o temos qualquer influ\u00eancia. Portanto, n\u00e3o podemos aceitar qualquer responsabilidade por esse conte\u00fado de terceiros. O respetivo fornecedor ou operador das p\u00e1ginas \u00e9 sempre respons\u00e1vel pelo conte\u00fado das p\u00e1ginas vinculadas. As p\u00e1ginas vinculadas foram verificadas quanto a poss\u00edveis viola\u00e7\u00f5es legais no momento da liga\u00e7\u00e3o. Conte\u00fados ilegais n\u00e3o foram reconhecidos no momento da liga\u00e7\u00e3o.<\/p>\n<p>No entanto, a monitoriza\u00e7\u00e3o permanente do conte\u00fado das p\u00e1ginas vinculadas n\u00e3o \u00e9 razo\u00e1vel sem ind\u00edcios concretos de uma infra\u00e7\u00e3o. Se tomarmos conhecimento de qualquer viola\u00e7\u00e3o legal, removeremos esses links imediatamente.<\/p>\n<h4>Direitos de autor:<\/h4>\n<p>O conte\u00fado e as obras criadas pelos operadores do site nestas p\u00e1ginas est\u00e3o sujeitos \u00e0 lei alem\u00e3 de direitos de autor. A duplica\u00e7\u00e3o, processamento, distribui\u00e7\u00e3o e qualquer tipo de utiliza\u00e7\u00e3o fora dos limites da lei de direitos de autor requerem o consentimento escrito do respetivo autor ou criador. Downloads e c\u00f3pias deste site s\u00e3o permitidos apenas para uso privado e n\u00e3o comercial.<\/p>\n<p>Na medida em que o conte\u00fado deste site n\u00e3o tenha sido criado pelo operador, os direitos de autor de terceiros s\u00e3o respeitados. Em particular, o conte\u00fado de terceiros \u00e9 identificado como tal. Caso tomes conhecimento de uma viola\u00e7\u00e3o de direitos de autor, por favor informa-nos em conformidade. Se tomarmos conhecimento de quaisquer infra\u00e7\u00f5es, removeremos imediatamente esse conte\u00fado.<\/p>\n","protected":false},"excerpt":{"rendered":"<p>Informa\u00e7\u00e3o de acordo com o \u00a7 5 TMG: Thilo Beier Uerdinger Str. 630 47800 Krefeld Telefone: 0178 8683167 Fax: 03222 3943427 E-mail: info@seotranslationpro.com Imposto sobre o valor acrescentado: N\u00famero de identifica\u00e7\u00e3o do imposto sobre vendas de acordo com o \u00a727 a da lei do imposto sobre vendas: DE305919192 Resolu\u00e7\u00e3o de lit\u00edgios: Podes encontrar o nosso [&hellip;]<\/p>\n","protected":false},"author":1,"featured_media":0,"parent":0,"menu_order":0,"comment_status":"closed","ping_status":"open","template":"","meta":{"_seopress_robots_primary_cat":"","_seopress_titles_title":"","_seopress_titles_desc":"","_seopress_robots_index":"","_seopress_analysis_target_kw":"","iawp_total_views":2,"footnotes":""},"class_list":["post-98108","page","type-page","status-publish","hentry"],"_links":{"self":[{"href":"https:\/\/seotranslationpro.com\/pt-pt\/wp-json\/wp\/v2\/pages\/98108","targetHints":{"allow":["GET"]}}],"collection":[{"href":"https:\/\/seotranslationpro.com\/pt-pt\/wp-json\/wp\/v2\/pages"}],"about":[{"href":"https:\/\/seotranslationpro.com\/pt-pt\/wp-json\/wp\/v2\/types\/page"}],"author":[{"embeddable":true,"href":"https:\/\/seotranslationpro.com\/pt-pt\/wp-json\/wp\/v2\/users\/1"}],"replies":[{"embeddable":true,"href":"https:\/\/seotranslationpro.com\/pt-pt\/wp-json\/wp\/v2\/comments?post=98108"}],"version-history":[{"count":3,"href":"https:\/\/seotranslationpro.com\/pt-pt\/wp-json\/wp\/v2\/pages\/98108\/revisions"}],"predecessor-version":[{"id":107519,"href":"https:\/\/seotranslationpro.com\/pt-pt\/wp-json\/wp\/v2\/pages\/98108\/revisions\/107519"}],"wp:attachment":[{"href":"https:\/\/seotranslationpro.com\/pt-pt\/wp-json\/wp\/v2\/media?parent=98108"}],"curies":[{"name":"wp","href":"https:\/\/api.w.org\/{rel}","templated":true}]}}