{"id":30214,"date":"2025-04-16T22:36:39","date_gmt":"2025-04-16T20:36:39","guid":{"rendered":"https:\/\/seotranslationpro.com\/imprint-2-2\/"},"modified":"2026-03-15T19:04:37","modified_gmt":"2026-03-15T18:04:37","slug":"impressum-2","status":"publish","type":"page","link":"https:\/\/seotranslationpro.com\/pl\/impressum-2\/","title":{"rendered":"Impressum"},"content":{"rendered":"<h4>Informacje zgodnie z \u00a7 5 TMG:<\/h4>\n<p>Thilo Beier<br \/>\nUerdinger Str. 630<br \/>\n47800 Krefeld<\/p>\n<p>Telefon: 0178 8683167<br \/>\nFaks: 03222 3943427<\/p>\n<p>E-Mail: <a href=\"mailto:info@seotranslation.com\">info@seotranslation.com<\/a><\/p>\n<h4>VAT:<\/h4>\n<p>Numer identyfikacji podatkowej VAT zgodnie z \u00a727 a Umsatzsteuergesetz: DE305919192<\/p>\n<h4>Rozstrzyganie spor\u00f3w:<\/h4>\n<p>Komisja Europejska udost\u0119pnia platform\u0119 do internetowego rozstrzygania spor\u00f3w (ODR): <a href=\"https:\/\/ec.europa.eu\/consumers\/odr\">https:\/\/ec.europa.eu\/consumers\/odr<\/a>.<br \/>\nNasz adres e-mail znajdziesz powy\u017cej w stopce.<\/p>\n<p>Nie jeste\u015bmy gotowi ani zobowi\u0105zani do udzia\u0142u w post\u0119powaniu rozstrzygaj\u0105cym spory przed konsumenck\u0105 rad\u0105 arbitra\u017cow\u0105.<\/p>\n<h4>Odpowiedzialno\u015b\u0107 za tre\u015b\u0107:<\/h4>\n<p>Jako us\u0142ugodawca jeste\u015bmy odpowiedzialni za w\u0142asne tre\u015bci na tych stronach zgodnie z \u00a7 7 ust.1 TMG na podstawie og\u00f3lnych przepis\u00f3w prawa. Zgodnie z \u00a7\u00a7 8 do 10 TMG nie jeste\u015bmy jednak zobowi\u0105zani jako us\u0142ugodawca do monitorowania przesy\u0142anych lub przechowywanych zewn\u0119trznych informacji ani do badania okoliczno\u015bci wskazuj\u0105cych na dzia\u0142alno\u015b\u0107 niezgodn\u0105 z prawem.<\/p>\n<p>Obowi\u0105zki usuni\u0119cia lub zablokowania wykorzystania informacji na podstawie og\u00f3lnych przepis\u00f3w prawa pozostaj\u0105 nienaruszone. Odpowiedzialno\u015b\u0107 w tym zakresie jest mo\u017cliwa dopiero od momentu uzyskania wiedzy o konkretnym naruszeniu. Po uzyskaniu informacji o takich naruszeniach prawnych niezw\u0142ocznie usuniemy t\u0119 tre\u015b\u0107.<\/p>\n<h4>Odpowiedzialno\u015b\u0107 za linki:<\/h4>\n<p>Nasza oferta zawiera linki do zewn\u0119trznych stron internetowych os\u00f3b trzecich, na kt\u00f3rych tre\u015b\u0107 nie mamy wp\u0142ywu. Dlatego nie mo\u017cemy ponosi\u0107 odpowiedzialno\u015bci za te zewn\u0119trzne tre\u015bci. Za zawarto\u015b\u0107 stron, do kt\u00f3rych prowadz\u0105 linki, zawsze odpowiedzialny jest odpowiedni dostawca lub operator stron. Linkowane strony zosta\u0142y sprawdzone pod k\u0105tem mo\u017cliwych narusze\u0144 prawa w momencie linkowania. Nielegalne tre\u015bci nie by\u0142y rozpoznawalne w momencie linkowania.<\/p>\n<p>Sta\u0142a kontrola tre\u015bci linkowanych stron nie jest jednak rozs\u0105dna bez konkretnych dowod\u00f3w na naruszenie prawa. Po uzyskaniu informacji o naruszeniach prawnych niezw\u0142ocznie usuniemy takie linki.<\/p>\n<h4>Prawa autorskie:<\/h4>\n<p>Tre\u015bci i dzie\u0142a stworzone przez operator\u00f3w stron na tych stronach podlegaj\u0105 niemieckiemu prawu autorskiemu. Powielanie, przetwarzanie, rozpowszechnianie i jakiekolwiek wykorzystanie wykraczaj\u0105ce poza granice prawa autorskiego wymaga pisemnej zgody odpowiedniego autora lub tw\u00f3rcy. Pobieranie i kopiowanie tej strony jest dozwolone wy\u0142\u0105cznie do u\u017cytku prywatnego, niekomercyjnego.<\/p>\n<p>O ile tre\u015bci na tej stronie nie zosta\u0142y stworzone przez operatora, szanowane s\u0105 prawa autorskie os\u00f3b trzecich. W szczeg\u00f3lno\u015bci tre\u015bci os\u00f3b trzecich s\u0105 oznaczone jako takie. Je\u015bli mimo to zauwa\u017cysz naruszenie praw autorskich, prosimy o odpowiedni\u0105 informacj\u0119. Po uzyskaniu informacji o naruszeniach prawnych niezw\u0142ocznie usuniemy takie tre\u015bci.<\/p>\n","protected":false},"excerpt":{"rendered":"<p>Informacje zgodnie z \u00a7 5 TMG: Thilo Beier Uerdinger Str. 630 47800 Krefeld Telefon: 0178 8683167 Faks: 03222 3943427 E-Mail: info@seotranslation.com VAT: Numer identyfikacji podatkowej VAT zgodnie z \u00a727 a Umsatzsteuergesetz: DE305919192 Rozstrzyganie spor\u00f3w: Komisja Europejska udost\u0119pnia platform\u0119 do internetowego rozstrzygania spor\u00f3w (ODR): https:\/\/ec.europa.eu\/consumers\/odr. Nasz adres e-mail znajdziesz powy\u017cej w stopce. Nie jeste\u015bmy gotowi ani [&hellip;]<\/p>\n","protected":false},"author":1,"featured_media":0,"parent":0,"menu_order":0,"comment_status":"open","ping_status":"open","template":"","meta":{"_seopress_robots_primary_cat":"","_seopress_titles_title":"","_seopress_titles_desc":"","_seopress_robots_index":"","iawp_total_views":0,"footnotes":""},"class_list":["post-30214","page","type-page","status-publish","hentry"],"_links":{"self":[{"href":"https:\/\/seotranslationpro.com\/pl\/wp-json\/wp\/v2\/pages\/30214","targetHints":{"allow":["GET"]}}],"collection":[{"href":"https:\/\/seotranslationpro.com\/pl\/wp-json\/wp\/v2\/pages"}],"about":[{"href":"https:\/\/seotranslationpro.com\/pl\/wp-json\/wp\/v2\/types\/page"}],"author":[{"embeddable":true,"href":"https:\/\/seotranslationpro.com\/pl\/wp-json\/wp\/v2\/users\/1"}],"replies":[{"embeddable":true,"href":"https:\/\/seotranslationpro.com\/pl\/wp-json\/wp\/v2\/comments?post=30214"}],"version-history":[{"count":3,"href":"https:\/\/seotranslationpro.com\/pl\/wp-json\/wp\/v2\/pages\/30214\/revisions"}],"predecessor-version":[{"id":31744,"href":"https:\/\/seotranslationpro.com\/pl\/wp-json\/wp\/v2\/pages\/30214\/revisions\/31744"}],"wp:attachment":[{"href":"https:\/\/seotranslationpro.com\/pl\/wp-json\/wp\/v2\/media?parent=30214"}],"curies":[{"name":"wp","href":"https:\/\/api.w.org\/{rel}","templated":true}]}}