{"id":28597,"date":"2025-04-14T23:05:00","date_gmt":"2025-04-14T21:05:00","guid":{"rendered":"https:\/\/seotranslationpro.com\/privacy-policy-2\/"},"modified":"2026-02-09T21:02:22","modified_gmt":"2026-02-09T20:02:22","slug":"polityka-prywatnosci","status":"publish","type":"page","link":"https:\/\/seotranslationpro.com\/pl\/polityka-prywatnosci\/","title":{"rendered":"Polityka prywatno\u015bci"},"content":{"rendered":"<h2>Polityka prywatno\u015bci<\/h2>\n<div class=\"privacy-policy\">\n<h4>1. Przegl\u0105d polityki prywatno\u015bci<\/h4>\n<p>Niniejsza Polityka prywatno\u015bci przedstawia, jak Thilo Beier, Uerdinger Str. 630, 47800 Krefeld, Niemcy (\u201eSEO Translation Pro\u201d, \u201emy\u201d, \u201enas\u201d lub \u201enasz\u201d) przetwarza dane osobowe zbierane za po\u015brednictwem strony internetowej <a href=\"https:\/\/seotranslationpro.com\/pl\/\">seotranslationpro.com<\/a>. Dane osobowe to wszelkie informacje umo\u017cliwiaj\u0105ce identyfikacj\u0119 Twojej osoby.<\/p>\n<h4>2. Zbieranie danych na naszej stronie<\/h4>\n<p>Dane zbieramy g\u0142\u00f3wnie poprzez bezpo\u015brednie ich przes\u0142anie przez Ciebie (np. za pomoc\u0105 formularzy kontaktowych lub rejestracji). Dodatkowo automatycznie zbierane s\u0105 dane techniczne, takie jak typ przegl\u0105darki, system operacyjny oraz czas dost\u0119pu podczas odwiedzania naszej strony.<\/p>\n<h4>3. Cel zbierania danych<\/h4>\n<p>Zbieramy dane, aby zapewni\u0107 funkcjonowanie strony, analizowa\u0107 zachowanie u\u017cytkownik\u00f3w, zarz\u0105dza\u0107 relacjami z klientami, przetwarza\u0107 transakcje oraz \u015bwiadczy\u0107 wsparcie klienta.<\/p>\n<h4>4. Twoje prawa dotycz\u0105ce ochrony danych<\/h4>\n<p>Masz prawo do bezp\u0142atnego uzyskania informacji o pochodzeniu, odbiorcach i celach przetwarzania Twoich przechowywanych danych osobowych. Masz tak\u017ce prawo do poprawiania, ograniczania, usuwania lub sprzeciwu wobec przetwarzania danych. Mo\u017cesz w ka\u017cdej chwili skontaktowa\u0107 si\u0119 z nami za pomoc\u0105 podanych poni\u017cej danych kontaktowych, aby skorzysta\u0107 z tych praw. Ponadto masz prawo sk\u0142ada\u0107 skargi do w\u0142a\u015bciwych organ\u00f3w nadzorczych.<\/p>\n<h4>5. Narz\u0119dzia analityczne i narz\u0119dzia stron trzecich<\/h4>\n<p>Twoje zachowanie podczas przegl\u0105dania mo\u017ce by\u0107 analizowane statystycznie za pomoc\u0105 plik\u00f3w cookie i program\u00f3w analitycznych. Takie analizy zazwyczaj odbywaj\u0105 si\u0119 anonimowo i nie mo\u017cna ich powi\u0105za\u0107 z Twoj\u0105 osob\u0105. Mo\u017cesz sprzeciwi\u0107 si\u0119 lub uniemo\u017cliwi\u0107 t\u0119 analiz\u0119, unikaj\u0105c korzystania z okre\u015blonych narz\u0119dzi. Szczeg\u00f3\u0142y znajduj\u0105 si\u0119 w niniejszej Polityce prywatno\u015bci.<\/p>\n<h4>6. Bezpiecze\u0144stwo danych<\/h4>\n<p>Nasza strona korzysta z szyfrowania SSL\/TLS w celu zabezpieczenia i ochrony przesy\u0142ania wra\u017cliwych danych, w tym danych p\u0142atno\u015bci. Po\u0142\u0105czenia szyfrowane s\u0105 oznaczone w pasku adresu przegl\u0105darki jako \u201ehttps:\/\/\u201d oraz symbolem k\u0142\u00f3dki.<\/p>\n<h4>7. Pliki cookie<\/h4>\n<p>U\u017cywamy plik\u00f3w cookie, aby poprawi\u0107 u\u017cyteczno\u015b\u0107 i wydajno\u015b\u0107 strony. Mo\u017cesz zarz\u0105dza\u0107 preferencjami dotycz\u0105cymi plik\u00f3w cookie w ustawieniach swojej przegl\u0105darki. Wy\u0142\u0105czenie plik\u00f3w cookie mo\u017ce ograniczy\u0107 funkcjonalno\u015b\u0107 strony.<\/p>\n<h4>8. Pliki dziennika serwera<\/h4>\n<p>Nasz dostawca hostingu automatycznie zbiera dane przesy\u0142ane przez Twoj\u0105 przegl\u0105dark\u0119, w tym typ przegl\u0105darki, system operacyjny, adres URL odsy\u0142aj\u0105cy, nazw\u0119 hosta i adres IP. Dane te s\u0105 niezb\u0119dne do zapewnienia funkcjonowania i bezpiecze\u0144stwa strony.<\/p>\n<h4>9. Formularz kontaktowy i komunikacja<\/h4>\n<p>Kontaktuj\u0105c si\u0119 z nami za pomoc\u0105 formularzy, e-maila lub telefonu, podane przez Ciebie dane s\u0105 przechowywane i przetwarzane wy\u0142\u0105cznie w celu obs\u0142ugi Twojego zapytania. Przetwarzanie danych odbywa si\u0119 na podstawie Twojej zgody, kt\u00f3r\u0105 mo\u017cesz w ka\u017cdej chwili cofn\u0105\u0107, kontaktuj\u0105c si\u0119 z nami.<\/p>\n<h4>10. Rejestracja na naszej stronie<\/h4>\n<p>Mo\u017cesz zarejestrowa\u0107 si\u0119 na naszej stronie, aby korzysta\u0107 z rozszerzonych funkcji. Zebrane dane rejestracyjne s\u0105 wykorzystywane wy\u0142\u0105cznie do \u015bwiadczenia zam\u00f3wionych us\u0142ug. Mo\u017cesz w ka\u017cdej chwili cofn\u0105\u0107 swoj\u0105 zgod\u0119.<\/p>\n<h4>11. Narz\u0119dzia analityczne i marketingowe<\/h4>\n<p>Korzystamy z narz\u0119dzi takich jak Google Analytics, Google Tag Manager i Microsoft Clarity do analizy i optymalizacji wydajno\u015bci strony. Narz\u0119dzia te u\u017cywaj\u0105 plik\u00f3w cookie i zbieraj\u0105 dane o u\u017cytkowaniu, kt\u00f3re mog\u0105 by\u0107 przesy\u0142ane i przechowywane przez dostawc\u00f3w zewn\u0119trznych.<\/p>\n<h4>12. Procesory p\u0142atno\u015bci<\/h4>\n<p>Do obs\u0142ugi transakcji korzystamy z dostawc\u00f3w us\u0142ug p\u0142atniczych, takich jak PayPal i Stripe. Dane podane w celu realizacji p\u0142atno\u015bci podlegaj\u0105 politykom prywatno\u015bci tych dostawc\u00f3w.<\/p>\n<h4>13. Mi\u0119dzynarodowe transfery danych<\/h4>\n<p>Transfery danych poza UE odbywaj\u0105 si\u0119 na podstawie odpowiednich zabezpiecze\u0144, takich jak standardowe klauzule umowne lub decyzje o adekwatno\u015bci.<\/p>\n<h4>14. Zmiany w Polityce prywatno\u015bci<\/h4>\n<p>Polityka ta mo\u017ce by\u0107 okresowo aktualizowana. Zmiany b\u0119d\u0105 publikowane tutaj wraz z now\u0105 dat\u0105 wej\u015bcia w \u017cycie.<\/p>\n<h4>15. Dane kontaktowe<\/h4>\n<p>W przypadku pyta\u0144 dotycz\u0105cych Polityki prywatno\u015bci lub praktyk ochrony danych, prosimy o kontakt:<br \/>\nThilo Beier<br \/>\nUerdinger Str. 630<br \/>\n47800 Krefeld, Niemcy<br \/>\nTelefon: +49 178 8683167<br \/>\nE-mail: info@seotranslationpro.com<\/p>\n<p>Data wej\u015bcia w \u017cycie: kwiecie\u0144 2025<\/p>\n<\/div>\n","protected":false},"excerpt":{"rendered":"<p>Polityka prywatno\u015bci 1. Przegl\u0105d polityki prywatno\u015bci Niniejsza Polityka prywatno\u015bci przedstawia, jak Thilo Beier, Uerdinger Str. 630, 47800 Krefeld, Niemcy (\u201eSEO Translation Pro\u201d, \u201emy\u201d, \u201enas\u201d lub \u201enasz\u201d) przetwarza dane osobowe zbierane za po\u015brednictwem strony internetowej seotranslationpro.com. Dane osobowe to wszelkie informacje umo\u017cliwiaj\u0105ce identyfikacj\u0119 Twojej osoby. 2. Zbieranie danych na naszej stronie Dane zbieramy g\u0142\u00f3wnie poprzez bezpo\u015brednie [&hellip;]<\/p>\n","protected":false},"author":1,"featured_media":0,"parent":0,"menu_order":0,"comment_status":"closed","ping_status":"open","template":"","meta":{"_seopress_robots_primary_cat":"","_seopress_titles_title":"","_seopress_titles_desc":"","_seopress_robots_index":"yes","_seopress_analysis_target_kw":"","iawp_total_views":9,"footnotes":""},"class_list":["post-28597","page","type-page","status-publish","hentry"],"_links":{"self":[{"href":"https:\/\/seotranslationpro.com\/pl\/wp-json\/wp\/v2\/pages\/28597","targetHints":{"allow":["GET"]}}],"collection":[{"href":"https:\/\/seotranslationpro.com\/pl\/wp-json\/wp\/v2\/pages"}],"about":[{"href":"https:\/\/seotranslationpro.com\/pl\/wp-json\/wp\/v2\/types\/page"}],"author":[{"embeddable":true,"href":"https:\/\/seotranslationpro.com\/pl\/wp-json\/wp\/v2\/users\/1"}],"replies":[{"embeddable":true,"href":"https:\/\/seotranslationpro.com\/pl\/wp-json\/wp\/v2\/comments?post=28597"}],"version-history":[{"count":6,"href":"https:\/\/seotranslationpro.com\/pl\/wp-json\/wp\/v2\/pages\/28597\/revisions"}],"predecessor-version":[{"id":31742,"href":"https:\/\/seotranslationpro.com\/pl\/wp-json\/wp\/v2\/pages\/28597\/revisions\/31742"}],"wp:attachment":[{"href":"https:\/\/seotranslationpro.com\/pl\/wp-json\/wp\/v2\/media?parent=28597"}],"curies":[{"name":"wp","href":"https:\/\/api.w.org\/{rel}","templated":true}]}}