{"id":28594,"date":"2025-04-09T09:38:43","date_gmt":"2025-04-09T07:38:43","guid":{"rendered":"https:\/\/seotranslationpro.com\/imprint-3\/"},"modified":"2026-03-15T19:04:28","modified_gmt":"2026-03-15T18:04:28","slug":"impressum","status":"publish","type":"page","link":"https:\/\/seotranslationpro.com\/pl\/impressum\/","title":{"rendered":"Impressum | SEO Translation Pro"},"content":{"rendered":"<h4>Informacje zgodnie z \u00a7 5 TMG:<\/h4>\n<p>Thilo Beier<br \/>\nUerdinger Str. 630<br \/>\n47800 Krefeld<\/p>\n<p>Telefon: 0178 8683167<br \/>\nFaks: 03222 3943427<\/p>\n<p>E-mail: <a href=\"mailto:info@seotranslationpro.com\">info@seotranslationpro.com<\/a><\/p>\n<h4>Podatek VAT:<\/h4>\n<p>Numer identyfikacji podatkowej zgodnie z \u00a727 a ustawy o podatku od towar\u00f3w i us\u0142ug: DE305919192<\/p>\n<h4>Rozstrzyganie spor\u00f3w:<\/h4>\n<p>Nasz adres e-mail znajdziesz w powy\u017cszym prawnie wymaganym o\u015bwiadczeniu.<\/p>\n<p>Nie jeste\u015bmy gotowi ani zobowi\u0105zani do udzia\u0142u w post\u0119powaniu rozstrzygania spor\u00f3w przed konsumenck\u0105 komisj\u0105 arbitra\u017cow\u0105.<\/p>\n<h4>Odpowiedzialno\u015b\u0107 za tre\u015b\u0107:<\/h4>\n<p>Jako us\u0142ugodawca jeste\u015bmy odpowiedzialni za w\u0142asne tre\u015bci na tych stronach zgodnie z \u00a7 7 ust. 1 TMG (niemiecka ustawa o telemediach) oraz og\u00f3lnym prawem. Zgodnie z \u00a7\u00a7 8 do 10 TMG nie jeste\u015bmy jednak zobowi\u0105zani jako us\u0142ugodawca do monitorowania przekazywanych lub przechowywanych informacji os\u00f3b trzecich ani do badania okoliczno\u015bci wskazuj\u0105cych na dzia\u0142alno\u015b\u0107 niezgodn\u0105 z prawem.<\/p>\n<p>Obowi\u0105zki usuni\u0119cia lub zablokowania korzystania z informacji zgodnie z og\u00f3lnym prawem pozostaj\u0105 nienaruszone. Odpowiedzialno\u015b\u0107 w tym zakresie jest jednak mo\u017cliwa dopiero od momentu uzyskania wiedzy o konkretnym naruszeniu. Gdy tylko dowiemy si\u0119 o takich naruszeniach, niezw\u0142ocznie usuniemy te tre\u015bci.<\/p>\n<h4>Odpowiedzialno\u015b\u0107 za linki:<\/h4>\n<p>Nasza strona zawiera linki do zewn\u0119trznych stron os\u00f3b trzecich, na kt\u00f3rych tre\u015b\u0107 nie mamy wp\u0142ywu. Dlatego nie mo\u017cemy ponosi\u0107 odpowiedzialno\u015bci za tre\u015bci tych stron os\u00f3b trzecich. Za zawarto\u015b\u0107 stron podlinkowanych zawsze odpowiada odpowiedni dostawca lub operator stron. Podlinkowane strony zosta\u0142y sprawdzone pod k\u0105tem mo\u017cliwych narusze\u0144 prawa w momencie linkowania. Nielegalne tre\u015bci nie by\u0142y rozpoznawalne w momencie linkowania.<\/p>\n<p>Jednak sta\u0142e monitorowanie tre\u015bci podlinkowanych stron nie jest rozs\u0105dne bez konkretnych dowod\u00f3w naruszenia. Je\u015bli dowiemy si\u0119 o naruszeniach prawa, niezw\u0142ocznie usuniemy takie linki.<\/p>\n<h4>Prawa autorskie:<\/h4>\n<p>Tre\u015bci i dzie\u0142a stworzone przez operator\u00f3w strony na tych stronach podlegaj\u0105 niemieckiemu prawu autorskiemu. Powielanie, przetwarzanie, rozpowszechnianie i jakiekolwiek wykorzystanie wykraczaj\u0105ce poza granice prawa autorskiego wymaga pisemnej zgody odpowiedniego autora lub tw\u00f3rcy. Pobieranie i kopiowanie tej strony jest dozwolone wy\u0142\u0105cznie do u\u017cytku prywatnego, niekomercyjnego.<\/p>\n<p>O ile tre\u015bci na tej stronie nie zosta\u0142y stworzone przez operatora, przestrzegane s\u0105 prawa autorskie os\u00f3b trzecich. W szczeg\u00f3lno\u015bci tre\u015bci os\u00f3b trzecich s\u0105 odpowiednio oznaczone. Je\u015bli mimo to zauwa\u017cysz naruszenie praw autorskich, prosimy o odpowiednie poinformowanie nas. Gdy dowiemy si\u0119 o naruszeniach, niezw\u0142ocznie usuniemy takie tre\u015bci.<\/p>\n","protected":false},"excerpt":{"rendered":"<p>Informacje zgodnie z \u00a7 5 TMG: Thilo Beier Uerdinger Str. 630 47800 Krefeld Telefon: 0178 8683167 Faks: 03222 3943427 E-mail: info@seotranslationpro.com Podatek VAT: Numer identyfikacji podatkowej zgodnie z \u00a727 a ustawy o podatku od towar\u00f3w i us\u0142ug: DE305919192 Rozstrzyganie spor\u00f3w: Nasz adres e-mail znajdziesz w powy\u017cszym prawnie wymaganym o\u015bwiadczeniu. Nie jeste\u015bmy gotowi ani zobowi\u0105zani do [&hellip;]<\/p>\n","protected":false},"author":1,"featured_media":0,"parent":0,"menu_order":0,"comment_status":"closed","ping_status":"open","template":"","meta":{"_seopress_robots_primary_cat":"","_seopress_titles_title":"","_seopress_titles_desc":"","_seopress_robots_index":"","_seopress_analysis_target_kw":"","iawp_total_views":1,"footnotes":""},"class_list":["post-28594","page","type-page","status-publish","hentry"],"_links":{"self":[{"href":"https:\/\/seotranslationpro.com\/pl\/wp-json\/wp\/v2\/pages\/28594","targetHints":{"allow":["GET"]}}],"collection":[{"href":"https:\/\/seotranslationpro.com\/pl\/wp-json\/wp\/v2\/pages"}],"about":[{"href":"https:\/\/seotranslationpro.com\/pl\/wp-json\/wp\/v2\/types\/page"}],"author":[{"embeddable":true,"href":"https:\/\/seotranslationpro.com\/pl\/wp-json\/wp\/v2\/users\/1"}],"replies":[{"embeddable":true,"href":"https:\/\/seotranslationpro.com\/pl\/wp-json\/wp\/v2\/comments?post=28594"}],"version-history":[{"count":5,"href":"https:\/\/seotranslationpro.com\/pl\/wp-json\/wp\/v2\/pages\/28594\/revisions"}],"predecessor-version":[{"id":31343,"href":"https:\/\/seotranslationpro.com\/pl\/wp-json\/wp\/v2\/pages\/28594\/revisions\/31343"}],"wp:attachment":[{"href":"https:\/\/seotranslationpro.com\/pl\/wp-json\/wp\/v2\/media?parent=28594"}],"curies":[{"name":"wp","href":"https:\/\/api.w.org\/{rel}","templated":true}]}}