{"id":172770,"date":"2026-02-16T15:39:20","date_gmt":"2026-02-16T14:39:20","guid":{"rendered":"https:\/\/seotranslationpro.com\/shopify-products-from-sitemap-extractor-2\/"},"modified":"2026-03-15T12:33:30","modified_gmt":"2026-03-15T11:33:30","slug":"shopify-produkti-no-vietnes-kartes-ekstraktora","status":"publish","type":"page","link":"https:\/\/seotranslationpro.com\/lv\/shopify-produkti-no-vietnes-kartes-ekstraktora\/","title":{"rendered":"Shopify produkti no Sitemap Extractor"},"content":{"rendered":"\t\t<div data-elementor-type=\"wp-page\" data-elementor-id=\"172770\" class=\"elementor elementor-172770 elementor-135082\" data-elementor-post-type=\"page\">\n\t\t\t\t<div class=\"elementor-element elementor-element-79720ae5 e-flex e-con-boxed e-con e-parent\" data-id=\"79720ae5\" data-element_type=\"container\" data-e-type=\"container\" data-settings=\"{&quot;background_background&quot;:&quot;classic&quot;}\">\n\t\t\t\t\t<div class=\"e-con-inner\">\n\t\t<div class=\"elementor-element elementor-element-19ac8536 e-flex e-con-boxed e-con e-child\" data-id=\"19ac8536\" data-element_type=\"container\" data-e-type=\"container\">\n\t\t\t\t\t<div class=\"e-con-inner\">\n\t\t\t\t<div class=\"elementor-element elementor-element-2fb06588 animated-slow elementor-invisible elementor-widget elementor-widget-heading\" data-id=\"2fb06588\" data-element_type=\"widget\" data-e-type=\"widget\" data-settings=\"{&quot;_animation&quot;:&quot;fadeInDown&quot;}\" data-widget_type=\"heading.default\">\n\t\t\t\t<div class=\"elementor-widget-container\">\n\t\t\t\t\t<h1 class=\"elementor-heading-title elementor-size-default\">Shopify produkti no vietnes kartes - izvilk\u0161anas r\u012bks<\/h1>\t\t\t\t<\/div>\n\t\t\t\t<\/div>\n\t\t\t\t<div class=\"elementor-element elementor-element-155a21f9 elementor-invisible elementor-widget elementor-widget-heading\" data-id=\"155a21f9\" data-element_type=\"widget\" data-e-type=\"widget\" data-settings=\"{&quot;_animation&quot;:&quot;fadeInDown&quot;}\" data-widget_type=\"heading.default\">\n\t\t\t\t<div class=\"elementor-widget-container\">\n\t\t\t\t\t<h4 class=\"elementor-heading-title elementor-size-default\">asdf<\/h4>\t\t\t\t<\/div>\n\t\t\t\t<\/div>\n\t\t\t\t<div class=\"elementor-element elementor-element-66ae6f94 elementor-widget-divider--view-line elementor-invisible elementor-widget elementor-widget-divider\" data-id=\"66ae6f94\" data-element_type=\"widget\" data-e-type=\"widget\" data-settings=\"{&quot;_animation&quot;:&quot;slideInLeft&quot;}\" data-widget_type=\"divider.default\">\n\t\t\t\t<div class=\"elementor-widget-container\">\n\t\t\t\t\t\t\t<div class=\"elementor-divider\">\n\t\t\t<span class=\"elementor-divider-separator\">\n\t\t\t\t\t\t<\/span>\n\t\t<\/div>\n\t\t\t\t\t\t<\/div>\n\t\t\t\t<\/div>\n\t\t\t\t<div class=\"elementor-element elementor-element-461e348 elementor-icon-list--layout-inline elementor-align-center elementor-list-item-link-full_width elementor-invisible elementor-widget elementor-widget-icon-list\" data-id=\"461e348\" data-element_type=\"widget\" data-e-type=\"widget\" data-settings=\"{&quot;_animation&quot;:&quot;fadeInDown&quot;,&quot;_animation_delay&quot;:300}\" data-widget_type=\"icon-list.default\">\n\t\t\t\t<div class=\"elementor-widget-container\">\n\t\t\t\t\t\t\t<ul class=\"elementor-icon-list-items elementor-inline-items\">\n\t\t\t\t\t\t\t<li class=\"elementor-icon-list-item elementor-inline-item\">\n\t\t\t\t\t\t\t\t\t\t\t<a href=\"\/lv\/\">\n\n\t\t\t\t\t\t\t\t\t\t\t<span class=\"elementor-icon-list-text\">S\u0101kums<\/span>\n\t\t\t\t\t\t\t\t\t\t\t<\/a>\n\t\t\t\t\t\t\t\t\t<\/li>\n\t\t\t\t\t\t\t\t<li class=\"elementor-icon-list-item elementor-inline-item\">\n\t\t\t\t\t\t\t\t\t\t\t<a href=\"\/lv\/sazinies\/\">\n\n\t\t\t\t\t\t\t\t\t\t\t\t<span class=\"elementor-icon-list-icon\">\n\t\t\t\t\t\t\t<i aria-hidden=\"true\" class=\"mdi mdi-chevron-double-right\"><\/i>\t\t\t\t\t\t<\/span>\n\t\t\t\t\t\t\t\t\t\t<span class=\"elementor-icon-list-text\">Kontakts<\/span>\n\t\t\t\t\t\t\t\t\t\t\t<\/a>\n\t\t\t\t\t\t\t\t\t<\/li>\n\t\t\t\t\t\t<\/ul>\n\t\t\t\t\t\t<\/div>\n\t\t\t\t<\/div>\n\t\t\t\t\t<\/div>\n\t\t\t\t<\/div>\n\t\t\t\t\t<\/div>\n\t\t\t\t<\/div>\n\t\t<div class=\"elementor-element elementor-element-c72e5b3 e-flex e-con-boxed e-con e-parent\" data-id=\"c72e5b3\" data-element_type=\"container\" data-e-type=\"container\">\n\t\t\t\t\t<div class=\"e-con-inner\">\n\t\t\t\t<div class=\"elementor-element elementor-element-a3515e5 elementor-widget elementor-widget-shortcode\" data-id=\"a3515e5\" data-element_type=\"widget\" data-e-type=\"widget\" data-widget_type=\"shortcode.default\">\n\t\t\t\t<div class=\"elementor-widget-container\">\n\t\t\t\t\t\t\t<div class=\"elementor-shortcode\">        <div class=\"gse-frontend-container\">\n            \n            <!-- Main Form Card -->\n            <div class=\"gse-frontend-card gse-frontend-main-card\">\n                <div class=\"gse-frontend-card-header\">\n                    <h2>Produktnamen aus Sitemap extrahieren<\/h2>\n                                        <p>Geben Sie eine Shopify-Domain ein, um alle Produktnamen zu extrahieren.<\/p>\n                                    <\/div>\n                \n                <div class=\"gse-frontend-card-body\">\n                    <form id=\"gse-frontend-form\" class=\"gse-frontend-form\">\n                        <div class=\"gse-frontend-form-group\">\n                            <label for=\"gse-frontend-domain\">\n                                Shopify-Domain                                <span class=\"gse-frontend-required\">*<\/span>\n                            <\/label>\n                            <input \n                                type=\"text\" \n                                id=\"gse-frontend-domain\" \n                                name=\"domain\" \n                                class=\"gse-frontend-input\" \n                                placeholder=\"https:\/\/www.beispiel.com\" \n                                required\n                            >\n                            <small class=\"gse-frontend-help-text\">\n                                Beispiel: https:\/\/www.canapuff.com                            <\/small>\n                        <\/div>\n                        \n                        <div class=\"gse-frontend-form-actions\">\n                            <button type=\"submit\" class=\"gse-frontend-button gse-frontend-button-primary gse-frontend-button-large\" id=\"gse-frontend-extract-btn\">\n                                <span class=\"gse-frontend-icon\">\u2193<\/span>\n                                Sitemap extrahieren                            <\/button>\n                        <\/div>\n                    <\/form>\n                <\/div>\n            <\/div>\n            \n            <!-- Progress Card (hidden by default) -->\n            <div class=\"gse-frontend-card gse-frontend-progress-card\" id=\"gse-frontend-progress-card\" style=\"display: none;\">\n                <div class=\"gse-frontend-card-header\">\n                    <h3>Fortschritt<\/h3>\n                <\/div>\n                \n                <div class=\"gse-frontend-card-body\">\n                    <div class=\"gse-frontend-progress-bar-container\">\n                        <div class=\"gse-frontend-progress-bar\" id=\"gse-frontend-progress-bar\"><\/div>\n                    <\/div>\n                    \n                    <div class=\"gse-frontend-status-message\" id=\"gse-frontend-status-message\">\n                        Initialisiere...                    <\/div>\n                    \n                    <div class=\"gse-frontend-log-container\" id=\"gse-frontend-log-container\">\n                        <h4>Details<\/h4>\n                        <div class=\"gse-frontend-log\" id=\"gse-frontend-log\"><\/div>\n                    <\/div>\n                <\/div>\n            <\/div>\n            \n            <!-- Result Card (hidden by default) -->\n            <div class=\"gse-frontend-card gse-frontend-result-card\" id=\"gse-frontend-result-card\" style=\"display: none;\">\n                <div class=\"gse-frontend-card-body\">\n                    <div class=\"gse-frontend-result-success\" id=\"gse-frontend-result-success\" style=\"display: none;\">\n                        <div class=\"gse-frontend-success-icon\">\u2713<\/div>\n                        <h3>Erfolgreich abgeschlossen!<\/h3>\n                        <p class=\"gse-frontend-result-stats\">\n                            <strong id=\"gse-frontend-result-count\">0<\/strong> \n                            Produktnamen extrahiert                        <\/p>\n                        <div class=\"gse-frontend-result-actions\">\n                            <a href=\"#\" class=\"gse-frontend-button gse-frontend-button-primary gse-frontend-button-large\" id=\"gse-frontend-download-btn\">\n                                <span class=\"gse-frontend-icon\">\u2193<\/span>\n                                CSV herunterladen                            <\/a>\n                            <button type=\"button\" class=\"gse-frontend-button gse-frontend-button-secondary gse-frontend-button-large\" id=\"gse-frontend-new-extraction-btn\">\n                                <span class=\"gse-frontend-icon\">\u21bb<\/span>\n                                Neue Extraktion                            <\/button>\n                        <\/div>\n                    <\/div>\n                    \n                    <div class=\"gse-frontend-result-error\" id=\"gse-frontend-result-error\" style=\"display: none;\">\n                        <div class=\"gse-frontend-error-icon\">\u26a0<\/div>\n                        <h3>Fehler aufgetreten<\/h3>\n                        <p class=\"gse-frontend-error-message\" id=\"gse-frontend-error-message\"><\/p>\n                        <button type=\"button\" class=\"gse-frontend-button gse-frontend-button-secondary\" id=\"gse-frontend-retry-btn\">\n                            <span class=\"gse-frontend-icon\">\u21bb<\/span>\n                            Erneut versuchen                        <\/button>\n                    <\/div>\n                <\/div>\n            <\/div>\n            \n                        <!-- Help Card -->\n            <div class=\"gse-frontend-card gse-frontend-help-card\">\n                <div class=\"gse-frontend-card-header\">\n                    <h3>Wie funktioniert es?<\/h3>\n                <\/div>\n                <div class=\"gse-frontend-card-body\">\n                    <ol class=\"gse-frontend-help-list\">\n                        <li>Geben Sie die URL eines Shopify-Shops ein<\/li>\n                        <li>Klicken Sie auf \"Sitemap extrahieren\"<\/li>\n                        <li>Warten Sie, bis die Extraktion abgeschlossen ist<\/li>\n                        <li>Laden Sie die CSV-Datei mit allen Produktnamen herunter<\/li>\n                    <\/ol>\n                <\/div>\n            <\/div>\n                        \n        <\/div>\n        <\/div>\n\t\t\t\t\t\t<\/div>\n\t\t\t\t<\/div>\n\t\t\t\t\t<\/div>\n\t\t\t\t<\/div>\n\t\t\t\t<\/div>\n\t\t","protected":false},"excerpt":{"rendered":"<p>Shopify Products from Sitemap &#8211; Extractor asdf Home Kontakt<\/p>\n","protected":false},"author":17,"featured_media":0,"parent":0,"menu_order":0,"comment_status":"closed","ping_status":"open","template":"elementor_header_footer","meta":{"_seopress_robots_primary_cat":"","_seopress_titles_title":"","_seopress_titles_desc":"Aug\u0161upiel\u0101d\u0113 savu Shopify valodu eksportu, uzzini t\u016bl\u012bt\u0113j\u0101s tulko\u0161anas izmaksas un sa\u0146em bezmaksas vieglu CSV failu lejupiel\u0101dei.","_seopress_robots_index":"","iawp_total_views":227,"footnotes":""},"class_list":["post-172770","page","type-page","status-publish","hentry"],"_links":{"self":[{"href":"https:\/\/seotranslationpro.com\/lv\/wp-json\/wp\/v2\/pages\/172770","targetHints":{"allow":["GET"]}}],"collection":[{"href":"https:\/\/seotranslationpro.com\/lv\/wp-json\/wp\/v2\/pages"}],"about":[{"href":"https:\/\/seotranslationpro.com\/lv\/wp-json\/wp\/v2\/types\/page"}],"author":[{"embeddable":true,"href":"https:\/\/seotranslationpro.com\/lv\/wp-json\/wp\/v2\/users\/17"}],"replies":[{"embeddable":true,"href":"https:\/\/seotranslationpro.com\/lv\/wp-json\/wp\/v2\/comments?post=172770"}],"version-history":[{"count":0,"href":"https:\/\/seotranslationpro.com\/lv\/wp-json\/wp\/v2\/pages\/172770\/revisions"}],"wp:attachment":[{"href":"https:\/\/seotranslationpro.com\/lv\/wp-json\/wp\/v2\/media?parent=172770"}],"curies":[{"name":"wp","href":"https:\/\/api.w.org\/{rel}","templated":true}]}}