{"id":133325,"date":"2025-04-16T22:36:39","date_gmt":"2025-04-16T20:36:39","guid":{"rendered":"https:\/\/seotranslationpro.com\/imprint-2-2\/"},"modified":"2026-02-11T00:02:28","modified_gmt":"2026-02-10T23:02:28","slug":"impressum-2","status":"publish","type":"page","link":"https:\/\/seotranslationpro.com\/lv\/impressum-2\/","title":{"rendered":"Impressums"},"content":{"rendered":"<h4>Inform\u0101cija saska\u0146\u0101 ar \u00a7 5 TMG:<\/h4>\n<p>Thilo Beier<br \/>\nUerdinger Str. 630<br \/>\n47800 Krefeld<\/p>\n<p>T\u0101lrunis: 0178 8683167<br \/>\nFakss: 03222 3943427<\/p>\n<p>E-pasts: <a href=\"mailto:info@seotranslation.com\">info@seotranslation.com<\/a><\/p>\n<h4>PVN:<\/h4>\n<p>PVN identifik\u0101cijas numurs saska\u0146\u0101 ar \u00a727 a Umsatzsteuergesetz: DE305919192<\/p>\n<h4>Str\u012bdu iz\u0161\u0137ir\u0161ana:<\/h4>\n<p>Eiropas Komisija nodro\u0161ina tie\u0161saistes str\u012bdu iz\u0161\u0137ir\u0161anas platformu (ODR): <a href=\"https:\/\/ec.europa.eu\/consumers\/odr\">https:\/\/ec.europa.eu\/consumers\/odr<\/a>.<br \/>\nM\u016bsu e-pasta adresi vari atrast augst\u0101k nosaukum\u0101.<\/p>\n<p>M\u0113s neesam gatavi vai pien\u0101kums piedal\u012bties str\u012bdu iz\u0161\u0137ir\u0161anas procesos pie pat\u0113r\u0113t\u0101ju arbitr\u0101\u017eas padomes.<\/p>\n<h4>Atbild\u012bba par saturu:<\/h4>\n<p>K\u0101 pakalpojumu sniedz\u0113js m\u0113s esam atbild\u012bgi par savu saturu \u0161aj\u0101s lap\u0101s saska\u0146\u0101 ar \u00a7 7 panta 1. punktu TMG visp\u0101r\u0113jo likumu ietvaros. Tom\u0113r saska\u0146\u0101 ar \u00a7\u00a7 8 l\u012bdz 10 TMG m\u0113s k\u0101 pakalpojumu sniedz\u0113js neesam pien\u0101kum\u0101 uzraudz\u012bt p\u0101rraid\u012bto vai saglab\u0101to \u0101r\u0113jo inform\u0101ciju vai izmekl\u0113t apst\u0101k\u013cus, kas liecina par nelikum\u012bgu darb\u012bbu.<\/p>\n<p>Oblig\u0101cijas no\u0146emt vai blo\u0137\u0113t inform\u0101cijas izmanto\u0161anu saska\u0146\u0101 ar visp\u0101r\u0113jiem likumiem paliek sp\u0113k\u0101. Atbild\u012bba \u0161aj\u0101 sakar\u0101 ir iesp\u0113jama tikai no br\u012b\u017ea, kad tiek ieg\u016bta zin\u0101\u0161ana par konkr\u0113tu p\u0101rk\u0101pumu. Uzzinot par \u0161\u0101diem likuma p\u0101rk\u0101pumiem, m\u0113s nekav\u0113joties no\u0146emsim \u0161o saturu.<\/p>\n<h4>Atbild\u012bba par sait\u0113m:<\/h4>\n<p>M\u016bsu pied\u0101v\u0101jum\u0101 ir saites uz \u0101r\u0113j\u0101m tre\u0161o pu\u0161u t\u012bmek\u013ca vietn\u0113m, kuru saturu m\u0113s neietekm\u0113jam. T\u0101p\u0113c m\u0113s nevaram uz\u0146emties atbild\u012bbu par \u0161iem \u0101r\u0113jiem saturiem. Attiec\u012bgais pakalpojumu sniedz\u0113js vai lapu operators vienm\u0113r ir atbild\u012bgs par saist\u012bto lapu saturu. Saist\u012bt\u0101s lapas tika p\u0101rbaud\u012btas iesp\u0113jamo likuma p\u0101rk\u0101pumu d\u0113\u013c saites izveides br\u012bd\u012b. Nelikum\u012bgs saturs saites izveides laik\u0101 nebija atpaz\u012bstams.<\/p>\n<p>Tom\u0113r past\u0101v\u012bga saist\u012bto lapu satura kontrole nav pamatota bez konkr\u0113tiem pier\u0101d\u012bjumiem par likuma p\u0101rk\u0101pumu. Uzzinot par likuma p\u0101rk\u0101pumiem, m\u0113s nekav\u0113joties no\u0146emsim \u0161\u0101das saites.<\/p>\n<h4>Autorties\u012bbas:<\/h4>\n<p>Saturs un darbi, ko izveidoju\u0161i vietnes operatori \u0161aj\u0101s lap\u0101s, ir pak\u013cauti V\u0101cijas autorties\u012bbu likumam. Dublik\u0101cija, apstr\u0101de, izplat\u012b\u0161ana un jebk\u0101da veida izmanto\u0161ana \u0101rpus autorties\u012bbu robe\u017e\u0101m prasa attiec\u012bg\u0101 autora vai rad\u012bt\u0101ja rakstisku piekri\u0161anu. \u0160\u012bs vietnes lejupiel\u0101des un kopijas ir at\u013cautas tikai priv\u0101tai, nekomerci\u0101lai lieto\u0161anai.<\/p>\n<p>Taj\u0101 m\u0113r\u0101, cik saturs \u0161aj\u0101 vietn\u0113 nav rad\u012bts operatora, tiek iev\u0113rotas tre\u0161o pu\u0161u autorties\u012bbas. \u012apa\u0161i tre\u0161o pu\u0161u saturs ir atz\u012bm\u0113ts k\u0101 t\u0101ds. Ja tom\u0113r paman\u012bsi autorties\u012bbu p\u0101rk\u0101pumu, l\u016bdzu, inform\u0113 m\u016bs attiec\u012bgi. Uzzinot par likuma p\u0101rk\u0101pumiem, m\u0113s nekav\u0113joties no\u0146emsim \u0161o saturu.<\/p>\n","protected":false},"excerpt":{"rendered":"<p>Inform\u0101cija saska\u0146\u0101 ar \u00a7 5 TMG: Thilo Beier Uerdinger Str. 630 47800 Krefeld T\u0101lrunis: 0178 8683167 Fakss: 03222 3943427 E-pasts: info@seotranslation.com PVN: PVN identifik\u0101cijas numurs saska\u0146\u0101 ar \u00a727 a Umsatzsteuergesetz: DE305919192 Str\u012bdu iz\u0161\u0137ir\u0161ana: Eiropas Komisija nodro\u0161ina tie\u0161saistes str\u012bdu iz\u0161\u0137ir\u0161anas platformu (ODR): https:\/\/ec.europa.eu\/consumers\/odr. M\u016bsu e-pasta adresi vari atrast augst\u0101k nosaukum\u0101. M\u0113s neesam gatavi vai pien\u0101kums piedal\u012bties [&hellip;]<\/p>\n","protected":false},"author":1,"featured_media":0,"parent":0,"menu_order":0,"comment_status":"open","ping_status":"open","template":"","meta":{"_seopress_robots_primary_cat":"","_seopress_titles_title":"","_seopress_titles_desc":"","_seopress_robots_index":"","iawp_total_views":0,"footnotes":""},"class_list":["post-133325","page","type-page","status-publish","hentry"],"_links":{"self":[{"href":"https:\/\/seotranslationpro.com\/lv\/wp-json\/wp\/v2\/pages\/133325","targetHints":{"allow":["GET"]}}],"collection":[{"href":"https:\/\/seotranslationpro.com\/lv\/wp-json\/wp\/v2\/pages"}],"about":[{"href":"https:\/\/seotranslationpro.com\/lv\/wp-json\/wp\/v2\/types\/page"}],"author":[{"embeddable":true,"href":"https:\/\/seotranslationpro.com\/lv\/wp-json\/wp\/v2\/users\/1"}],"replies":[{"embeddable":true,"href":"https:\/\/seotranslationpro.com\/lv\/wp-json\/wp\/v2\/comments?post=133325"}],"version-history":[{"count":0,"href":"https:\/\/seotranslationpro.com\/lv\/wp-json\/wp\/v2\/pages\/133325\/revisions"}],"wp:attachment":[{"href":"https:\/\/seotranslationpro.com\/lv\/wp-json\/wp\/v2\/media?parent=133325"}],"curies":[{"name":"wp","href":"https:\/\/api.w.org\/{rel}","templated":true}]}}