{"id":133301,"date":"2025-04-14T23:02:58","date_gmt":"2025-04-14T21:02:58","guid":{"rendered":"https:\/\/seotranslationpro.com\/terms-2\/"},"modified":"2026-02-11T00:02:25","modified_gmt":"2026-02-10T23:02:25","slug":"noteikumi","status":"publish","type":"page","link":"https:\/\/seotranslationpro.com\/lv\/noteikumi\/","title":{"rendered":"Noteikumi"},"content":{"rendered":"<div class=\"terms-conditions\">\n<h4>1. Lietojuma joma<\/h4>\n<p>\u0160ie Noteikumi un nosac\u012bjumi (&#8220;Noteikumi&#8221;) regul\u0113 pakalpojumu izmanto\u0161anu, ko nodro\u0161ina Thilo Beier, Uerdinger Str. 630, 47800 Krefeld, V\u0101cija (&#8220;SEO Translation Pro&#8221;, &#8220;m\u0113s&#8221;, &#8220;mums&#8221; vai &#8220;m\u016bsu&#8221;) caur vietni <a href=\"https:\/\/seotranslationpro.com\/lv\/\">seotranslationpro.com<\/a>. Piek\u013c\u016bstot vai izmantojot m\u016bsu pakalpojumus, tu piekr\u012bti iev\u0113rot \u0161os Noteikumus.<\/p>\n<h4>2. Pied\u0101v\u0101tie pakalpojumi<\/h4>\n<p>SEO Translation Pro pied\u0101v\u0101 automatiz\u0113tus tulko\u0161anas pakalpojumus, izmantojot m\u0101ksl\u012bg\u0101 intelekta (AI) tehnolo\u0123ijas, tostarp CSV datu tulko\u0161anu, v\u0101rdn\u012bcu p\u0101rvald\u012bbu, toni piel\u0101go\u0161anu (form\u0101ls\/neform\u0101ls) un integr\u0101ciju caur API. S\u012bk\u0101ka inform\u0101cija pieejama m\u016bsu vietn\u0113.<\/p>\n<h4>3. Lietot\u0101ja atbilst\u012bba<\/h4>\n<p>Pakalpojumi pieejami person\u0101m un uz\u0146\u0113mumiem, kas sasniegu\u0161i 18 gadu vecumu. Izmantojot m\u016bsu pakalpojumus, tu apliecini un garant\u0113, ka atbilsti \u0161\u012bm pras\u012bb\u0101m.<\/p>\n<h4>4. Konta re\u0123istr\u0101cija un dro\u0161\u012bba<\/h4>\n<p>Tu ap\u0146emies sniegt prec\u012bzu un piln\u012bgu re\u0123istr\u0101cijas inform\u0101ciju un uztur\u0113t sava konta piek\u013cuves datu dro\u0161\u012bbu. Tu esi atbild\u012bgs par vis\u0101m darb\u012bb\u0101m, kas veiktas tav\u0101 kont\u0101.<\/p>\n<h4>5. Abon\u0113\u0161anas pl\u0101ni un maks\u0101jumi<\/h4>\n<p>Pieejami da\u017e\u0101di abon\u0113\u0161anas pl\u0101ni ar at\u0161\u0137ir\u012bg\u0101m funkcij\u0101m un limitiem. Maks\u0101jumi j\u0101veic m\u0113ne\u0161a s\u0101kum\u0101 un nav atmaks\u0101jami, iz\u0146emot likum\u0101 noteiktos gad\u012bjumus.<\/p>\n<h4>6. Lieto\u0161anas ierobe\u017eojumi un god\u012bgas lieto\u0161anas politika<\/h4>\n<p>Katram abonementam ir noteikti lieto\u0161anas limiti. P\u0101rsniedzot \u0161os limitus, var tikt piem\u0113rotas papildu maksas vai pakalpojuma aptur\u0113\u0161ana.<\/p>\n<h4>7. Atcel\u0161ana un l\u012bguma izbeig\u0161ana<\/h4>\n<p>Tu vari atcelt abonementu jebkur\u0101 laik\u0101 sav\u0101 konta iestat\u012bjumos. L\u012bguma izbeig\u0161ana st\u0101jas sp\u0113k\u0101 p\u0113c nor\u0113\u0137inu perioda beig\u0101m. M\u0113s varam aptur\u0113t vai izbeigt pakalpojumu snieg\u0161anu, ja tu p\u0101rk\u0101p \u0161os Noteikumus.<\/p>\n<h4>8. Intelektu\u0101l\u0101 \u012bpa\u0161uma ties\u012bbas<\/h4>\n<p>Visas ar pakalpojumu saist\u012bt\u0101s intelektu\u0101l\u0101 \u012bpa\u0161uma ties\u012bbas pieder SEO Translation Pro vai t\u0101 licenc\u0113t\u0101jiem. Neat\u013cauta izmanto\u0161ana ir aizliegta.<\/p>\n<h4>9. Lietot\u0101ja saturs<\/h4>\n<p>Tu saglab\u0101 ties\u012bbas uz savu saturu, bet pie\u0161\u0137ir mums neekskluz\u012bvas licences ties\u012bbas apstr\u0101d\u0101t tavu saturu pakalpojuma nodro\u0161in\u0101\u0161anai. Tev j\u0101b\u016bt ties\u012bb\u0101m iesniegt savu saturu.<\/p>\n<h4>10. Datu aizsardz\u012bba un priv\u0101tums<\/h4>\n<p>Skaties m\u016bsu <a href=\"https:\/\/seotranslationpro.com\/lv\/privatuma-politika\/\">Priv\u0101tuma politiku<\/a>, lai uzzin\u0101tu, k\u0101 m\u0113s apstr\u0101d\u0101jam personas datus atbilsto\u0161i GDPR un sp\u0113k\u0101 eso\u0161ajiem likumiem.<\/p>\n<h4>11. Konfidencialit\u0101te<\/h4>\n<p>Tavs saturs tiks glab\u0101ts konfidenci\u0101li un atkl\u0101ts tikai pakalpojuma snieg\u0161anai vai likuma pras\u012bbu gad\u012bjum\u0101. M\u0113s ievie\u0161am stingrus pas\u0101kumus, lai aizsarg\u0101tu tavus datus.<\/p>\n<h4>12. Atrun\u0101\u0161ana un atbild\u012bbas ierobe\u017eojums<\/h4>\n<p>Pakalpojumi tiek sniegti &#8220;k\u0101 ir&#8221; bez garantij\u0101m. M\u0113s neesam atbild\u012bgi par netie\u0161iem vai sekmju zaud\u0113jumiem, pe\u013c\u0146as zaud\u0113jumiem vai SEO rezult\u0101tiem.<\/p>\n<h4>13. Atl\u012bdzin\u0101\u0161ana<\/h4>\n<p>Tu piekr\u012bti atl\u012bdzin\u0101t SEO Translation Pro par pras\u012bb\u0101m, kas izriet no tava pakalpojumu izmanto\u0161anas, \u0161o Noteikumu p\u0101rk\u0101puma vai tre\u0161o personu ties\u012bbu p\u0101rk\u0101puma.<\/p>\n<h4>14. Noteikumu groz\u012bjumi<\/h4>\n<p>M\u0113s varam jebkur\u0101 laik\u0101 groz\u012bt \u0161os Noteikumus. Izmai\u0146as tiks public\u0113tas m\u016bsu vietn\u0113 ar atjaunin\u0101tu sp\u0113k\u0101 st\u0101\u0161an\u0101s datumu. Turpinot izmantot pakalpojumu, tu piekr\u012bti jaunajiem Noteikumiem.<\/p>\n<h4>15. Piem\u0113rojamie likumi un jurisdikcija<\/h4>\n<p>\u0160ie Noteikumi tiek regul\u0113ti p\u0113c V\u0101cijas likumiem. Ekskluz\u012bv\u0101 jurisdikcija str\u012bdu gad\u012bjum\u0101 ir Dusseldorfa, V\u0101cija.<\/p>\n<h4>16. Kontaktinform\u0101cija<\/h4>\n<p>Jaut\u0101jumu gad\u012bjum\u0101 sazinies ar:<br \/>\nThilo Beier<br \/>\nUerdinger Str. 630<br \/>\n47800 Krefeld, V\u0101cija<br \/>\nT\u0101lrunis: +49 178 8683167<br \/>\nE-pasts: info@seotranslationpro.com<\/p>\n<p>St\u0101jas sp\u0113k\u0101: 2025. gada apr\u012blis<\/p>\n<\/div>\n","protected":false},"excerpt":{"rendered":"<p>1. Lietojuma joma \u0160ie Noteikumi un nosac\u012bjumi (&#8220;Noteikumi&#8221;) regul\u0113 pakalpojumu izmanto\u0161anu, ko nodro\u0161ina Thilo Beier, Uerdinger Str. 630, 47800 Krefeld, V\u0101cija (&#8220;SEO Translation Pro&#8221;, &#8220;m\u0113s&#8221;, &#8220;mums&#8221; vai &#8220;m\u016bsu&#8221;) caur vietni seotranslationpro.com. Piek\u013c\u016bstot vai izmantojot m\u016bsu pakalpojumus, tu piekr\u012bti iev\u0113rot \u0161os Noteikumus. 2. Pied\u0101v\u0101tie pakalpojumi SEO Translation Pro pied\u0101v\u0101 automatiz\u0113tus tulko\u0161anas pakalpojumus, izmantojot m\u0101ksl\u012bg\u0101 intelekta (AI) [&hellip;]<\/p>\n","protected":false},"author":1,"featured_media":0,"parent":0,"menu_order":0,"comment_status":"closed","ping_status":"open","template":"","meta":{"_seopress_robots_primary_cat":"","_seopress_titles_title":"","_seopress_titles_desc":"","_seopress_robots_index":"","_seopress_analysis_target_kw":"","iawp_total_views":9,"footnotes":""},"class_list":["post-133301","page","type-page","status-publish","hentry"],"_links":{"self":[{"href":"https:\/\/seotranslationpro.com\/lv\/wp-json\/wp\/v2\/pages\/133301","targetHints":{"allow":["GET"]}}],"collection":[{"href":"https:\/\/seotranslationpro.com\/lv\/wp-json\/wp\/v2\/pages"}],"about":[{"href":"https:\/\/seotranslationpro.com\/lv\/wp-json\/wp\/v2\/types\/page"}],"author":[{"embeddable":true,"href":"https:\/\/seotranslationpro.com\/lv\/wp-json\/wp\/v2\/users\/1"}],"replies":[{"embeddable":true,"href":"https:\/\/seotranslationpro.com\/lv\/wp-json\/wp\/v2\/comments?post=133301"}],"version-history":[{"count":0,"href":"https:\/\/seotranslationpro.com\/lv\/wp-json\/wp\/v2\/pages\/133301\/revisions"}],"wp:attachment":[{"href":"https:\/\/seotranslationpro.com\/lv\/wp-json\/wp\/v2\/media?parent=133301"}],"curies":[{"name":"wp","href":"https:\/\/api.w.org\/{rel}","templated":true}]}}