{"id":133295,"date":"2025-04-09T09:38:43","date_gmt":"2025-04-09T07:38:43","guid":{"rendered":"https:\/\/seotranslationpro.com\/imprint-3\/"},"modified":"2026-03-15T19:02:47","modified_gmt":"2026-03-15T18:02:47","slug":"impressums","status":"publish","type":"page","link":"https:\/\/seotranslationpro.com\/lv\/impressums\/","title":{"rendered":"Impressum | SEO Translation Pro"},"content":{"rendered":"<h4>Inform\u0101cija saska\u0146\u0101 ar \u00a7 5 TMG:<\/h4>\n<p>Thilo Beier<br \/>\nUerdinger Str. 630<br \/>\n47800 Krefeld<\/p>\n<p>T\u0101lrunis: 0178 8683167<br \/>\nFakss: 03222 3943427<\/p>\n<p>E-pasts: <a href=\"mailto:info@seotranslationpro.com\">info@seotranslationpro.com<\/a><\/p>\n<h4>Pievienot\u0101s v\u0113rt\u012bbas nodoklis:<\/h4>\n<p>P\u0101rdo\u0161anas nodok\u013ca identifik\u0101cijas numurs saska\u0146\u0101 ar \u00a727 a p\u0101rdo\u0161anas nodok\u013ca likumu: DE305919192<\/p>\n<h4>Str\u012bdu iz\u0161\u0137ir\u0161ana:<\/h4>\n<p>M\u016bsu e-pasta adrese ir nor\u0101d\u012bta juridiskaj\u0101 pazi\u0146ojum\u0101 augst\u0101k.<\/p>\n<p>M\u0113s neesam gatavi vai pien\u0101kums piedal\u012bties str\u012bdu iz\u0161\u0137ir\u0161anas proced\u016br\u0101s pat\u0113r\u0113t\u0101ju arbitr\u0101\u017eas padom\u0113.<\/p>\n<h4>Atbild\u012bba par saturu:<\/h4>\n<p>K\u0101 pakalpojumu sniedz\u0113js m\u0113s esam atbild\u012bgi par savu saturu \u0161aj\u0101s lap\u0101s saska\u0146\u0101 ar 7. panta 1. da\u013cu TMG (V\u0101cijas telemediju likums) un visp\u0101r\u0113jo likumdo\u0161anu. Tom\u0113r saska\u0146\u0101 ar \u00a7\u00a7 8 l\u012bdz 10 TMG m\u0113s k\u0101 pakalpojumu sniedz\u0113js neesam pien\u0101kums uzraudz\u012bt p\u0101rraid\u012bto vai saglab\u0101to tre\u0161o personu inform\u0101ciju vai izmekl\u0113t apst\u0101k\u013cus, kas liecina par nelikum\u012bgu darb\u012bbu.<\/p>\n<p>Oblig\u0101cijas no\u0146emt vai blo\u0137\u0113t inform\u0101cijas izmanto\u0161anu saska\u0146\u0101 ar visp\u0101r\u0113jo likumdo\u0161anu paliek sp\u0113k\u0101. Tom\u0113r atbild\u012bba \u0161aj\u0101 sakar\u0101 ir iesp\u0113jama tikai no br\u012b\u017ea, kad tiek ieg\u016bta zin\u0101\u0161ana par konkr\u0113tu p\u0101rk\u0101pumu. Tikl\u012bdz m\u0113s uzzin\u0101m par \u0161\u0101diem p\u0101rk\u0101pumiem, m\u0113s nekav\u0113joties no\u0146emsim \u0161o saturu.<\/p>\n<h4>Atbild\u012bba par sait\u0113m:<\/h4>\n<p>M\u016bsu vietn\u0113 ir saites uz \u0101r\u0113j\u0101m tre\u0161o personu vietn\u0113m, kuru saturu m\u0113s nevaram ietekm\u0113t. T\u0101p\u0113c m\u0113s nevaram pie\u0146emt nek\u0101du atbild\u012bbu par \u0161o tre\u0161o personu saturu. Atbild\u012bba par saist\u012bto lapu saturu vienm\u0113r ir attiec\u012bgajam pakalpojumu sniedz\u0113jam vai lapu operatoram. Saist\u012bt\u0101s lapas tika p\u0101rbaud\u012btas attiec\u012bb\u0101 uz iesp\u0113jamiem likuma p\u0101rk\u0101pumiem saites izveides br\u012bd\u012b. Nelikum\u012bgs saturs taj\u0101 laik\u0101 nebija atpaz\u012bstams.<\/p>\n<p>Tom\u0113r past\u0101v\u012bga saist\u012bto lapu satura uzraudz\u012bba nav sapr\u0101t\u012bga bez konkr\u0113tiem pier\u0101d\u012bjumiem par p\u0101rk\u0101pumu. Ja m\u0113s uzzin\u0101m par k\u0101diem likuma p\u0101rk\u0101pumiem, m\u0113s nekav\u0113joties no\u0146emsim \u0161\u0101das saites.<\/p>\n<h4>Autorties\u012bbas:<\/h4>\n<p>Saturs un darbi, ko izveidoju\u0161i vietnes operatori \u0161aj\u0101s lap\u0101s, ir pak\u013cauti V\u0101cijas autorties\u012bbu likumam. Dubl\u0113\u0161ana, apstr\u0101de, izplat\u012b\u0161ana un jebk\u0101da veida izmanto\u0161ana \u0101rpus autorties\u012bbu likuma robe\u017e\u0101m prasa attiec\u012bg\u0101 autora vai rad\u012bt\u0101ja rakstveida piekri\u0161anu. \u0160\u012bs vietnes lejupiel\u0101des un kop\u0113\u0161anas ir at\u013cautas tikai priv\u0101tai, nekomerci\u0101lai lieto\u0161anai.<\/p>\n<p>Taj\u0101 m\u0113r\u0101, cik saturs \u0161aj\u0101 vietn\u0113 nav rad\u012bts operatora, tiek iev\u0113rotas tre\u0161o personu autorties\u012bbas. \u012apa\u0161i tre\u0161o personu saturs ir atz\u012bm\u0113ts k\u0101 t\u0101ds. Ja tom\u0113r tu paman\u012bsi autorties\u012bbu p\u0101rk\u0101pumu, l\u016bdzu, inform\u0113 m\u016bs par to. Ja m\u0113s uzzin\u0101sim par k\u0101diem p\u0101rk\u0101pumiem, m\u0113s nekav\u0113joties no\u0146emsim \u0161\u0101du saturu.<\/p>\n","protected":false},"excerpt":{"rendered":"<p>Inform\u0101cija saska\u0146\u0101 ar \u00a7 5 TMG: Thilo Beier Uerdinger Str. 630 47800 Krefeld T\u0101lrunis: 0178 8683167 Fakss: 03222 3943427 E-pasts: info@seotranslationpro.com Pievienot\u0101s v\u0113rt\u012bbas nodoklis: P\u0101rdo\u0161anas nodok\u013ca identifik\u0101cijas numurs saska\u0146\u0101 ar \u00a727 a p\u0101rdo\u0161anas nodok\u013ca likumu: DE305919192 Str\u012bdu iz\u0161\u0137ir\u0161ana: M\u016bsu e-pasta adrese ir nor\u0101d\u012bta juridiskaj\u0101 pazi\u0146ojum\u0101 augst\u0101k. M\u0113s neesam gatavi vai pien\u0101kums piedal\u012bties str\u012bdu iz\u0161\u0137ir\u0161anas proced\u016br\u0101s [&hellip;]<\/p>\n","protected":false},"author":1,"featured_media":0,"parent":0,"menu_order":0,"comment_status":"closed","ping_status":"open","template":"","meta":{"_seopress_robots_primary_cat":"","_seopress_titles_title":"","_seopress_titles_desc":"","_seopress_robots_index":"","_seopress_analysis_target_kw":"","iawp_total_views":1,"footnotes":""},"class_list":["post-133295","page","type-page","status-publish","hentry"],"_links":{"self":[{"href":"https:\/\/seotranslationpro.com\/lv\/wp-json\/wp\/v2\/pages\/133295","targetHints":{"allow":["GET"]}}],"collection":[{"href":"https:\/\/seotranslationpro.com\/lv\/wp-json\/wp\/v2\/pages"}],"about":[{"href":"https:\/\/seotranslationpro.com\/lv\/wp-json\/wp\/v2\/types\/page"}],"author":[{"embeddable":true,"href":"https:\/\/seotranslationpro.com\/lv\/wp-json\/wp\/v2\/users\/1"}],"replies":[{"embeddable":true,"href":"https:\/\/seotranslationpro.com\/lv\/wp-json\/wp\/v2\/comments?post=133295"}],"version-history":[{"count":0,"href":"https:\/\/seotranslationpro.com\/lv\/wp-json\/wp\/v2\/pages\/133295\/revisions"}],"wp:attachment":[{"href":"https:\/\/seotranslationpro.com\/lv\/wp-json\/wp\/v2\/media?parent=133295"}],"curies":[{"name":"wp","href":"https:\/\/api.w.org\/{rel}","templated":true}]}}