{"id":30320,"date":"2025-04-09T09:38:43","date_gmt":"2025-04-09T07:38:43","guid":{"rendered":"https:\/\/seotranslationpro.com\/imprint-3\/"},"modified":"2026-03-15T20:41:24","modified_gmt":"2026-03-15T19:41:24","slug":"impronta","status":"publish","type":"page","link":"https:\/\/seotranslationpro.com\/it\/impronta\/","title":{"rendered":"Impressum | SEO Translation Pro"},"content":{"rendered":"<h4>Informazioni ai sensi del \u00a7 5 TMG:<\/h4>\n<p>Thilo Beier<br \/>\nUerdinger Str. 630<br \/>\n47800 Krefeld<\/p>\n<p>Telefono: 0178 8683167<br \/>\nFax: 03222 3943427<\/p>\n<p>E-mail: <a href=\"mailto:info@seotranslationpro.com\">info@seotranslationpro.com<\/a><\/p>\n<h4>Partita IVA:<\/h4>\n<p>Numero di identificazione IVA ai sensi del \u00a727 a della legge sull&#8217;imposta sul valore aggiunto: DE305919192<\/p>\n<h4>Risoluzione delle controversie:<\/h4>\n<p>Puoi trovare il nostro indirizzo e-mail nell&#8217;avviso legale sopra.<\/p>\n<p>Non siamo disposti n\u00e9 obbligati a partecipare a procedimenti di risoluzione delle controversie davanti a un organismo arbitrale per i consumatori.<\/p>\n<h4>Responsabilit\u00e0 per i contenuti:<\/h4>\n<p>In qualit\u00e0 di fornitore di servizi, siamo responsabili dei nostri contenuti su queste pagine secondo la Sezione 7 (1) TMG (Legge tedesca sui media telematici) e la legislazione generale. Secondo \u00a7\u00a7 8 a 10 TMG, tuttavia, non siamo obbligati, come fornitori di servizi, a monitorare le informazioni trasmesse o memorizzate di terzi n\u00e9 a indagare su circostanze che indichino attivit\u00e0 illegali.<\/p>\n<p>Gli obblighi di rimuovere o bloccare l&#8217;uso di informazioni in conformit\u00e0 alla legislazione generale rimangono invariati. Tuttavia, la responsabilit\u00e0 in tal senso \u00e8 possibile solo dal momento in cui veniamo a conoscenza di una violazione specifica. Non appena veniamo a conoscenza di tali violazioni, rimuoveremo immediatamente tali contenuti.<\/p>\n<h4>Responsabilit\u00e0 per i link:<\/h4>\n<p>Il nostro sito web contiene link a siti web esterni di terzi sui cui contenuti non abbiamo alcuna influenza. Pertanto, non possiamo accettare alcuna responsabilit\u00e0 per tali contenuti di terzi. Il rispettivo fornitore o gestore delle pagine \u00e8 sempre responsabile per i contenuti delle pagine collegate. Le pagine collegate sono state controllate per eventuali violazioni legali al momento del collegamento. Contenuti illegali non erano riconoscibili al momento del collegamento.<\/p>\n<p>Tuttavia, un monitoraggio permanente dei contenuti delle pagine collegate non \u00e8 ragionevole senza prove concrete di una violazione. Se veniamo a conoscenza di violazioni legali, rimuoveremo immediatamente tali link.<\/p>\n<h4>Copyright:<\/h4>\n<p>I contenuti e le opere create dagli operatori del sito su queste pagine sono soggetti alla legge tedesca sul diritto d&#8217;autore. La duplicazione, l&#8217;elaborazione, la distribuzione e qualsiasi tipo di utilizzo al di fuori dei limiti del diritto d&#8217;autore richiedono il consenso scritto dell&#8217;autore o creatore rispettivo. I download e le copie di questo sito sono consentiti solo per uso privato e non commerciale.<\/p>\n<p>Nella misura in cui i contenuti su questo sito non sono stati creati dall&#8217;operatore, si rispettano i diritti d&#8217;autore di terzi. In particolare, i contenuti di terzi sono contrassegnati come tali. Qualora dovessi comunque venire a conoscenza di una violazione del diritto d&#8217;autore, ti preghiamo di informarci di conseguenza. Se veniamo a conoscenza di violazioni, rimuoveremo immediatamente tali contenuti.<\/p>\n","protected":false},"excerpt":{"rendered":"<p>Informazioni ai sensi del \u00a7 5 TMG: Thilo Beier Uerdinger Str. 630 47800 Krefeld Telefono: 0178 8683167 Fax: 03222 3943427 E-mail: info@seotranslationpro.com Partita IVA: Numero di identificazione IVA ai sensi del \u00a727 a della legge sull&#8217;imposta sul valore aggiunto: DE305919192 Risoluzione delle controversie: Puoi trovare il nostro indirizzo e-mail nell&#8217;avviso legale sopra. Non siamo disposti [&hellip;]<\/p>\n","protected":false},"author":1,"featured_media":0,"parent":0,"menu_order":0,"comment_status":"closed","ping_status":"open","template":"","meta":{"_seopress_robots_primary_cat":"","_seopress_titles_title":"","_seopress_titles_desc":"","_seopress_robots_index":"","_seopress_analysis_target_kw":"","iawp_total_views":27,"footnotes":""},"class_list":["post-30320","page","type-page","status-publish","hentry"],"_links":{"self":[{"href":"https:\/\/seotranslationpro.com\/it\/wp-json\/wp\/v2\/pages\/30320","targetHints":{"allow":["GET"]}}],"collection":[{"href":"https:\/\/seotranslationpro.com\/it\/wp-json\/wp\/v2\/pages"}],"about":[{"href":"https:\/\/seotranslationpro.com\/it\/wp-json\/wp\/v2\/types\/page"}],"author":[{"embeddable":true,"href":"https:\/\/seotranslationpro.com\/it\/wp-json\/wp\/v2\/users\/1"}],"replies":[{"embeddable":true,"href":"https:\/\/seotranslationpro.com\/it\/wp-json\/wp\/v2\/comments?post=30320"}],"version-history":[{"count":2,"href":"https:\/\/seotranslationpro.com\/it\/wp-json\/wp\/v2\/pages\/30320\/revisions"}],"predecessor-version":[{"id":30381,"href":"https:\/\/seotranslationpro.com\/it\/wp-json\/wp\/v2\/pages\/30320\/revisions\/30381"}],"wp:attachment":[{"href":"https:\/\/seotranslationpro.com\/it\/wp-json\/wp\/v2\/media?parent=30320"}],"curies":[{"name":"wp","href":"https:\/\/api.w.org\/{rel}","templated":true}]}}