{"id":133573,"date":"2025-12-06T20:11:29","date_gmt":"2025-12-06T19:11:29","guid":{"rendered":"https:\/\/seotranslationpro.com\/hreflang-checker-2\/"},"modified":"2026-02-10T22:40:37","modified_gmt":"2026-02-10T21:40:37","slug":"hreflang-ellenorzo","status":"publish","type":"page","link":"https:\/\/seotranslationpro.com\/hu\/hreflang-ellenorzo\/","title":{"rendered":"Hreflang ellen\u0151rz\u0151"},"content":{"rendered":"\t\t<div data-elementor-type=\"wp-page\" data-elementor-id=\"133573\" class=\"elementor elementor-133573 elementor-10548\" data-elementor-post-type=\"page\">\n\t\t\t\t<div class=\"elementor-element elementor-element-79720ae5 e-flex e-con-boxed e-con e-parent\" data-id=\"79720ae5\" data-element_type=\"container\" data-e-type=\"container\" data-settings=\"{&quot;background_background&quot;:&quot;classic&quot;}\">\n\t\t\t\t\t<div class=\"e-con-inner\">\n\t\t<div class=\"elementor-element elementor-element-19ac8536 e-flex e-con-boxed e-con e-child\" data-id=\"19ac8536\" data-element_type=\"container\" data-e-type=\"container\">\n\t\t\t\t\t<div class=\"e-con-inner\">\n\t\t\t\t<div class=\"elementor-element elementor-element-2fb06588 animated-slow elementor-invisible elementor-widget elementor-widget-heading\" data-id=\"2fb06588\" data-element_type=\"widget\" data-e-type=\"widget\" data-settings=\"{&quot;_animation&quot;:&quot;fadeInDown&quot;}\" data-widget_type=\"heading.default\">\n\t\t\t\t<div class=\"elementor-widget-container\">\n\t\t\t\t\t<h1 class=\"elementor-heading-title elementor-size-default\">Hreflang &amp; Canonical  \n\u00c9rv\u00e9nyes\u00edt\u00e9s<\/h1>\t\t\t\t<\/div>\n\t\t\t\t<\/div>\n\t\t\t\t<div class=\"elementor-element elementor-element-66ae6f94 elementor-widget-divider--view-line elementor-invisible elementor-widget elementor-widget-divider\" data-id=\"66ae6f94\" data-element_type=\"widget\" data-e-type=\"widget\" data-settings=\"{&quot;_animation&quot;:&quot;slideInLeft&quot;}\" data-widget_type=\"divider.default\">\n\t\t\t\t<div class=\"elementor-widget-container\">\n\t\t\t\t\t\t\t<div class=\"elementor-divider\">\n\t\t\t<span class=\"elementor-divider-separator\">\n\t\t\t\t\t\t<\/span>\n\t\t<\/div>\n\t\t\t\t\t\t<\/div>\n\t\t\t\t<\/div>\n\t\t\t\t<div class=\"elementor-element elementor-element-155a21f9 elementor-invisible elementor-widget elementor-widget-heading\" data-id=\"155a21f9\" data-element_type=\"widget\" data-e-type=\"widget\" data-settings=\"{&quot;_animation&quot;:&quot;fadeInDown&quot;}\" data-widget_type=\"heading.default\">\n\t\t\t\t<div class=\"elementor-widget-container\">\n\t\t\t\t\t<h4 class=\"elementor-heading-title elementor-size-default\">Nemzetk\u00f6zi SEO \u00e1llapotfelm\u00e9r\u00e9s<\/h4>\t\t\t\t<\/div>\n\t\t\t\t<\/div>\n\t\t\t\t<div class=\"elementor-element elementor-element-461e348 elementor-icon-list--layout-inline elementor-align-center elementor-list-item-link-full_width elementor-invisible elementor-widget elementor-widget-icon-list\" data-id=\"461e348\" data-element_type=\"widget\" data-e-type=\"widget\" data-settings=\"{&quot;_animation&quot;:&quot;fadeInDown&quot;,&quot;_animation_delay&quot;:300}\" data-widget_type=\"icon-list.default\">\n\t\t\t\t<div class=\"elementor-widget-container\">\n\t\t\t\t\t\t\t<ul class=\"elementor-icon-list-items elementor-inline-items\">\n\t\t\t\t\t\t\t<li class=\"elementor-icon-list-item elementor-inline-item\">\n\t\t\t\t\t\t\t\t\t\t\t<a href=\"\/hu\/\">\n\n\t\t\t\t\t\t\t\t\t\t\t<span class=\"elementor-icon-list-text\">Kezd\u0151lap<\/span>\n\t\t\t\t\t\t\t\t\t\t\t<\/a>\n\t\t\t\t\t\t\t\t\t<\/li>\n\t\t\t\t\t\t\t\t<li class=\"elementor-icon-list-item elementor-inline-item\">\n\t\t\t\t\t\t\t\t\t\t\t<a href=\"\/hu\/kapcsolat\/\">\n\n\t\t\t\t\t\t\t\t\t\t\t\t<span class=\"elementor-icon-list-icon\">\n\t\t\t\t\t\t\t<i aria-hidden=\"true\" class=\"mdi mdi-chevron-double-right\"><\/i>\t\t\t\t\t\t<\/span>\n\t\t\t\t\t\t\t\t\t\t<span class=\"elementor-icon-list-text\">Kapcsolat<\/span>\n\t\t\t\t\t\t\t\t\t\t\t<\/a>\n\t\t\t\t\t\t\t\t\t<\/li>\n\t\t\t\t\t\t<\/ul>\n\t\t\t\t\t\t<\/div>\n\t\t\t\t<\/div>\n\t\t\t\t\t<\/div>\n\t\t\t\t<\/div>\n\t\t\t\t\t<\/div>\n\t\t\t\t<\/div>\n\t\t<div class=\"elementor-element elementor-element-f4c273b e-flex e-con-boxed e-con e-parent\" data-id=\"f4c273b\" data-element_type=\"container\" data-e-type=\"container\">\n\t\t\t\t\t<div class=\"e-con-inner\">\n\t\t<div class=\"elementor-element elementor-element-85cabac e-con-full e-flex e-con e-child\" data-id=\"85cabac\" data-element_type=\"container\" data-e-type=\"container\">\n\t\t\t\t<\/div>\n\t\t<div class=\"elementor-element elementor-element-d7b6cd4 e-con-full e-flex e-con e-child\" data-id=\"d7b6cd4\" data-element_type=\"container\" data-e-type=\"container\">\n\t\t\t\t<div class=\"elementor-element elementor-element-d543abe elementor-widget elementor-widget-shortcode\" data-id=\"d543abe\" data-element_type=\"widget\" data-e-type=\"widget\" data-widget_type=\"shortcode.default\">\n\t\t\t\t<div class=\"elementor-widget-container\">\n\t\t\t\t\t\t\t<div class=\"elementor-shortcode\">\n<div class=\"hsc-frontend-wrapper\" data-theme=\"dark\">\n    \n    <!-- Header Section -->\n    <div class=\"hsc-header\">\n        <div class=\"hsc-header-content\">\n            <div class=\"hsc-title-group\">\n                <div class=\"hsc-icon-pulse\">\n                    <svg xmlns=\"http:\/\/www.w3.org\/2000\/svg\" width=\"32\" height=\"32\" viewBox=\"0 0 24 24\" fill=\"none\" stroke=\"currentColor\" stroke-width=\"2\">\n                        <path d=\"M21 16V8a2 2 0 0 0-1-1.73l-7-4a2 2 0 0 0-2 0l-7 4A2 2 0 0 0 3 8v8a2 2 0 0 0 1 1.73l7 4a2 2 0 0 0 2 0l7-4A2 2 0 0 0 21 16z\"><\/path>\n                        <polyline points=\"3.27 6.96 12 12.01 20.73 6.96\"><\/polyline>\n                        <line x1=\"12\" y1=\"22.08\" x2=\"12\" y2=\"12\"><\/line>\n                    <\/svg>\n                <\/div>\n                <div>\n                    <h2 class=\"hsc-title\">SEO Performance Scanner<\/h2>\n                    <p class=\"hsc-subtitle\">HrefLang & Canonical Validation<\/p>\n                <\/div>\n            <\/div>\n        <\/div>\n    <\/div>\n\n    <!-- Configuration Panel -->\n    <div class=\"hsc-config-panel\">\n        <div class=\"hsc-input-group\">\n            <label for=\"hsc-url-input\" class=\"hsc-label\">\n                <svg xmlns=\"http:\/\/www.w3.org\/2000\/svg\" width=\"16\" height=\"16\" viewBox=\"0 0 24 24\" fill=\"none\" stroke=\"currentColor\" stroke-width=\"2\">\n                    <path d=\"M10 13a5 5 0 0 0 7.54.54l3-3a5 5 0 0 0-7.07-7.07l-1.72 1.71\"><\/path>\n                    <path d=\"M14 11a5 5 0 0 0-7.54-.54l-3 3a5 5 0 0 0 7.07 7.07l1.71-1.71\"><\/path>\n                <\/svg>\n                URL to Check\n            <\/label>\n            <div class=\"hsc-input-wrapper\">\n                <input \n                    type=\"url\" \n                    id=\"hsc-url-input\" \n                    class=\"hsc-input\" \n                    placeholder=\"https:\/\/example.com\/page\"\n                    value=\"https:\/\/seotranslationpro.com\/hu\/hreflang-ellenorzo\/\"\n                \/>\n                <div class=\"hsc-input-border\"><\/div>\n            <\/div>\n        <\/div>\n\n        <div class=\"hsc-checks-config\">\n            <div class=\"hsc-check-item\">\n                <input type=\"checkbox\" id=\"hsc-check-hreflang\" checked>\n                <label for=\"hsc-check-hreflang\">\n                    <span class=\"hsc-checkbox\"><\/span>\n                    <span>HrefLang Tags<\/span>\n                <\/label>\n            <\/div>\n            <div class=\"hsc-check-item\">\n                <input type=\"checkbox\" id=\"hsc-check-canonical\" checked>\n                <label for=\"hsc-check-canonical\">\n                    <span class=\"hsc-checkbox\"><\/span>\n                    <span>Canonical Tag<\/span>\n                <\/label>\n            <\/div>\n            <div class=\"hsc-check-item\">\n                <input type=\"checkbox\" id=\"hsc-check-reciprocity\" checked>\n                <label for=\"hsc-check-reciprocity\">\n                    <span class=\"hsc-checkbox\"><\/span>\n                    <span>Reciprocity Check<\/span>\n                <\/label>\n            <\/div>\n        <\/div>\n\n        <button id=\"hsc-run-check\" class=\"hsc-btn-primary\">\n            <span class=\"hsc-btn-content\">\n                <svg xmlns=\"http:\/\/www.w3.org\/2000\/svg\" width=\"20\" height=\"20\" viewBox=\"0 0 24 24\" fill=\"none\" stroke=\"currentColor\" stroke-width=\"2\">\n                    <polyline points=\"9 11 12 14 22 4\"><\/polyline>\n                    <path d=\"M21 12v7a2 2 0 0 1-2 2H5a2 2 0 0 1-2-2V5a2 2 0 0 1 2-2h11\"><\/path>\n                <\/svg>\n                <span>Run Analysis<\/span>\n            <\/span>\n            <div class=\"hsc-btn-glow\"><\/div>\n        <\/button>\n    <\/div>\n\n    <!-- Loading State -->\n    <div class=\"hsc-loading\" style=\"display: none;\">\n        <div class=\"hsc-loading-spinner\">\n            <div class=\"hsc-spinner-ring\"><\/div>\n            <div class=\"hsc-spinner-ring\"><\/div>\n            <div class=\"hsc-spinner-ring\"><\/div>\n        <\/div>\n        <p class=\"hsc-loading-text\">Analyzing SEO structure...<\/p>\n        <div class=\"hsc-loading-progress\">\n            <div class=\"hsc-progress-bar\"><\/div>\n        <\/div>\n    <\/div>\n\n    <!-- Results Section -->\n    <div class=\"hsc-results\" style=\"display: none;\">\n        \n        <!-- Score Card - REMOVED (redundant, progress indicator below is better) -->\n        \n        <!-- Detailed Results -->\n        <div class=\"hsc-checks-results\">\n            <!-- Results will be injected here by JavaScript -->\n        <\/div>\n\n        <!-- Action Buttons -->\n        <div class=\"hsc-actions\">\n            <button class=\"hsc-btn-secondary\" onclick=\"window.print()\">\n                <svg xmlns=\"http:\/\/www.w3.org\/2000\/svg\" width=\"18\" height=\"18\" viewBox=\"0 0 24 24\" fill=\"none\" stroke=\"currentColor\" stroke-width=\"2\">\n                    <polyline points=\"6 9 6 2 18 2 18 9\"><\/polyline>\n                    <path d=\"M6 18H4a2 2 0 0 1-2-2v-5a2 2 0 0 1 2-2h16a2 2 0 0 1 2 2v5a2 2 0 0 1-2 2h-2\"><\/path>\n                    <rect x=\"6\" y=\"14\" width=\"12\" height=\"8\"><\/rect>\n                <\/svg>\n                Export Report\n            <\/button>\n            <button class=\"hsc-btn-secondary\" id=\"hsc-check-another\">\n                <svg xmlns=\"http:\/\/www.w3.org\/2000\/svg\" width=\"18\" height=\"18\" viewBox=\"0 0 24 24\" fill=\"none\" stroke=\"currentColor\" stroke-width=\"2\">\n                    <polyline points=\"23 4 23 10 17 10\"><\/polyline>\n                    <path d=\"M20.49 15a9 9 0 1 1-2.12-9.36L23 10\"><\/path>\n                <\/svg>\n                Check Another URL\n            <\/button>\n        <\/div>\n    <\/div>\n\n    <!-- Error State -->\n    <div class=\"hsc-error\" style=\"display: none;\">\n        <div class=\"hsc-error-icon\">\n            <svg xmlns=\"http:\/\/www.w3.org\/2000\/svg\" width=\"48\" height=\"48\" viewBox=\"0 0 24 24\" fill=\"none\" stroke=\"currentColor\" stroke-width=\"2\">\n                <circle cx=\"12\" cy=\"12\" r=\"10\"><\/circle>\n                <line x1=\"12\" y1=\"8\" x2=\"12\" y2=\"12\"><\/line>\n                <line x1=\"12\" y1=\"16\" x2=\"12.01\" y2=\"16\"><\/line>\n            <\/svg>\n        <\/div>\n        <h3 class=\"hsc-error-title\">Analysis Failed<\/h3>\n        <p class=\"hsc-error-message\"><!-- Error message will be injected --><\/p>\n        <button class=\"hsc-btn-secondary\" id=\"hsc-retry\">Try Again<\/button>\n    <\/div>\n\n<\/div>\n\n<\/div>\n\t\t\t\t\t\t<\/div>\n\t\t\t\t<\/div>\n\t\t\t\t<\/div>\n\t\t<div class=\"elementor-element elementor-element-bf4837d e-con-full e-flex e-con e-child\" data-id=\"bf4837d\" data-element_type=\"container\" data-e-type=\"container\">\n\t\t\t\t<\/div>\n\t\t\t\t\t<\/div>\n\t\t\t\t<\/div>\n\t\t<div class=\"elementor-element elementor-element-f9e44b9 e-flex e-con-boxed e-con e-parent\" data-id=\"f9e44b9\" data-element_type=\"container\" data-e-type=\"container\">\n\t\t\t\t\t<div class=\"e-con-inner\">\n\t\t<div class=\"elementor-element elementor-element-50be49c e-con-full e-flex e-con e-child\" data-id=\"50be49c\" data-element_type=\"container\" data-e-type=\"container\">\n\t\t\t\t<\/div>\n\t\t<div class=\"elementor-element elementor-element-a541601 e-con-full e-flex e-con e-child\" data-id=\"a541601\" data-element_type=\"container\" data-e-type=\"container\">\n\t\t\t\t<\/div>\n\t\t\t\t\t<\/div>\n\t\t\t\t<\/div>\n\t\t\t\t<\/div>\n\t\t","protected":false},"excerpt":{"rendered":"<p>Hreflang &amp; Canonical Validation International SEO Health Check Home Kontakt<\/p>\n","protected":false},"author":1,"featured_media":0,"parent":0,"menu_order":0,"comment_status":"closed","ping_status":"open","template":"elementor_header_footer","meta":{"_seopress_robots_primary_cat":"","_seopress_titles_title":"","_seopress_titles_desc":"","_seopress_robots_index":"","_seopress_analysis_target_kw":"","iawp_total_views":210,"footnotes":""},"class_list":["post-133573","page","type-page","status-publish","hentry"],"_links":{"self":[{"href":"https:\/\/seotranslationpro.com\/hu\/wp-json\/wp\/v2\/pages\/133573","targetHints":{"allow":["GET"]}}],"collection":[{"href":"https:\/\/seotranslationpro.com\/hu\/wp-json\/wp\/v2\/pages"}],"about":[{"href":"https:\/\/seotranslationpro.com\/hu\/wp-json\/wp\/v2\/types\/page"}],"author":[{"embeddable":true,"href":"https:\/\/seotranslationpro.com\/hu\/wp-json\/wp\/v2\/users\/1"}],"replies":[{"embeddable":true,"href":"https:\/\/seotranslationpro.com\/hu\/wp-json\/wp\/v2\/comments?post=133573"}],"version-history":[{"count":0,"href":"https:\/\/seotranslationpro.com\/hu\/wp-json\/wp\/v2\/pages\/133573\/revisions"}],"wp:attachment":[{"href":"https:\/\/seotranslationpro.com\/hu\/wp-json\/wp\/v2\/media?parent=133573"}],"curies":[{"name":"wp","href":"https:\/\/api.w.org\/{rel}","templated":true}]}}