{"id":133552,"date":"2025-04-14T23:05:00","date_gmt":"2025-04-14T21:05:00","guid":{"rendered":"https:\/\/seotranslationpro.com\/privacy-policy-2\/"},"modified":"2026-02-10T22:40:44","modified_gmt":"2026-02-10T21:40:44","slug":"adatvedelmi-iranyelvek","status":"publish","type":"page","link":"https:\/\/seotranslationpro.com\/hu\/adatvedelmi-iranyelvek\/","title":{"rendered":"Adatv\u00e9delmi ir\u00e1nyelvek"},"content":{"rendered":"<h2>Adatv\u00e9delmi Szab\u00e1lyzat<\/h2>\n<div class=\"privacy-policy\">\n<h4>1. Adatv\u00e9delmi \u00e1ttekint\u00e9s<\/h4>\n<p>Ez az Adatv\u00e9delmi Szab\u00e1lyzat \u00e1ttekint\u00e9st ny\u00fajt arr\u00f3l, hogyan dolgozza fel a Thilo Beier, Uerdinger Str. 630, 47800 Krefeld, N\u00e9metorsz\u00e1g (\u201eSEO Translation Pro\u201d, \u201emi\u201d, \u201enek\u00fcnk\u201d vagy \u201eminket\u201d) a <a href=\"https:\/\/seotranslationpro.com\/hu\/\">seotranslationpro.com<\/a> weboldalon kereszt\u00fcl gy\u0171jt\u00f6tt szem\u00e9lyes adatokat. A szem\u00e9lyes adatok b\u00e1rmilyen olyan inform\u00e1ci\u00f3t jelentenek, amelyek k\u00e9pesek t\u00e9ged szem\u00e9lyesen azonos\u00edtani.<\/p>\n<h4>2. Adatgy\u0171jt\u00e9s a weboldalunkon<\/h4>\n<p>Az adataidat els\u0151sorban k\u00f6zvetlen\u00fcl t\u0151led gy\u0171jtj\u00fck (pl. kapcsolatfelv\u00e9teli \u0171rlapokon vagy regisztr\u00e1ci\u00f3n kereszt\u00fcl). Ezen fel\u00fcl technikai adatokat, mint p\u00e9ld\u00e1ul a b\u00f6ng\u00e9sz\u0151 t\u00edpusa, az oper\u00e1ci\u00f3s rendszer \u00e9s a hozz\u00e1f\u00e9r\u00e9s ideje, automatikusan gy\u0171jtj\u00fck a weboldalunk l\u00e1togat\u00e1sakor.<\/p>\n<h4>3. Az adatgy\u0171jt\u00e9s c\u00e9lja<\/h4>\n<p>Az adatokat a weboldal m\u0171k\u00f6d\u00e9s\u00e9nek biztos\u00edt\u00e1sa, a felhaszn\u00e1l\u00f3i viselked\u00e9s elemz\u00e9se, az \u00fcgyf\u00e9lkapcsolatok kezel\u00e9se, a tranzakci\u00f3k feldolgoz\u00e1sa \u00e9s az \u00fcgyf\u00e9lt\u00e1mogat\u00e1s ny\u00fajt\u00e1sa \u00e9rdek\u00e9ben gy\u0171jtj\u00fck.<\/p>\n<h4>4. Az adataid v\u00e9delm\u00e9vel kapcsolatos jogaid<\/h4>\n<p>Jogod van ingyenesen t\u00e1j\u00e9koztat\u00e1st k\u00e9rni az \u00e1ltalad t\u00e1rolt szem\u00e9lyes adatok eredet\u00e9r\u0151l, c\u00edmzettjeir\u0151l \u00e9s c\u00e9ljair\u00f3l. Emellett jogod van az adatok helyesb\u00edt\u00e9s\u00e9hez, korl\u00e1toz\u00e1s\u00e1hoz, t\u00f6rl\u00e9s\u00e9hez vagy az adatkezel\u00e9s elleni tiltakoz\u00e1shoz. Ezeket a jogokat b\u00e1rmikor gyakorolhatod az al\u00e1bbi el\u00e9rhet\u0151s\u00e9geinken kereszt\u00fcl. Tov\u00e1bb\u00e1 jogod van panaszt tenni az illet\u00e9kes fel\u00fcgyeleti hat\u00f3s\u00e1gokn\u00e1l.<\/p>\n<h4>5. Elemz\u0151 eszk\u00f6z\u00f6k \u00e9s harmadik f\u00e9lt\u0151l sz\u00e1rmaz\u00f3 eszk\u00f6z\u00f6k<\/h4>\n<p>A b\u00f6ng\u00e9sz\u00e9si szok\u00e1saidat statisztikai elemz\u00e9s c\u00e9lj\u00e1b\u00f3l cookie-k \u00e9s elemz\u0151 programok seg\u00edts\u00e9g\u00e9vel elemezhetj\u00fck. Az ilyen elemz\u00e9s \u00e1ltal\u00e1ban n\u00e9vtelen\u00fcl t\u00f6rt\u00e9nik, \u00e9s nem k\u00f6thet\u0151 vissza hozz\u00e1d szem\u00e9lyesen. Tiltakozhatsz vagy megakad\u00e1lyozhatod ezt az elemz\u00e9st bizonyos eszk\u00f6z\u00f6k elker\u00fcl\u00e9s\u00e9vel. Tov\u00e1bbi r\u00e9szletek tal\u00e1lhat\u00f3k ebben az Adatv\u00e9delmi Szab\u00e1lyzatban.<\/p>\n<h4>6. Adatbiztons\u00e1g<\/h4>\n<p>Weboldalunk SSL\/TLS titkos\u00edt\u00e1st haszn\u00e1l a biztons\u00e1g \u00e9rdek\u00e9ben \u00e9s az \u00e9rz\u00e9keny adat\u00e1tviteli folyamatok, p\u00e9ld\u00e1ul a fizet\u00e9si adatok v\u00e9delm\u00e9re. A titkos\u00edtott kapcsolatot a b\u00f6ng\u00e9sz\u0151d c\u00edmsor\u00e1ban az \u201ehttps:\/\/\u201d \u00e9s egy lakat ikon jelzi.<\/p>\n<h4>7. Cookie-k<\/h4>\n<p>Cookie-kat haszn\u00e1lunk a weboldal haszn\u00e1lhat\u00f3s\u00e1g\u00e1nak \u00e9s teljes\u00edtm\u00e9ny\u00e9nek jav\u00edt\u00e1s\u00e1ra. A cookie-be\u00e1ll\u00edt\u00e1sokat a b\u00f6ng\u00e9sz\u0151d be\u00e1ll\u00edt\u00e1sai k\u00f6z\u00f6tt kezelheted. A cookie-k letilt\u00e1sa korl\u00e1tozhatja a weboldal funkcionalit\u00e1s\u00e1t.<\/p>\n<h4>8. Szervernapl\u00f3 f\u00e1jlok<\/h4>\n<p>A t\u00e1rhelyszolg\u00e1ltat\u00f3nk automatikusan gy\u0171jti a b\u00f6ng\u00e9sz\u0151d \u00e1ltal tov\u00e1bb\u00edtott adatokat, bele\u00e9rtve a b\u00f6ng\u00e9sz\u0151 t\u00edpus\u00e1t, az oper\u00e1ci\u00f3s rendszert, a hivatkoz\u00f3 URL-t, a hosztnevet \u00e9s az IP-c\u00edmet. Ezek az adatok sz\u00fcks\u00e9gesek a weboldal m\u0171k\u00f6d\u00e9s\u00e9nek \u00e9s biztons\u00e1g\u00e1nak biztos\u00edt\u00e1s\u00e1hoz.<\/p>\n<h4>9. Kapcsolatfelv\u00e9teli \u0171rlap \u00e9s kommunik\u00e1ci\u00f3<\/h4>\n<p>Amikor kapcsolatba l\u00e9psz vel\u00fcnk \u0171rlapokon, e-mailben vagy telefonon kereszt\u00fcl, az \u00e1ltalad megadott adatokat kiz\u00e1r\u00f3lag az \u00e9rdekl\u0151d\u00e9sed kezel\u00e9s\u00e9re t\u00e1roljuk \u00e9s dolgozzuk fel. Az adatkezel\u00e9s a te hozz\u00e1j\u00e1rul\u00e1sodon alapul, amelyet b\u00e1rmikor visszavonhatsz, ha kapcsolatba l\u00e9psz vel\u00fcnk.<\/p>\n<h4>10. Regisztr\u00e1ci\u00f3 a weboldalunkon<\/h4>\n<p>Regisztr\u00e1lhatsz a weboldalunkon tov\u00e1bbi funkci\u00f3k el\u00e9r\u00e9s\u00e9hez. A regisztr\u00e1ci\u00f3 sor\u00e1n gy\u0171jt\u00f6tt adatokat kiz\u00e1r\u00f3lag a k\u00e9rt szolg\u00e1ltat\u00e1sok ny\u00fajt\u00e1s\u00e1ra haszn\u00e1ljuk. A hozz\u00e1j\u00e1rul\u00e1sodat b\u00e1rmikor visszavonhatod.<\/p>\n<h4>11. Elemz\u0151 \u00e9s marketing eszk\u00f6z\u00f6k<\/h4>\n<p>Olyan eszk\u00f6z\u00f6ket haszn\u00e1lunk, mint a Google Analytics, Google Tag Manager \u00e9s Microsoft Clarity a weboldal teljes\u00edtm\u00e9ny\u00e9nek elemz\u00e9s\u00e9re \u00e9s optimaliz\u00e1l\u00e1s\u00e1ra. Ezek az eszk\u00f6z\u00f6k cookie-kat haszn\u00e1lnak \u00e9s haszn\u00e1lati adatokat gy\u0171jtenek, amelyeket harmadik f\u00e9lt\u0151l sz\u00e1rmaz\u00f3 szolg\u00e1ltat\u00f3khoz tov\u00e1bb\u00edthatnak \u00e9s ott t\u00e1rolhatnak.<\/p>\n<h4>12. Fizet\u00e9si szolg\u00e1ltat\u00f3k<\/h4>\n<p>Olyan fizet\u00e9si szolg\u00e1ltat\u00f3kat haszn\u00e1lunk, mint a PayPal \u00e9s a Stripe a tranzakci\u00f3k biztons\u00e1gos lebonyol\u00edt\u00e1s\u00e1hoz. A fizet\u00e9si feldolgoz\u00e1shoz megadott adatok az adott szolg\u00e1ltat\u00f3 adatv\u00e9delmi szab\u00e1lyzata al\u00e1 tartoznak.<\/p>\n<h4>13. Nemzetk\u00f6zi adat\u00e1tvitel<\/h4>\n<p>Az EU-n k\u00edv\u00fcli adat\u00e1tvitel megfelel\u0151 v\u00e9delmi int\u00e9zked\u00e9sek, p\u00e9ld\u00e1ul szabv\u00e1nyos szerz\u0151d\u00e9ses z\u00e1rad\u00e9kok vagy megfelel\u0151s\u00e9gi d\u00f6nt\u00e9sek alapj\u00e1n t\u00f6rt\u00e9nik.<\/p>\n<h4>14. Az Adatv\u00e9delmi Szab\u00e1lyzat m\u00f3dos\u00edt\u00e1sai<\/h4>\n<p>Ezt a szab\u00e1lyzatot id\u0151r\u0151l id\u0151re friss\u00edthetj\u00fck. A v\u00e1ltoz\u00e1sokat itt tessz\u00fck k\u00f6zz\u00e9 a m\u00f3dos\u00edtott hat\u00e1lybal\u00e9p\u00e9si d\u00e1tummal egy\u00fctt.<\/p>\n<h4>15. Kapcsolat<\/h4>\n<p>Az Adatv\u00e9delmi Szab\u00e1lyzattal vagy adatv\u00e9delmi gyakorlatainkkal kapcsolatos k\u00e9rd\u00e9seiddel k\u00e9rj\u00fck, fordulj hozz\u00e1nk:<br \/>\nThilo Beier<br \/>\nUerdinger Str. 630<br \/>\n47800 Krefeld, N\u00e9metorsz\u00e1g<br \/>\nTelefon: +49 178 8683167<br \/>\nE-mail: info@seotranslationpro.com<\/p>\n<p>Hat\u00e1lybal\u00e9p\u00e9s d\u00e1tuma: 2025 \u00e1prilis<\/p>\n<\/div>\n","protected":false},"excerpt":{"rendered":"<p>Adatv\u00e9delmi Szab\u00e1lyzat 1. Adatv\u00e9delmi \u00e1ttekint\u00e9s Ez az Adatv\u00e9delmi Szab\u00e1lyzat \u00e1ttekint\u00e9st ny\u00fajt arr\u00f3l, hogyan dolgozza fel a Thilo Beier, Uerdinger Str. 630, 47800 Krefeld, N\u00e9metorsz\u00e1g (\u201eSEO Translation Pro\u201d, \u201emi\u201d, \u201enek\u00fcnk\u201d vagy \u201eminket\u201d) a seotranslationpro.com weboldalon kereszt\u00fcl gy\u0171jt\u00f6tt szem\u00e9lyes adatokat. A szem\u00e9lyes adatok b\u00e1rmilyen olyan inform\u00e1ci\u00f3t jelentenek, amelyek k\u00e9pesek t\u00e9ged szem\u00e9lyesen azonos\u00edtani. 2. Adatgy\u0171jt\u00e9s a weboldalunkon Az [&hellip;]<\/p>\n","protected":false},"author":1,"featured_media":0,"parent":0,"menu_order":0,"comment_status":"closed","ping_status":"open","template":"","meta":{"_seopress_robots_primary_cat":"","_seopress_titles_title":"","_seopress_titles_desc":"","_seopress_robots_index":"yes","_seopress_analysis_target_kw":"","iawp_total_views":9,"footnotes":""},"class_list":["post-133552","page","type-page","status-publish","hentry"],"_links":{"self":[{"href":"https:\/\/seotranslationpro.com\/hu\/wp-json\/wp\/v2\/pages\/133552","targetHints":{"allow":["GET"]}}],"collection":[{"href":"https:\/\/seotranslationpro.com\/hu\/wp-json\/wp\/v2\/pages"}],"about":[{"href":"https:\/\/seotranslationpro.com\/hu\/wp-json\/wp\/v2\/types\/page"}],"author":[{"embeddable":true,"href":"https:\/\/seotranslationpro.com\/hu\/wp-json\/wp\/v2\/users\/1"}],"replies":[{"embeddable":true,"href":"https:\/\/seotranslationpro.com\/hu\/wp-json\/wp\/v2\/comments?post=133552"}],"version-history":[{"count":0,"href":"https:\/\/seotranslationpro.com\/hu\/wp-json\/wp\/v2\/pages\/133552\/revisions"}],"wp:attachment":[{"href":"https:\/\/seotranslationpro.com\/hu\/wp-json\/wp\/v2\/media?parent=133552"}],"curies":[{"name":"wp","href":"https:\/\/api.w.org\/{rel}","templated":true}]}}