{"id":133551,"date":"2025-04-14T23:02:58","date_gmt":"2025-04-14T21:02:58","guid":{"rendered":"https:\/\/seotranslationpro.com\/terms-2\/"},"modified":"2026-02-10T22:40:44","modified_gmt":"2026-02-10T21:40:44","slug":"feltetelek","status":"publish","type":"page","link":"https:\/\/seotranslationpro.com\/hu\/feltetelek\/","title":{"rendered":"Felt\u00e9telek"},"content":{"rendered":"<div class=\"terms-conditions\">\n<h4>1. Alkalmaz\u00e1si ter\u00fclet<\/h4>\n<p>Ezek a Felt\u00e9telek (&#8222;Felt\u00e9telek&#8221;) szab\u00e1lyozz\u00e1k a Thilo Beier, Uerdinger Str. 630, 47800 Krefeld, N\u00e9metorsz\u00e1g (&#8222;SEO Translation Pro&#8221;, &#8222;mi&#8221;, &#8222;minket&#8221; vagy &#8222;mi\u00e9nk&#8221;) \u00e1ltal a <a href=\"https:\/\/seotranslationpro.com\/hu\/\">seotranslationpro.com<\/a> weboldalon kereszt\u00fcl ny\u00fajtott szolg\u00e1ltat\u00e1sok haszn\u00e1lat\u00e1t. A szolg\u00e1ltat\u00e1saink el\u00e9r\u00e9s\u00e9vel vagy haszn\u00e1lat\u00e1val elfogadod, hogy k\u00f6tve vagy ezekhez a Felt\u00e9telekhez.<\/p>\n<h4>2. Ny\u00fajtott szolg\u00e1ltat\u00e1sok<\/h4>\n<p>A SEO Translation Pro automatiz\u00e1lt ford\u00edt\u00e1si szolg\u00e1ltat\u00e1sokat k\u00edn\u00e1l mesters\u00e9ges intelligencia (AI) technol\u00f3gi\u00e1k alkalmaz\u00e1s\u00e1val, bele\u00e9rtve a CSV adatok ford\u00edt\u00e1s\u00e1t, sz\u00f3szedet-kezel\u00e9st, hangnem adapt\u00e1l\u00e1st (form\u00e1lis\/inform\u00e1lis) \u00e9s API-n kereszt\u00fcli integr\u00e1ci\u00f3t. A r\u00e9szletek el\u00e9rhet\u0151k a weboldalunkon.<\/p>\n<h4>3. Felhaszn\u00e1l\u00f3i jogosults\u00e1g<\/h4>\n<p>A szolg\u00e1ltat\u00e1sok 18 \u00e9ves vagy ann\u00e1l id\u0151sebb mag\u00e1nszem\u00e9lyek \u00e9s v\u00e1llalkoz\u00e1sok sz\u00e1m\u00e1ra \u00e9rhet\u0151k el. A szolg\u00e1ltat\u00e1saink haszn\u00e1lat\u00e1val kijelented \u00e9s szavatolod, hogy megfelelsz ezeknek a jogosults\u00e1gi k\u00f6vetelm\u00e9nyeknek.<\/p>\n<h4>4. Fi\u00f3kregisztr\u00e1ci\u00f3 \u00e9s biztons\u00e1g<\/h4>\n<p>Elfogadod, hogy pontos \u00e9s teljes regisztr\u00e1ci\u00f3s adatokat adsz meg, \u00e9s hogy meg\u0151rz\u00f6d a fi\u00f3kod hiteles\u00edt\u0151 adatainak biztons\u00e1g\u00e1t. Felel\u0151s vagy minden olyan tev\u00e9kenys\u00e9g\u00e9rt, amely a fi\u00f3kod alatt t\u00f6rt\u00e9nik.<\/p>\n<h4>5. El\u0151fizet\u00e9si csomagok \u00e9s fizet\u00e9s<\/h4>\n<p>K\u00fcl\u00f6nb\u00f6z\u0151 el\u0151fizet\u00e9si csomagok \u00e9rhet\u0151k el elt\u00e9r\u0151 funkci\u00f3kkal \u00e9s korl\u00e1tokkal. A fizet\u00e9s havonta el\u0151re esed\u00e9kes \u00e9s nem visszat\u00e9r\u00edthet\u0151, kiv\u00e9ve, ha a jogszab\u00e1ly m\u00e1sk\u00e9nt nem rendelkezik.<\/p>\n<h4>6. Haszn\u00e1lati korl\u00e1tok \u00e9s tisztess\u00e9ges haszn\u00e1lati szab\u00e1lyzat<\/h4>\n<p>Minden el\u0151fizet\u00e9s meghat\u00e1rozott haszn\u00e1lati korl\u00e1tokat tartalmaz. Ezek t\u00fall\u00e9p\u00e9se tov\u00e1bbi d\u00edjakat vagy a szolg\u00e1ltat\u00e1s felf\u00fcggeszt\u00e9s\u00e9t eredm\u00e9nyezheti.<\/p>\n<h4>7. Lemond\u00e1s \u00e9s megsz\u00fcntet\u00e9s<\/h4>\n<p>B\u00e1rmikor lemondhatod a szolg\u00e1ltat\u00e1st a fi\u00f3kbe\u00e1ll\u00edt\u00e1saidon kereszt\u00fcl. A megsz\u00fcntet\u00e9s a sz\u00e1ml\u00e1z\u00e1si ciklusod v\u00e9g\u00e9n l\u00e9p \u00e9letbe. Felf\u00fcggeszthetj\u00fck vagy megsz\u00fcntethetj\u00fck a szolg\u00e1ltat\u00e1sokat, ha megs\u00e9rted ezeket a Felt\u00e9teleket.<\/p>\n<h4>8. Szellemi tulajdonjogok<\/h4>\n<p>Minden szolg\u00e1ltat\u00e1ssal kapcsolatos szellemi tulajdonjog kiz\u00e1r\u00f3lag a SEO Translation Pro vagy licencad\u00f3inak tulajdona. Jogosulatlan haszn\u00e1lat tilos.<\/p>\n<h4>9. Felhaszn\u00e1l\u00f3i tartalom<\/h4>\n<p>Meg\u0151rz\u00f6d a tartalmadhoz f\u0171z\u0151d\u0151 jogokat, de nem kiz\u00e1r\u00f3lagos enged\u00e9lyt adsz nek\u00fcnk a tartalmad feldolgoz\u00e1s\u00e1ra a szolg\u00e1ltat\u00e1s ny\u00fajt\u00e1sa \u00e9rdek\u00e9ben. Jogosultnak kell lenned a tartalom beny\u00fajt\u00e1s\u00e1ra.<\/p>\n<h4>10. Adatv\u00e9delem \u00e9s mag\u00e1n\u00e9let<\/h4>\n<p>A szem\u00e9lyes adatok kezel\u00e9s\u00e9r\u0151l a <a href=\"https:\/\/seotranslationpro.com\/hu\/adatvedelmi-iranyelvek\/\">Adatv\u00e9delmi Szab\u00e1lyzatunkban<\/a> t\u00e1j\u00e9koz\u00f3dhatsz, amely megfelel a GDPR-nak \u00e9s az alkalmazand\u00f3 jogszab\u00e1lyoknak.<\/p>\n<h4>11. Titoktart\u00e1s<\/h4>\n<p>A tartalmadat bizalmasan kezelj\u00fck, csak a szolg\u00e1ltat\u00e1s ny\u00fajt\u00e1s\u00e1hoz sz\u00fcks\u00e9ges m\u00e9rt\u00e9kben vagy jogszab\u00e1lyi k\u00f6telezetts\u00e9g eset\u00e9n hozzuk nyilv\u00e1noss\u00e1gra. Er\u0151s int\u00e9zked\u00e9seket alkalmazunk az adataid v\u00e9delm\u00e9re.<\/p>\n<h4>12. Felel\u0151ss\u00e9gkiz\u00e1r\u00e1s \u00e9s felel\u0151ss\u00e9gkorl\u00e1toz\u00e1s<\/h4>\n<p>A szolg\u00e1ltat\u00e1sok &#8222;ahogy vannak&#8221; alapon \u00e9rhet\u0151k el, garanci\u00e1k n\u00e9lk\u00fcl. Nem v\u00e1llalunk felel\u0151ss\u00e9get k\u00f6zvetett vagy k\u00f6vetkezm\u00e9nyi k\u00e1rok\u00e9rt, elmaradt haszon\u00e9rt vagy SEO eredm\u00e9nyek\u00e9rt.<\/p>\n<h4>13. K\u00e1rtalan\u00edt\u00e1s<\/h4>\n<p>Elfogadod, hogy k\u00e1rtalan\u00edtod a SEO Translation Pro-t a szolg\u00e1ltat\u00e1sok haszn\u00e1lat\u00e1b\u00f3l, a Felt\u00e9telek megs\u00e9rt\u00e9s\u00e9b\u0151l vagy harmadik f\u00e9l jogainak megs\u00e9rt\u00e9s\u00e9b\u0151l ered\u0151 k\u00f6vetel\u00e9sek ellen.<\/p>\n<h4>14. Felt\u00e9telek m\u00f3dos\u00edt\u00e1sa<\/h4>\n<p>B\u00e1rmikor m\u00f3dos\u00edthatjuk ezeket a Felt\u00e9teleket. A v\u00e1ltoz\u00e1sokat k\u00f6zz\u00e9tessz\u00fck a weboldalunkon friss\u00edtett hat\u00e1lybal\u00e9p\u00e9si d\u00e1tummal. A szolg\u00e1ltat\u00e1s tov\u00e1bbi haszn\u00e1lata a m\u00f3dos\u00edtott Felt\u00e9telek elfogad\u00e1s\u00e1t jelenti.<\/p>\n<h4>15. Ir\u00e1nyad\u00f3 jog \u00e9s illet\u00e9kess\u00e9g<\/h4>\n<p>Ezekre a Felt\u00e9telekre a n\u00e9met jog az ir\u00e1nyad\u00f3. A vit\u00e1s \u00fcgyek kiz\u00e1r\u00f3lagos illet\u00e9kess\u00e9ge D\u00fcsseldorf, N\u00e9metorsz\u00e1g.<\/p>\n<h4>16. Kapcsolat<\/h4>\n<p>K\u00e9rd\u00e9sek eset\u00e9n k\u00e9rj\u00fck, vedd fel a kapcsolatot:<br \/>\nThilo Beier<br \/>\nUerdinger Str. 630<br \/>\n47800 Krefeld, N\u00e9metorsz\u00e1g<br \/>\nTelefon: +49 178 8683167<br \/>\nEmail: info@seotranslationpro.com<\/p>\n<p>Hat\u00e1lybal\u00e9p\u00e9s d\u00e1tuma: 2025 \u00e1prilis<\/p>\n<\/div>\n","protected":false},"excerpt":{"rendered":"<p>1. Alkalmaz\u00e1si ter\u00fclet Ezek a Felt\u00e9telek (&#8222;Felt\u00e9telek&#8221;) szab\u00e1lyozz\u00e1k a Thilo Beier, Uerdinger Str. 630, 47800 Krefeld, N\u00e9metorsz\u00e1g (&#8222;SEO Translation Pro&#8221;, &#8222;mi&#8221;, &#8222;minket&#8221; vagy &#8222;mi\u00e9nk&#8221;) \u00e1ltal a seotranslationpro.com weboldalon kereszt\u00fcl ny\u00fajtott szolg\u00e1ltat\u00e1sok haszn\u00e1lat\u00e1t. A szolg\u00e1ltat\u00e1saink el\u00e9r\u00e9s\u00e9vel vagy haszn\u00e1lat\u00e1val elfogadod, hogy k\u00f6tve vagy ezekhez a Felt\u00e9telekhez. 2. Ny\u00fajtott szolg\u00e1ltat\u00e1sok A SEO Translation Pro automatiz\u00e1lt ford\u00edt\u00e1si szolg\u00e1ltat\u00e1sokat k\u00edn\u00e1l [&hellip;]<\/p>\n","protected":false},"author":1,"featured_media":0,"parent":0,"menu_order":0,"comment_status":"closed","ping_status":"open","template":"","meta":{"_seopress_robots_primary_cat":"","_seopress_titles_title":"","_seopress_titles_desc":"","_seopress_robots_index":"","_seopress_analysis_target_kw":"","iawp_total_views":9,"footnotes":""},"class_list":["post-133551","page","type-page","status-publish","hentry"],"_links":{"self":[{"href":"https:\/\/seotranslationpro.com\/hu\/wp-json\/wp\/v2\/pages\/133551","targetHints":{"allow":["GET"]}}],"collection":[{"href":"https:\/\/seotranslationpro.com\/hu\/wp-json\/wp\/v2\/pages"}],"about":[{"href":"https:\/\/seotranslationpro.com\/hu\/wp-json\/wp\/v2\/types\/page"}],"author":[{"embeddable":true,"href":"https:\/\/seotranslationpro.com\/hu\/wp-json\/wp\/v2\/users\/1"}],"replies":[{"embeddable":true,"href":"https:\/\/seotranslationpro.com\/hu\/wp-json\/wp\/v2\/comments?post=133551"}],"version-history":[{"count":0,"href":"https:\/\/seotranslationpro.com\/hu\/wp-json\/wp\/v2\/pages\/133551\/revisions"}],"wp:attachment":[{"href":"https:\/\/seotranslationpro.com\/hu\/wp-json\/wp\/v2\/media?parent=133551"}],"curies":[{"name":"wp","href":"https:\/\/api.w.org\/{rel}","templated":true}]}}