{"id":133550,"date":"2025-04-09T09:38:43","date_gmt":"2025-04-09T07:38:43","guid":{"rendered":"https:\/\/seotranslationpro.com\/imprint-3\/"},"modified":"2026-02-10T22:40:43","modified_gmt":"2026-02-10T21:40:43","slug":"impresszum","status":"publish","type":"page","link":"https:\/\/seotranslationpro.com\/hu\/impresszum\/","title":{"rendered":"Impresszum | SEO Translation Pro"},"content":{"rendered":"<h4>Inform\u00e1ci\u00f3k a \u00a7 5 TMG szerint:<\/h4>\n<p>Thilo Beier<br \/>\nUerdinger Str. 630<br \/>\n47800 Krefeld<\/p>\n<p>Telefon: 0178 8683167<br \/>\nFax: 03222 3943427<\/p>\n<p>E-mail: <a href=\"mailto:info@seotranslationpro.com\">info@seotranslationpro.com<\/a><\/p>\n<h4>\u00c1FA:<\/h4>\n<p>Forgalmi ad\u00f3azonos\u00edt\u00f3 sz\u00e1m a forgalmi ad\u00f3r\u00f3l sz\u00f3l\u00f3 t\u00f6rv\u00e9ny 27. \u00a7 a) pontja szerint: DE305919192<\/p>\n<h4>Vitarendez\u00e9s:<\/h4>\n<p>E-mail c\u00edm\u00fcnket a fent eml\u00edtett jogi nyilatkozatban tal\u00e1lod meg.<\/p>\n<p>Nem vagyunk hajland\u00f3ak vagy k\u00f6telesek fogyaszt\u00f3i vitarendez\u00e9si elj\u00e1r\u00e1sban r\u00e9szt venni.<\/p>\n<h4>Felel\u0151ss\u00e9g a tartalom\u00e9rt:<\/h4>\n<p>Szolg\u00e1ltat\u00f3k\u00e9nt a saj\u00e1t tartalmunk\u00e9rt ezen az oldalon a n\u00e9met T\u00e1vk\u00f6zl\u00e9si T\u00f6rv\u00e9ny (TMG) 7. \u00a7 (1) bekezd\u00e9se \u00e9s az \u00e1ltal\u00e1nos jogszab\u00e1lyok szerint felel\u00fcnk. Azonban a TMG 8\u201310. \u00a7\u00a7 szerint szolg\u00e1ltat\u00f3k\u00e9nt nem vagyunk k\u00f6telesek a tov\u00e1bb\u00edtott vagy t\u00e1rolt harmadik f\u00e9l \u00e1ltali inform\u00e1ci\u00f3kat folyamatosan ellen\u0151rizni, vagy olyan k\u00f6r\u00fclm\u00e9nyeket vizsg\u00e1lni, amelyek jogs\u00e9rt\u00e9sre utalnak.<\/p>\n<p>Az \u00e1ltal\u00e1nos jogszab\u00e1lyok szerinti elt\u00e1vol\u00edt\u00e1si vagy hozz\u00e1f\u00e9r\u00e9s-blokkol\u00e1si k\u00f6telezetts\u00e9gek v\u00e1ltozatlanul \u00e9rv\u00e9nyesek. Felel\u0151ss\u00e9g azonban csak a konkr\u00e9t jogs\u00e9rt\u00e9s tudom\u00e1s\u00e1ra jut\u00e1s\u00e1t\u00f3l lehets\u00e9ges. Amint tudom\u00e1st szerz\u00fcnk ilyen jogs\u00e9rt\u00e9sr\u0151l, azonnal elt\u00e1vol\u00edtjuk a tartalmat.<\/p>\n<h4>Felel\u0151ss\u00e9g a linkek\u00e9rt:<\/h4>\n<p>Weboldalunk k\u00fcls\u0151, harmadik f\u00e9l weboldalakra mutat\u00f3 linkeket tartalmaz, amelyek tartalm\u00e1ra nincs befoly\u00e1sunk. Ez\u00e9rt nem v\u00e1llalunk felel\u0151ss\u00e9get ezen harmadik f\u00e9l tartalmak\u00e9rt. A linkelt oldalak tartalm\u00e1\u00e9rt mindig az adott szolg\u00e1ltat\u00f3 vagy \u00fczemeltet\u0151 felel\u0151s. A linkel\u00e9s id\u0151pontj\u00e1ban a linkelt oldalak jogs\u00e9rt\u0151 tartalma nem volt felismerhet\u0151.<\/p>\n<p>Azonban a linkelt oldalak tartalm\u00e1nak folyamatos ellen\u0151rz\u00e9se nem \u00e9sszer\u0171 konkr\u00e9t jogs\u00e9rt\u00e9s gyan\u00faja n\u00e9lk\u00fcl. Ha jogs\u00e9rt\u00e9sr\u0151l \u00e9rtes\u00fcl\u00fcnk, azonnal elt\u00e1vol\u00edtjuk az ilyen linkeket.<\/p>\n<h4>Szerz\u0151i jog:<\/h4>\n<p>Az oldal \u00fczemeltet\u0151i \u00e1ltal ezen az oldalon l\u00e9trehozott tartalmak \u00e9s m\u0171vek a n\u00e9met szerz\u0151i jog hat\u00e1lya al\u00e1 tartoznak. Ezek m\u00e1sol\u00e1sa, feldolgoz\u00e1sa, terjeszt\u00e9se \u00e9s b\u00e1rmilyen felhaszn\u00e1l\u00e1sa a szerz\u0151i jog \u00e1ltal megengedett kereteken k\u00edv\u00fcl csak az adott szerz\u0151 vagy alkot\u00f3 \u00edr\u00e1sos enged\u00e9ly\u00e9vel lehets\u00e9ges. Az oldal let\u00f6lt\u00e9se \u00e9s m\u00e1sol\u00e1sa kiz\u00e1r\u00f3lag mag\u00e1n, nem kereskedelmi c\u00e9lra enged\u00e9lyezett.<\/p>\n<p>Amennyiben az oldal tartalma nem az \u00fczemeltet\u0151 \u00e1ltal k\u00e9sz\u00fclt, tiszteletben tartjuk harmadik felek szerz\u0151i jogait. K\u00fcl\u00f6n\u00f6sen a harmadik f\u00e9l tartalmakat ennek megfelel\u0151en jel\u00f6lj\u00fck. Ha m\u00e9gis szerz\u0151i jogs\u00e9rt\u00e9sre leszel figyelmes, k\u00e9rj\u00fck, jelezd nek\u00fcnk. Ha jogs\u00e9rt\u00e9sr\u0151l \u00e9rtes\u00fcl\u00fcnk, azonnal elt\u00e1vol\u00edtjuk az ilyen tartalmat.<\/p>\n","protected":false},"excerpt":{"rendered":"<p>Inform\u00e1ci\u00f3k a \u00a7 5 TMG szerint: Thilo Beier Uerdinger Str. 630 47800 Krefeld Telefon: 0178 8683167 Fax: 03222 3943427 E-mail: info@seotranslationpro.com \u00c1FA: Forgalmi ad\u00f3azonos\u00edt\u00f3 sz\u00e1m a forgalmi ad\u00f3r\u00f3l sz\u00f3l\u00f3 t\u00f6rv\u00e9ny 27. \u00a7 a) pontja szerint: DE305919192 Vitarendez\u00e9s: E-mail c\u00edm\u00fcnket a fent eml\u00edtett jogi nyilatkozatban tal\u00e1lod meg. Nem vagyunk hajland\u00f3ak vagy k\u00f6telesek fogyaszt\u00f3i vitarendez\u00e9si elj\u00e1r\u00e1sban r\u00e9szt [&hellip;]<\/p>\n","protected":false},"author":1,"featured_media":0,"parent":0,"menu_order":0,"comment_status":"closed","ping_status":"open","template":"","meta":{"_seopress_robots_primary_cat":"","_seopress_titles_title":"","_seopress_titles_desc":"","_seopress_robots_index":"","_seopress_analysis_target_kw":"","iawp_total_views":27,"footnotes":""},"class_list":["post-133550","page","type-page","status-publish","hentry"],"_links":{"self":[{"href":"https:\/\/seotranslationpro.com\/hu\/wp-json\/wp\/v2\/pages\/133550","targetHints":{"allow":["GET"]}}],"collection":[{"href":"https:\/\/seotranslationpro.com\/hu\/wp-json\/wp\/v2\/pages"}],"about":[{"href":"https:\/\/seotranslationpro.com\/hu\/wp-json\/wp\/v2\/types\/page"}],"author":[{"embeddable":true,"href":"https:\/\/seotranslationpro.com\/hu\/wp-json\/wp\/v2\/users\/1"}],"replies":[{"embeddable":true,"href":"https:\/\/seotranslationpro.com\/hu\/wp-json\/wp\/v2\/comments?post=133550"}],"version-history":[{"count":0,"href":"https:\/\/seotranslationpro.com\/hu\/wp-json\/wp\/v2\/pages\/133550\/revisions"}],"wp:attachment":[{"href":"https:\/\/seotranslationpro.com\/hu\/wp-json\/wp\/v2\/media?parent=133550"}],"curies":[{"name":"wp","href":"https:\/\/api.w.org\/{rel}","templated":true}]}}