{"id":116514,"date":"2025-04-09T09:38:43","date_gmt":"2025-04-09T07:38:43","guid":{"rendered":"https:\/\/seotranslationpro.com\/imprint-3\/"},"modified":"2026-03-15T20:40:03","modified_gmt":"2026-03-15T19:40:03","slug":"impressum","status":"publish","type":"page","link":"https:\/\/seotranslationpro.com\/hr\/impressum\/","title":{"rendered":"Impressum | SEO Translation Pro"},"content":{"rendered":"<h4>Informacije prema \u00a7 5 TMG:<\/h4>\n<p>Thilo Beier<br \/>\nUerdinger Str. 630<br \/>\n47800 Krefeld<\/p>\n<p>Telefon: 0178 8683167<br \/>\nFax: 03222 3943427<\/p>\n<p>E-mail: <a href=\"mailto:info@seotranslationpro.com\">info@seotranslationpro.com<\/a><\/p>\n<h4>Porez na dodanu vrijednost:<\/h4>\n<p>Identifikacijski broj za porez na promet prema \u00a727 a zakona o porezu na promet: DE305919192<\/p>\n<h4>Rje\u0161avanje sporova:<\/h4>\n<p>Na\u0161u adresu e-po\u0161te mo\u017ee\u0161 prona\u0107i u pravnom obavje\u0161tenju gore.<\/p>\n<p>Nismo voljni niti obvezni sudjelovati u postupcima rje\u0161avanja sporova pred potro\u0161a\u010dkim arbitra\u017enim odborom.<\/p>\n<h4>Odgovornost za sadr\u017eaj:<\/h4>\n<p>Kao pru\u017eatelj usluga odgovorni smo za vlastiti sadr\u017eaj na ovim stranicama u skladu s odjeljkom 7 (1) TMG (Njema\u010dki zakon o telemedijima) i op\u0107im zakonodavstvom. Me\u0111utim, prema \u00a7\u00a7 8 do 10 TMG, kao pru\u017eatelj usluga nismo obvezni nadzirati prenesene ili pohranjene informacije tre\u0107ih strana niti istra\u017eivati okolnosti koje ukazuju na nezakonite aktivnosti.<\/p>\n<p>Obveze uklanjanja ili blokiranja kori\u0161tenja informacija u skladu s op\u0107im zakonodavstvom ostaju nepromijenjene. Odgovornost u tom pogledu mogu\u0107a je tek od trenutka saznanja o odre\u0111enom kr\u0161enju. \u010cim saznamo za takva kr\u0161enja, odmah \u0107emo ukloniti taj sadr\u017eaj.<\/p>\n<h4>Odgovornost za poveznice:<\/h4>\n<p>Na\u0161a web stranica sadr\u017ei poveznice na vanjske web stranice tre\u0107ih strana nad \u010dijim sadr\u017eajem nemamo utjecaj. Stoga ne mo\u017eemo prihvatiti nikakvu odgovornost za sadr\u017eaj tih tre\u0107ih strana. Odgovorni za sadr\u017eaj povezanih stranica uvijek su odgovaraju\u0107i pru\u017eatelj ili operater stranica. Povezane stranice su provjerene na mogu\u0107e pravne povrede u trenutku povezivanja. Nezakoniti sadr\u017eaji nisu bili prepoznatljivi u trenutku povezivanja.<\/p>\n<p>Me\u0111utim, trajni nadzor sadr\u017eaja povezanih stranica nije razuman bez konkretnih dokaza o povredi. Ako saznamo za bilo kakve pravne povrede, odmah \u0107emo ukloniti takve poveznice.<\/p>\n<h4>Autorska prava:<\/h4>\n<p>Sadr\u017eaj i djela koja su stvorili operatori stranica na ovim stranicama podlije\u017eu njema\u010dkom zakonu o autorskim pravima. Duplicitiranje, obrada, distribucija i bilo koja vrsta kori\u0161tenja izvan granica zakona o autorskim pravima zahtijevaju pisani pristanak odgovaraju\u0107eg autora ili tvorca. Preuzimanje i kopiranje ove stranice dopu\u0161teno je samo za privatnu, nekomercijalnu upotrebu.<\/p>\n<p>U mjeri u kojoj sadr\u017eaj na ovoj stranici nije stvorio operator, po\u0161tuju se autorska prava tre\u0107ih strana. Posebno, sadr\u017eaj tre\u0107ih strana je ozna\u010den kao takav. Ako ipak primijeti\u0161 kr\u0161enje autorskih prava, molimo te da nas o tome obavijesti\u0161. Ako saznamo za bilo kakve povrede, odmah \u0107emo ukloniti takav sadr\u017eaj.<\/p>\n","protected":false},"excerpt":{"rendered":"<p>Informacije prema \u00a7 5 TMG: Thilo Beier Uerdinger Str. 630 47800 Krefeld Telefon: 0178 8683167 Fax: 03222 3943427 E-mail: info@seotranslationpro.com Porez na dodanu vrijednost: Identifikacijski broj za porez na promet prema \u00a727 a zakona o porezu na promet: DE305919192 Rje\u0161avanje sporova: Na\u0161u adresu e-po\u0161te mo\u017ee\u0161 prona\u0107i u pravnom obavje\u0161tenju gore. Nismo voljni niti obvezni sudjelovati [&hellip;]<\/p>\n","protected":false},"author":1,"featured_media":0,"parent":0,"menu_order":0,"comment_status":"closed","ping_status":"open","template":"","meta":{"_seopress_robots_primary_cat":"","_seopress_titles_title":"","_seopress_titles_desc":"","_seopress_robots_index":"","_seopress_analysis_target_kw":"","iawp_total_views":1,"footnotes":""},"class_list":["post-116514","page","type-page","status-publish","hentry"],"_links":{"self":[{"href":"https:\/\/seotranslationpro.com\/hr\/wp-json\/wp\/v2\/pages\/116514","targetHints":{"allow":["GET"]}}],"collection":[{"href":"https:\/\/seotranslationpro.com\/hr\/wp-json\/wp\/v2\/pages"}],"about":[{"href":"https:\/\/seotranslationpro.com\/hr\/wp-json\/wp\/v2\/types\/page"}],"author":[{"embeddable":true,"href":"https:\/\/seotranslationpro.com\/hr\/wp-json\/wp\/v2\/users\/1"}],"replies":[{"embeddable":true,"href":"https:\/\/seotranslationpro.com\/hr\/wp-json\/wp\/v2\/comments?post=116514"}],"version-history":[{"count":0,"href":"https:\/\/seotranslationpro.com\/hr\/wp-json\/wp\/v2\/pages\/116514\/revisions"}],"wp:attachment":[{"href":"https:\/\/seotranslationpro.com\/hr\/wp-json\/wp\/v2\/media?parent=116514"}],"curies":[{"name":"wp","href":"https:\/\/api.w.org\/{rel}","templated":true}]}}