{"id":15912,"date":"2025-04-16T22:36:39","date_gmt":"2025-04-16T20:36:39","guid":{"rendered":"https:\/\/seotranslationpro.com\/imprint-2-2\/"},"modified":"2026-02-09T20:42:39","modified_gmt":"2026-02-09T19:42:39","slug":"mentions-legales-2","status":"publish","type":"page","link":"https:\/\/seotranslationpro.com\/fr\/mentions-legales-2\/","title":{"rendered":"Mentions l\u00e9gales"},"content":{"rendered":"<h4>Informations selon le \u00a7 5 TMG :<\/h4>\n<p>Thilo Beier<br \/>\nUerdinger Str. 630<br \/>\n47800 Krefeld<\/p>\n<p>T\u00e9l\u00e9phone : 0178 8683167<br \/>\nFax : 03222 3943427<\/p>\n<p>E-mail : <a href=\"mailto:info@seotranslation.com\">info@seotranslation.com<\/a><\/p>\n<h4>TVA :<\/h4>\n<p>Num\u00e9ro d\u2019identification TVA selon le \u00a727 a Umsatzsteuergesetz : DE305919192<\/p>\n<h4>R\u00e8glement des litiges :<\/h4>\n<p>La Commission europ\u00e9enne met \u00e0 disposition une plateforme de r\u00e8glement en ligne des litiges (ODR) : <a href=\"https:\/\/ec.europa.eu\/consumers\/odr\">https:\/\/ec.europa.eu\/consumers\/odr<\/a>.<br \/>\nTu peux trouver notre adresse e-mail ci-dessus dans l\u2019empreinte.<\/p>\n<p>Nous ne sommes ni dispos\u00e9s ni oblig\u00e9s \u00e0 participer \u00e0 une proc\u00e9dure de r\u00e8glement des litiges devant un comit\u00e9 d\u2019arbitrage des consommateurs.<\/p>\n<h4>Responsabilit\u00e9 du contenu :<\/h4>\n<p>En tant que prestataire de services, nous sommes responsables de notre propre contenu sur ces pages conform\u00e9ment au \u00a7 7 paragraphe 1 TMG selon les lois g\u00e9n\u00e9rales. Selon les \u00a7\u00a7 8 \u00e0 10 TMG, nous ne sommes toutefois pas oblig\u00e9s, en tant que prestataire de services, de surveiller les informations transmises ou stock\u00e9es provenant de sources externes ni d\u2019enqu\u00eater sur des circonstances indiquant une activit\u00e9 ill\u00e9gale.<\/p>\n<p>Les obligations de retirer ou de bloquer l\u2019utilisation d\u2019informations selon les lois g\u00e9n\u00e9rales restent inchang\u00e9es. La responsabilit\u00e9 \u00e0 cet \u00e9gard n\u2019est possible qu\u2019\u00e0 partir du moment o\u00f9 nous prenons connaissance d\u2019une infraction sp\u00e9cifique. D\u00e8s que nous prenons connaissance de telles violations l\u00e9gales, nous retirerons imm\u00e9diatement ce contenu.<\/p>\n<h4>Responsabilit\u00e9 des liens :<\/h4>\n<p>Notre offre contient des liens vers des sites web externes de tiers, sur le contenu desquels nous n\u2019avons aucune influence. Par cons\u00e9quent, nous ne pouvons assumer aucune responsabilit\u00e9 pour ces contenus externes. Le fournisseur ou l\u2019exploitant respectif des pages est toujours responsable du contenu des pages li\u00e9es. Les pages li\u00e9es ont \u00e9t\u00e9 v\u00e9rifi\u00e9es pour d\u2019\u00e9ventuelles violations l\u00e9gales au moment du lien. Aucun contenu ill\u00e9gal n\u2019\u00e9tait reconnaissable au moment du lien.<\/p>\n<p>Un contr\u00f4le permanent du contenu des pages li\u00e9es n\u2019est toutefois pas raisonnable sans des preuves concr\u00e8tes d\u2019une violation l\u00e9gale. D\u00e8s que nous prenons connaissance de violations l\u00e9gales, nous retirerons imm\u00e9diatement ces liens.<\/p>\n<h4>Droits d\u2019auteur :<\/h4>\n<p>Le contenu et les \u0153uvres cr\u00e9\u00e9s par les exploitants du site sur ces pages sont soumis au droit d\u2019auteur allemand. La duplication, le traitement, la distribution et toute forme d\u2019exploitation au-del\u00e0 des limites du droit d\u2019auteur n\u00e9cessitent le consentement \u00e9crit de l\u2019auteur ou du cr\u00e9ateur respectif. Les t\u00e9l\u00e9chargements et copies de ce site sont uniquement autoris\u00e9s pour un usage priv\u00e9 et non commercial.<\/p>\n<p>Dans la mesure o\u00f9 le contenu de ce site n\u2019a pas \u00e9t\u00e9 cr\u00e9\u00e9 par l\u2019exploitant, les droits d\u2019auteur de tiers sont respect\u00e9s. En particulier, le contenu tiers est identifi\u00e9 comme tel. Si tu prends n\u00e9anmoins connaissance d\u2019une violation du droit d\u2019auteur, merci de nous en informer en cons\u00e9quence. D\u00e8s que nous prenons connaissance de violations l\u00e9gales, nous retirerons imm\u00e9diatement ce contenu.<\/p>\n","protected":false},"excerpt":{"rendered":"<p>Informations selon le \u00a7 5 TMG : Thilo Beier Uerdinger Str. 630 47800 Krefeld T\u00e9l\u00e9phone : 0178 8683167 Fax : 03222 3943427 E-mail : info@seotranslation.com TVA : Num\u00e9ro d\u2019identification TVA selon le \u00a727 a Umsatzsteuergesetz : DE305919192 R\u00e8glement des litiges : La Commission europ\u00e9enne met \u00e0 disposition une plateforme de r\u00e8glement en ligne des litiges [&hellip;]<\/p>\n","protected":false},"author":1,"featured_media":0,"parent":0,"menu_order":0,"comment_status":"open","ping_status":"open","template":"","meta":{"_seopress_robots_primary_cat":"","_seopress_titles_title":"","_seopress_titles_desc":"","_seopress_robots_index":"","iawp_total_views":0,"footnotes":""},"class_list":["post-15912","page","type-page","status-publish","hentry"],"_links":{"self":[{"href":"https:\/\/seotranslationpro.com\/fr\/wp-json\/wp\/v2\/pages\/15912","targetHints":{"allow":["GET"]}}],"collection":[{"href":"https:\/\/seotranslationpro.com\/fr\/wp-json\/wp\/v2\/pages"}],"about":[{"href":"https:\/\/seotranslationpro.com\/fr\/wp-json\/wp\/v2\/types\/page"}],"author":[{"embeddable":true,"href":"https:\/\/seotranslationpro.com\/fr\/wp-json\/wp\/v2\/users\/1"}],"replies":[{"embeddable":true,"href":"https:\/\/seotranslationpro.com\/fr\/wp-json\/wp\/v2\/comments?post=15912"}],"version-history":[{"count":3,"href":"https:\/\/seotranslationpro.com\/fr\/wp-json\/wp\/v2\/pages\/15912\/revisions"}],"predecessor-version":[{"id":30182,"href":"https:\/\/seotranslationpro.com\/fr\/wp-json\/wp\/v2\/pages\/15912\/revisions\/30182"}],"wp:attachment":[{"href":"https:\/\/seotranslationpro.com\/fr\/wp-json\/wp\/v2\/media?parent=15912"}],"curies":[{"name":"wp","href":"https:\/\/api.w.org\/{rel}","templated":true}]}}