{"id":15873,"date":"2025-04-14T23:05:00","date_gmt":"2025-04-14T21:05:00","guid":{"rendered":"https:\/\/seotranslationpro.com\/privacy-policy-2\/"},"modified":"2026-02-09T20:42:13","modified_gmt":"2026-02-09T19:42:13","slug":"politique-de-confidentialite","status":"publish","type":"page","link":"https:\/\/seotranslationpro.com\/fr\/politique-de-confidentialite\/","title":{"rendered":"Politique de confidentialit\u00e9"},"content":{"rendered":"<h2>Politique de confidentialit\u00e9<\/h2>\n<div class=\"privacy-policy\">\n<h4>1. Aper\u00e7u de la confidentialit\u00e9<\/h4>\n<p>Cette politique de confidentialit\u00e9 donne un aper\u00e7u de la mani\u00e8re dont Thilo Beier, Uerdinger Str. 630, 47800 Krefeld, Allemagne (\u00ab\u00a0SEO Translation Pro\u00a0\u00bb, \u00ab\u00a0nous\u00a0\u00bb, \u00ab\u00a0notre\u00a0\u00bb) traite les donn\u00e9es personnelles collect\u00e9es via le site <a href=\"https:\/\/seotranslationpro.com\/fr\/\">seotranslationpro.com<\/a>. Les donn\u00e9es personnelles d\u00e9signent toute information permettant de t&rsquo;identifier personnellement.<\/p>\n<h4>2. Collecte des donn\u00e9es sur notre site<\/h4>\n<p>Nous collectons tes donn\u00e9es principalement par soumission directe de ta part (par exemple via des formulaires de contact ou d&rsquo;inscription). De plus, des donn\u00e9es techniques telles que le type de navigateur, le syst\u00e8me d&rsquo;exploitation et l&rsquo;heure d&rsquo;acc\u00e8s sont automatiquement collect\u00e9es lors de ta visite sur notre site.<\/p>\n<h4>3. Finalit\u00e9 de la collecte des donn\u00e9es<\/h4>\n<p>Nous collectons des donn\u00e9es pour assurer le fonctionnement du site, analyser le comportement des utilisateurs, g\u00e9rer les relations clients, traiter les transactions et fournir un support client.<\/p>\n<h4>4. Tes droits en mati\u00e8re de protection des donn\u00e9es<\/h4>\n<p>Tu as le droit de demander gratuitement des informations sur l&rsquo;origine, les destinataires et les finalit\u00e9s de tes donn\u00e9es personnelles stock\u00e9es. Tu as \u00e9galement le droit de corriger, restreindre, supprimer ou t&rsquo;opposer au traitement de tes donn\u00e9es. Tu peux nous contacter \u00e0 tout moment via les coordonn\u00e9es ci-dessous pour exercer ces droits. De plus, tu as le droit de d\u00e9poser une plainte aupr\u00e8s des autorit\u00e9s de contr\u00f4le comp\u00e9tentes.<\/p>\n<h4>5. Outils d&rsquo;analyse et outils tiers<\/h4>\n<p>Ton comportement de navigation peut \u00eatre analys\u00e9 statistiquement \u00e0 l&rsquo;aide de cookies et de programmes d&rsquo;analyse. Ces analyses sont g\u00e9n\u00e9ralement anonymes et ne peuvent pas \u00eatre rattach\u00e9es \u00e0 ta personne. Tu peux t&rsquo;opposer \u00e0 cette analyse ou l&#8217;emp\u00eacher en \u00e9vitant certains outils. Plus de d\u00e9tails sont fournis dans cette politique de confidentialit\u00e9.<\/p>\n<h4>6. S\u00e9curit\u00e9 des donn\u00e9es<\/h4>\n<p>Notre site utilise le chiffrement SSL\/TLS pour des raisons de s\u00e9curit\u00e9 et pour prot\u00e9ger les transmissions de donn\u00e9es sensibles, y compris les informations de paiement. Les connexions chiffr\u00e9es sont indiqu\u00e9es par \u00ab\u00a0https:\/\/\u00a0\u00bb et un symbole de cadenas dans la barre d&rsquo;adresse de ton navigateur.<\/p>\n<h4>7. Cookies<\/h4>\n<p>Nous utilisons des cookies pour am\u00e9liorer la convivialit\u00e9 et la performance du site. Tu peux g\u00e9rer tes pr\u00e9f\u00e9rences en mati\u00e8re de cookies via les param\u00e8tres de ton navigateur. La d\u00e9sactivation des cookies peut limiter les fonctionnalit\u00e9s du site.<\/p>\n<h4>8. Fichiers journaux du serveur<\/h4>\n<p>Notre h\u00e9bergeur collecte automatiquement les donn\u00e9es transmises par ton navigateur, y compris le type de navigateur, le syst\u00e8me d&rsquo;exploitation, l&rsquo;URL de provenance, le nom d&rsquo;h\u00f4te et l&rsquo;adresse IP. Ces donn\u00e9es sont n\u00e9cessaires pour assurer le fonctionnement et la s\u00e9curit\u00e9 du site.<\/p>\n<h4>9. Formulaire de contact et communication<\/h4>\n<p>Lorsque tu nous contactes via des formulaires, par e-mail ou par t\u00e9l\u00e9phone, les donn\u00e9es fournies sont stock\u00e9es et trait\u00e9es uniquement pour g\u00e9rer ta demande. Le traitement des donn\u00e9es se fait sur la base de ton consentement, que tu peux r\u00e9voquer \u00e0 tout moment en nous contactant.<\/p>\n<h4>10. Inscription sur notre site<\/h4>\n<p>Tu peux t&rsquo;inscrire sur notre site pour b\u00e9n\u00e9ficier de fonctionnalit\u00e9s am\u00e9lior\u00e9es. Les donn\u00e9es d&rsquo;inscription collect\u00e9es sont utilis\u00e9es uniquement pour fournir les services demand\u00e9s. Tu peux r\u00e9voquer ton consentement \u00e0 tout moment.<\/p>\n<h4>11. Outils d&rsquo;analyse et de marketing<\/h4>\n<p>Nous utilisons des outils comme Google Analytics, Google Tag Manager et Microsoft Clarity pour analyser et optimiser les performances du site. Ces outils utilisent des cookies et collectent des donn\u00e9es d&rsquo;utilisation, qui peuvent \u00eatre transmises et stock\u00e9es par des prestataires tiers.<\/p>\n<h4>12. Prestataires de paiement<\/h4>\n<p>Nous utilisons des prestataires de services de paiement tels que PayPal et Stripe pour traiter les transactions en toute s\u00e9curit\u00e9. Les donn\u00e9es fournies pour le traitement des paiements sont soumises aux politiques de confidentialit\u00e9 des prestataires respectifs.<\/p>\n<h4>13. Transferts internationaux de donn\u00e9es<\/h4>\n<p>Les transferts de donn\u00e9es en dehors de l&rsquo;UE sont effectu\u00e9s sous des garanties appropri\u00e9es telles que des clauses contractuelles types ou des d\u00e9cisions d&rsquo;ad\u00e9quation.<\/p>\n<h4>14. Modifications de cette politique de confidentialit\u00e9<\/h4>\n<p>Nous pouvons mettre \u00e0 jour cette politique p\u00e9riodiquement. Les modifications seront publi\u00e9es ici avec une date d&rsquo;entr\u00e9e en vigueur r\u00e9vis\u00e9e.<\/p>\n<h4>15. Coordonn\u00e9es<\/h4>\n<p>Pour toute question concernant cette politique de confidentialit\u00e9 ou les pratiques de protection des donn\u00e9es, contacte-nous :<br \/>\nThilo Beier<br \/>\nUerdinger Str. 630<br \/>\n47800 Krefeld, Allemagne<br \/>\nT\u00e9l\u00e9phone : +49 178 8683167<br \/>\nEmail : info@seotranslationpro.com<\/p>\n<p>Date d&rsquo;entr\u00e9e en vigueur : avril 2025<\/p>\n<\/div>\n","protected":false},"excerpt":{"rendered":"<p>Politique de confidentialit\u00e9 1. Aper\u00e7u de la confidentialit\u00e9 Cette politique de confidentialit\u00e9 donne un aper\u00e7u de la mani\u00e8re dont Thilo Beier, Uerdinger Str. 630, 47800 Krefeld, Allemagne (\u00ab\u00a0SEO Translation Pro\u00a0\u00bb, \u00ab\u00a0nous\u00a0\u00bb, \u00ab\u00a0notre\u00a0\u00bb) traite les donn\u00e9es personnelles collect\u00e9es via le site seotranslationpro.com. Les donn\u00e9es personnelles d\u00e9signent toute information permettant de t&rsquo;identifier personnellement. 2. Collecte des donn\u00e9es [&hellip;]<\/p>\n","protected":false},"author":1,"featured_media":0,"parent":0,"menu_order":0,"comment_status":"closed","ping_status":"open","template":"","meta":{"_seopress_robots_primary_cat":"","_seopress_titles_title":"","_seopress_titles_desc":"","_seopress_robots_index":"yes","_seopress_analysis_target_kw":"","iawp_total_views":9,"footnotes":""},"class_list":["post-15873","page","type-page","status-publish","hentry"],"_links":{"self":[{"href":"https:\/\/seotranslationpro.com\/fr\/wp-json\/wp\/v2\/pages\/15873","targetHints":{"allow":["GET"]}}],"collection":[{"href":"https:\/\/seotranslationpro.com\/fr\/wp-json\/wp\/v2\/pages"}],"about":[{"href":"https:\/\/seotranslationpro.com\/fr\/wp-json\/wp\/v2\/types\/page"}],"author":[{"embeddable":true,"href":"https:\/\/seotranslationpro.com\/fr\/wp-json\/wp\/v2\/users\/1"}],"replies":[{"embeddable":true,"href":"https:\/\/seotranslationpro.com\/fr\/wp-json\/wp\/v2\/comments?post=15873"}],"version-history":[{"count":10,"href":"https:\/\/seotranslationpro.com\/fr\/wp-json\/wp\/v2\/pages\/15873\/revisions"}],"predecessor-version":[{"id":29361,"href":"https:\/\/seotranslationpro.com\/fr\/wp-json\/wp\/v2\/pages\/15873\/revisions\/29361"}],"wp:attachment":[{"href":"https:\/\/seotranslationpro.com\/fr\/wp-json\/wp\/v2\/media?parent=15873"}],"curies":[{"name":"wp","href":"https:\/\/api.w.org\/{rel}","templated":true}]}}