{"id":15867,"date":"2025-04-09T09:38:43","date_gmt":"2025-04-09T07:38:43","guid":{"rendered":"https:\/\/seotranslationpro.com\/imprint-3\/"},"modified":"2026-02-16T23:53:57","modified_gmt":"2026-02-16T22:53:57","slug":"mentions-legales","status":"publish","type":"page","link":"https:\/\/seotranslationpro.com\/fr\/mentions-legales\/","title":{"rendered":"Mentions l\u00e9gales | SEO Translation Pro"},"content":{"rendered":"<h4>Informations selon \u00a7 5 TMG :<\/h4>\n<p>Thilo Beier<br \/>\nUerdinger Str. 630<br \/>\n47800 Krefeld<\/p>\n<p>T\u00e9l\u00e9phone : 0178 8683167<br \/>\nFax : 03222 3943427<\/p>\n<p>E-mail : <a href=\"mailto:info@seotranslationpro.com\">info@seotranslationpro.com<\/a><\/p>\n<h4>Taxe sur la valeur ajout\u00e9e :<\/h4>\n<p>Num\u00e9ro d&rsquo;identification \u00e0 la TVA selon \u00a727 a loi sur la taxe sur le chiffre d&rsquo;affaires : DE305919192<\/p>\n<h4>R\u00e9solution des litiges :<\/h4>\n<p>Tu peux trouver notre adresse e-mail dans les mentions l\u00e9gales ci-dessus.<\/p>\n<p>Nous ne sommes pas dispos\u00e9s ni oblig\u00e9s \u00e0 participer \u00e0 une proc\u00e9dure de r\u00e9solution des litiges devant un comit\u00e9 d&rsquo;arbitrage des consommateurs.<\/p>\n<h4>Responsabilit\u00e9 du contenu :<\/h4>\n<p>En tant que prestataire de services, nous sommes responsables de nos propres contenus sur ces pages conform\u00e9ment \u00e0 l&rsquo;article 7 (1) TMG (loi allemande sur les t\u00e9l\u00e9services) et \u00e0 la l\u00e9gislation g\u00e9n\u00e9rale. Selon les \u00a7\u00a7 8 \u00e0 10 TMG, nous ne sommes toutefois pas oblig\u00e9s, en tant que prestataire de services, de surveiller les informations transmises ou stock\u00e9es provenant de tiers ni d&rsquo;enqu\u00eater sur des circonstances indiquant une activit\u00e9 ill\u00e9gale.<\/p>\n<p>Les obligations de retirer ou de bloquer l&rsquo;utilisation des informations conform\u00e9ment \u00e0 la l\u00e9gislation g\u00e9n\u00e9rale restent inchang\u00e9es. Cependant, la responsabilit\u00e9 \u00e0 cet \u00e9gard n&rsquo;est possible qu&rsquo;\u00e0 partir du moment o\u00f9 nous avons connaissance d&rsquo;une infraction sp\u00e9cifique. D\u00e8s que nous prenons connaissance de telles infractions, nous supprimerons imm\u00e9diatement ce contenu.<\/p>\n<h4>Responsabilit\u00e9 des liens :<\/h4>\n<p>Notre site web contient des liens vers des sites web externes de tiers sur lesquels nous n&rsquo;avons aucune influence. Par cons\u00e9quent, nous ne pouvons accepter aucune responsabilit\u00e9 pour ce contenu tiers. Le prestataire ou l&rsquo;exploitant respectif des pages est toujours responsable du contenu des pages li\u00e9es. Les pages li\u00e9es ont \u00e9t\u00e9 contr\u00f4l\u00e9es pour d&rsquo;\u00e9ventuelles violations l\u00e9gales au moment du lien. Aucun contenu ill\u00e9gal n&rsquo;\u00e9tait reconnaissable au moment du lien.<\/p>\n<p>Cependant, une surveillance permanente du contenu des pages li\u00e9es n&rsquo;est pas raisonnable sans preuve concr\u00e8te d&rsquo;une infraction. Si nous prenons connaissance de violations l\u00e9gales, nous supprimerons imm\u00e9diatement ces liens.<\/p>\n<h4>Droits d&rsquo;auteur :<\/h4>\n<p>Le contenu et les \u0153uvres cr\u00e9\u00e9s par les exploitants du site sur ces pages sont soumis au droit d&rsquo;auteur allemand. La duplication, le traitement, la distribution et toute forme d&rsquo;exploitation au-del\u00e0 des limites du droit d&rsquo;auteur n\u00e9cessitent le consentement \u00e9crit de l&rsquo;auteur ou du cr\u00e9ateur respectif. Les t\u00e9l\u00e9chargements et copies de ce site sont uniquement autoris\u00e9s pour un usage priv\u00e9 et non commercial.<\/p>\n<p>Dans la mesure o\u00f9 le contenu de ce site n&rsquo;a pas \u00e9t\u00e9 cr\u00e9\u00e9 par l&rsquo;exploitant, les droits d&rsquo;auteur de tiers sont respect\u00e9s. En particulier, le contenu tiers est identifi\u00e9 comme tel. Si tu prends n\u00e9anmoins connaissance d&rsquo;une violation du droit d&rsquo;auteur, merci de nous en informer. D\u00e8s que nous prenons connaissance d&rsquo;infractions, nous supprimerons imm\u00e9diatement ce contenu.<\/p>\n","protected":false},"excerpt":{"rendered":"<p>Informations selon \u00a7 5 TMG : Thilo Beier Uerdinger Str. 630 47800 Krefeld T\u00e9l\u00e9phone : 0178 8683167 Fax : 03222 3943427 E-mail : info@seotranslationpro.com Taxe sur la valeur ajout\u00e9e : Num\u00e9ro d&rsquo;identification \u00e0 la TVA selon \u00a727 a loi sur la taxe sur le chiffre d&rsquo;affaires : DE305919192 R\u00e9solution des litiges : Tu peux trouver [&hellip;]<\/p>\n","protected":false},"author":1,"featured_media":0,"parent":0,"menu_order":0,"comment_status":"closed","ping_status":"open","template":"","meta":{"_seopress_robots_primary_cat":"","_seopress_titles_title":"","_seopress_titles_desc":"","_seopress_robots_index":"","_seopress_analysis_target_kw":"","iawp_total_views":3,"footnotes":""},"class_list":["post-15867","page","type-page","status-publish","hentry"],"_links":{"self":[{"href":"https:\/\/seotranslationpro.com\/fr\/wp-json\/wp\/v2\/pages\/15867","targetHints":{"allow":["GET"]}}],"collection":[{"href":"https:\/\/seotranslationpro.com\/fr\/wp-json\/wp\/v2\/pages"}],"about":[{"href":"https:\/\/seotranslationpro.com\/fr\/wp-json\/wp\/v2\/types\/page"}],"author":[{"embeddable":true,"href":"https:\/\/seotranslationpro.com\/fr\/wp-json\/wp\/v2\/users\/1"}],"replies":[{"embeddable":true,"href":"https:\/\/seotranslationpro.com\/fr\/wp-json\/wp\/v2\/comments?post=15867"}],"version-history":[{"count":10,"href":"https:\/\/seotranslationpro.com\/fr\/wp-json\/wp\/v2\/pages\/15867\/revisions"}],"predecessor-version":[{"id":29359,"href":"https:\/\/seotranslationpro.com\/fr\/wp-json\/wp\/v2\/pages\/15867\/revisions\/29359"}],"wp:attachment":[{"href":"https:\/\/seotranslationpro.com\/fr\/wp-json\/wp\/v2\/media?parent=15867"}],"curies":[{"name":"wp","href":"https:\/\/api.w.org\/{rel}","templated":true}]}}