{"id":107077,"date":"2025-04-16T22:36:39","date_gmt":"2025-04-16T20:36:39","guid":{"rendered":"https:\/\/seotranslationpro.com\/imprint-2-2\/"},"modified":"2026-03-15T18:57:51","modified_gmt":"2026-03-15T17:57:51","slug":"impressum-2","status":"publish","type":"page","link":"https:\/\/seotranslationpro.com\/fi\/impressum-2\/","title":{"rendered":"Julkaisijatiedot"},"content":{"rendered":"<h4>Tiedot \u00a7 5 TMG:n mukaan:<\/h4>\n<p>Thilo Beier<br \/>\nUerdinger Str. 630<br \/>\n47800 Krefeld<\/p>\n<p>Puhelin: 0178 8683167<br \/>\nFaksi: 03222 3943427<\/p>\n<p>S\u00e4hk\u00f6posti: <a href=\"mailto:info@seotranslation.com\">info@seotranslation.com<\/a><\/p>\n<h4>ALV:<\/h4>\n<p>Arvonlis\u00e4verotunniste \u00a727 a Umsatzsteuergesetzin mukaan: DE305919192<\/p>\n<h4>Riitojen ratkaisu:<\/h4>\n<p>Euroopan komissio tarjoaa alustan verkkoriitojen ratkaisuun (ODR): <a href=\"https:\/\/ec.europa.eu\/consumers\/odr\">https:\/\/ec.europa.eu\/consumers\/odr<\/a>.<br \/>\nS\u00e4hk\u00f6postiosoitteemme l\u00f6yd\u00e4t yll\u00e4 olevasta julkaisusta.<\/p>\n<p>Emme ole halukkaita emmek\u00e4 velvollisia osallistumaan kuluttajien v\u00e4limiesmenettelyyn.<\/p>\n<h4>Vastuuvapaus sis\u00e4ll\u00f6st\u00e4:<\/h4>\n<p>Palveluntarjoajana olemme vastuussa omasta sis\u00e4ll\u00f6st\u00e4mme n\u00e4ill\u00e4 sivuilla \u00a7 7 kohta 1 TMG:n ja yleisten lakien mukaan. \u00a7\u00a7 8\u201310 TMG:n mukaan emme kuitenkaan ole palveluntarjoajana velvollisia valvomaan v\u00e4litettyj\u00e4 tai tallennettuja ulkopuolisia tietoja tai tutkimaan laittomuuteen viittaavia olosuhteita.<\/p>\n<p>Yleisten lakien mukaiset velvollisuudet poistaa tai est\u00e4\u00e4 tiedon k\u00e4ytt\u00f6 pysyv\u00e4t voimassa. Vastuuta t\u00e4st\u00e4 voidaan kantaa vain tietyn rikkomuksen tiedostamisen j\u00e4lkeen. Saatuamme tiedon t\u00e4llaisista laittomuuksista poistamme sis\u00e4ll\u00f6n v\u00e4litt\u00f6m\u00e4sti.<\/p>\n<h4>Vastuuvapaus linkeist\u00e4:<\/h4>\n<p>Tarjoamme linkkej\u00e4 ulkopuolisten kolmansien osapuolten verkkosivuille, joiden sis\u00e4lt\u00f6\u00f6n meill\u00e4 ei ole vaikutusvaltaa. Emme siksi voi ottaa vastuuta n\u00e4ist\u00e4 ulkoisista sis\u00e4ll\u00f6ist\u00e4. Linkitettyjen sivujen sis\u00e4ll\u00f6st\u00e4 vastaa aina kyseisen sivun tarjoaja tai yll\u00e4pit\u00e4j\u00e4. Linkitetyt sivut tarkastettiin mahdollisten laittomuuksien varalta linkityksen aikaan. Laitonta sis\u00e4lt\u00f6\u00e4 ei ollut havaittavissa linkityksen hetkell\u00e4.<\/p>\n<p>Linkitettyjen sivujen jatkuva sis\u00e4ll\u00f6n valvonta ei kuitenkaan ole j\u00e4rkev\u00e4\u00e4 ilman konkreettista n\u00e4ytt\u00f6\u00e4 laittomuudesta. Saatuamme tiedon laittomuuksista poistamme kyseiset linkit v\u00e4litt\u00f6m\u00e4sti.<\/p>\n<h4>Tekij\u00e4noikeudet:<\/h4>\n<p>N\u00e4iden sivujen sis\u00e4ll\u00f6t ja teokset, jotka sivuston yll\u00e4pit\u00e4j\u00e4t ovat luoneet, ovat Saksan tekij\u00e4noikeuslain alaisia. Sis\u00e4ll\u00f6n kopiointi, muokkaus, jakelu ja mik\u00e4 tahansa muu hy\u00f6dynt\u00e4minen tekij\u00e4noikeuden rajoitusten ulkopuolella vaatii kyseisen tekij\u00e4n tai luojan kirjallisen suostumuksen. Sivuston lataaminen ja kopiointi on sallittua vain yksityiseen, ei-kaupalliseen k\u00e4ytt\u00f6\u00f6n.<\/p>\n<p>Silt\u00e4 osin kuin sivuston sis\u00e4lt\u00f6\u00e4 ei ole luonut yll\u00e4pit\u00e4j\u00e4, kunnioitetaan kolmansien osapuolien tekij\u00e4noikeuksia. Erityisesti kolmannen osapuolen sis\u00e4lt\u00f6 on merkitty sellaiseksi. Jos huomaat tekij\u00e4noikeusrikkomuksen, ilmoitathan siit\u00e4 meille. Saatuamme tiedon laittomuuksista poistamme sis\u00e4ll\u00f6n v\u00e4litt\u00f6m\u00e4sti.<\/p>\n","protected":false},"excerpt":{"rendered":"<p>Tiedot \u00a7 5 TMG:n mukaan: Thilo Beier Uerdinger Str. 630 47800 Krefeld Puhelin: 0178 8683167 Faksi: 03222 3943427 S\u00e4hk\u00f6posti: info@seotranslation.com ALV: Arvonlis\u00e4verotunniste \u00a727 a Umsatzsteuergesetzin mukaan: DE305919192 Riitojen ratkaisu: Euroopan komissio tarjoaa alustan verkkoriitojen ratkaisuun (ODR): https:\/\/ec.europa.eu\/consumers\/odr. S\u00e4hk\u00f6postiosoitteemme l\u00f6yd\u00e4t yll\u00e4 olevasta julkaisusta. Emme ole halukkaita emmek\u00e4 velvollisia osallistumaan kuluttajien v\u00e4limiesmenettelyyn. Vastuuvapaus sis\u00e4ll\u00f6st\u00e4: Palveluntarjoajana olemme vastuussa [&hellip;]<\/p>\n","protected":false},"author":1,"featured_media":0,"parent":0,"menu_order":0,"comment_status":"open","ping_status":"open","template":"","meta":{"_seopress_robots_primary_cat":"","_seopress_titles_title":"","_seopress_titles_desc":"","_seopress_robots_index":"","iawp_total_views":0,"footnotes":""},"class_list":["post-107077","page","type-page","status-publish","hentry"],"_links":{"self":[{"href":"https:\/\/seotranslationpro.com\/fi\/wp-json\/wp\/v2\/pages\/107077","targetHints":{"allow":["GET"]}}],"collection":[{"href":"https:\/\/seotranslationpro.com\/fi\/wp-json\/wp\/v2\/pages"}],"about":[{"href":"https:\/\/seotranslationpro.com\/fi\/wp-json\/wp\/v2\/types\/page"}],"author":[{"embeddable":true,"href":"https:\/\/seotranslationpro.com\/fi\/wp-json\/wp\/v2\/users\/1"}],"replies":[{"embeddable":true,"href":"https:\/\/seotranslationpro.com\/fi\/wp-json\/wp\/v2\/comments?post=107077"}],"version-history":[{"count":4,"href":"https:\/\/seotranslationpro.com\/fi\/wp-json\/wp\/v2\/pages\/107077\/revisions"}],"predecessor-version":[{"id":110817,"href":"https:\/\/seotranslationpro.com\/fi\/wp-json\/wp\/v2\/pages\/107077\/revisions\/110817"}],"wp:attachment":[{"href":"https:\/\/seotranslationpro.com\/fi\/wp-json\/wp\/v2\/media?parent=107077"}],"curies":[{"name":"wp","href":"https:\/\/api.w.org\/{rel}","templated":true}]}}