{"id":106213,"date":"2025-04-14T23:02:58","date_gmt":"2025-04-14T21:02:58","guid":{"rendered":"https:\/\/seotranslationpro.com\/terms-2\/"},"modified":"2026-02-09T20:37:00","modified_gmt":"2026-02-09T19:37:00","slug":"ehdot","status":"publish","type":"page","link":"https:\/\/seotranslationpro.com\/fi\/ehdot\/","title":{"rendered":"Ehdot"},"content":{"rendered":"<div class=\"terms-conditions\">\n<h4>1. Soveltamisala<\/h4>\n<p>N\u00e4m\u00e4 k\u00e4ytt\u00f6ehdot (&#8221;Ehdot&#8221;) s\u00e4\u00e4telev\u00e4t Thilo Beierin, Uerdinger Str. 630, 47800 Krefeld, Saksa (&#8221;SEO Translation Pro&#8221;, &#8221;me&#8221;, &#8221;meit\u00e4&#8221; tai &#8221;meid\u00e4n&#8221;) tarjoamien palvelujen k\u00e4ytt\u00f6\u00e4 verkkosivustolla <a href=\"https:\/\/seotranslationpro.com\/fi\/\">seotranslationpro.com<\/a>. K\u00e4ytt\u00e4m\u00e4ll\u00e4 palvelujamme hyv\u00e4ksyt n\u00e4m\u00e4 ehdot sitovasti.<\/p>\n<h4>2. Tarjotut palvelut<\/h4>\n<p>SEO Translation Pro tarjoaa automatisoituja k\u00e4\u00e4nn\u00f6spalveluja, jotka hy\u00f6dynt\u00e4v\u00e4t teko\u00e4lyteknologioita (AI), mukaan lukien CSV-datan k\u00e4\u00e4nn\u00f6s, sanaston hallinta, s\u00e4vyn mukautus (virallinen\/ep\u00e4virallinen) ja integraatio API:n kautta. Tarkemmat tiedot l\u00f6ytyv\u00e4t verkkosivuiltamme.<\/p>\n<h4>3. K\u00e4ytt\u00e4j\u00e4kelpoisuus<\/h4>\n<p>Palvelut ovat saatavilla yksityishenkil\u00f6ille ja yrityksille, jotka ovat v\u00e4hint\u00e4\u00e4n 18-vuotiaita. K\u00e4ytt\u00e4m\u00e4ll\u00e4 palvelujamme vakuutat t\u00e4ytt\u00e4v\u00e4si n\u00e4m\u00e4 kelpoisuusvaatimukset.<\/p>\n<h4>4. Tilin rekister\u00f6inti ja turvallisuus<\/h4>\n<p>Sitouduit antamaan oikeat ja t\u00e4ydelliset rekister\u00f6intitiedot sek\u00e4 yll\u00e4pit\u00e4m\u00e4\u00e4n tilisi tunnistetietojen turvallisuuden. Olet vastuussa kaikista tilisi alla tapahtuvista toiminnoista.<\/p>\n<h4>5. Tilaukset ja maksut<\/h4>\n<p>Tarjolla on erilaisia tilausvaihtoehtoja, joissa on erilaisia ominaisuuksia ja rajoituksia. Maksut er\u00e4\u00e4ntyv\u00e4t kuukausittain etuk\u00e4teen eiv\u00e4tk\u00e4 ole palautettavissa, ellei laki toisin m\u00e4\u00e4r\u00e4\u00e4.<\/p>\n<h4>6. K\u00e4ytt\u00f6rajoitukset ja kohtuullisen k\u00e4yt\u00f6n periaate<\/h4>\n<p>Jokainen tilaus sis\u00e4lt\u00e4\u00e4 tietyt k\u00e4ytt\u00f6rajat. Rajojen ylitt\u00e4minen voi johtaa lis\u00e4maksuihin tai palvelun keskeytykseen.<\/p>\n<h4>7. Peruutus ja sopimuksen p\u00e4\u00e4tt\u00e4minen<\/h4>\n<p>Voit peruuttaa tilauksesi milloin tahansa tiliasetusten kautta. P\u00e4\u00e4ttyminen astuu voimaan laskutuskauden lopussa. Voimme keskeytt\u00e4\u00e4 tai lopettaa palvelut, jos rikot n\u00e4it\u00e4 ehtoja.<\/p>\n<h4>8. Immateriaalioikeudet<\/h4>\n<p>Kaikki palveluihin liittyv\u00e4t immateriaalioikeudet kuuluvat yksinomaan SEO Translation Prolle tai sen lisenssinantajille. Luvaton k\u00e4ytt\u00f6 on kielletty.<\/p>\n<h4>9. K\u00e4ytt\u00e4j\u00e4n sis\u00e4lt\u00f6<\/h4>\n<p>S\u00e4ilyt\u00e4t oikeudet omaan sis\u00e4lt\u00f6\u00f6si, mutta my\u00f6nn\u00e4t meille ei-yksinomaisen lisenssin k\u00e4sitell\u00e4 sis\u00e4lt\u00f6\u00e4 palvelun tarjoamiseksi. Sinun tulee omistaa oikeus l\u00e4hett\u00e4\u00e4 sis\u00e4lt\u00f6\u00e4.<\/p>\n<h4>10. Tietosuoja ja yksityisyys<\/h4>\n<p>Katso tietosuojak\u00e4yt\u00e4nt\u00f6mme <a href=\"https:\/\/seotranslationpro.com\/fi\/tietosuojakaytanto\/\">Privacy Policy<\/a> saadaksesi tietoa siit\u00e4, miten k\u00e4sittelemme henkil\u00f6tietoja GDPR:n ja sovellettavien lakien mukaisesti.<\/p>\n<h4>11. Luottamuksellisuus<\/h4>\n<p>Sis\u00e4lt\u00f6si pidet\u00e4\u00e4n luottamuksellisena ja sit\u00e4 luovutetaan vain palvelun tarjoamiseksi tai lain vaatiessa. Toteutamme vahvoja toimenpiteit\u00e4 tietojesi suojaamiseksi.<\/p>\n<h4>12. Vastuuvapauslausekkeet ja vastuunrajoitus<\/h4>\n<p>Palvelut tarjotaan &#8221;sellaisina kuin ne ovat&#8221; ilman takuita. Emme ole vastuussa ep\u00e4suorista tai v\u00e4lillisist\u00e4 vahingoista, menetetyist\u00e4 voitoista tai SEO-tuloksista.<\/p>\n<h4>13. Vahingonkorvausvelvollisuus<\/h4>\n<p>Sitouduit korvaamaan SEO Translation Prolle kaikki vaatimukset, jotka johtuvat palvelujen k\u00e4yt\u00f6st\u00e4si, n\u00e4iden ehtojen rikkomisesta tai kolmansien osapuolten oikeuksien loukkaamisesta.<\/p>\n<h4>14. Ehtojen muutokset<\/h4>\n<p>Voimme muuttaa n\u00e4it\u00e4 ehtoja milloin tahansa. Muutokset julkaistaan verkkosivustollamme p\u00e4ivitetyn voimaantulop\u00e4iv\u00e4n kanssa. Jatkamalla palvelujen k\u00e4ytt\u00f6\u00e4 hyv\u00e4ksyt uudet ehdot.<\/p>\n<h4>15. Sovellettava laki ja toimivalta<\/h4>\n<p>N\u00e4ihin ehtoihin sovelletaan Saksan lakia. Riitojen ensisijainen toimivalta on D\u00fcsseldorf, Saksa.<\/p>\n<h4>16. Yhteystiedot<\/h4>\n<p>Kysymyksi\u00e4 varten ota yhteytt\u00e4:<br \/>\nThilo Beier<br \/>\nUerdinger Str. 630<br \/>\n47800 Krefeld, Saksa<br \/>\nPuhelin: +49 178 8683167<br \/>\nS\u00e4hk\u00f6posti: info@seotranslationpro.com<\/p>\n<p>Voimaantulop\u00e4iv\u00e4: huhtikuu 2025<\/p>\n<\/div>\n","protected":false},"excerpt":{"rendered":"<p>1. Soveltamisala N\u00e4m\u00e4 k\u00e4ytt\u00f6ehdot (&#8221;Ehdot&#8221;) s\u00e4\u00e4telev\u00e4t Thilo Beierin, Uerdinger Str. 630, 47800 Krefeld, Saksa (&#8221;SEO Translation Pro&#8221;, &#8221;me&#8221;, &#8221;meit\u00e4&#8221; tai &#8221;meid\u00e4n&#8221;) tarjoamien palvelujen k\u00e4ytt\u00f6\u00e4 verkkosivustolla seotranslationpro.com. K\u00e4ytt\u00e4m\u00e4ll\u00e4 palvelujamme hyv\u00e4ksyt n\u00e4m\u00e4 ehdot sitovasti. 2. Tarjotut palvelut SEO Translation Pro tarjoaa automatisoituja k\u00e4\u00e4nn\u00f6spalveluja, jotka hy\u00f6dynt\u00e4v\u00e4t teko\u00e4lyteknologioita (AI), mukaan lukien CSV-datan k\u00e4\u00e4nn\u00f6s, sanaston hallinta, s\u00e4vyn mukautus (virallinen\/ep\u00e4virallinen) ja [&hellip;]<\/p>\n","protected":false},"author":1,"featured_media":0,"parent":0,"menu_order":0,"comment_status":"closed","ping_status":"open","template":"","meta":{"_seopress_robots_primary_cat":"","_seopress_titles_title":"","_seopress_titles_desc":"","_seopress_robots_index":"","_seopress_analysis_target_kw":"","iawp_total_views":9,"footnotes":""},"class_list":["post-106213","page","type-page","status-publish","hentry"],"_links":{"self":[{"href":"https:\/\/seotranslationpro.com\/fi\/wp-json\/wp\/v2\/pages\/106213","targetHints":{"allow":["GET"]}}],"collection":[{"href":"https:\/\/seotranslationpro.com\/fi\/wp-json\/wp\/v2\/pages"}],"about":[{"href":"https:\/\/seotranslationpro.com\/fi\/wp-json\/wp\/v2\/types\/page"}],"author":[{"embeddable":true,"href":"https:\/\/seotranslationpro.com\/fi\/wp-json\/wp\/v2\/users\/1"}],"replies":[{"embeddable":true,"href":"https:\/\/seotranslationpro.com\/fi\/wp-json\/wp\/v2\/comments?post=106213"}],"version-history":[{"count":6,"href":"https:\/\/seotranslationpro.com\/fi\/wp-json\/wp\/v2\/pages\/106213\/revisions"}],"predecessor-version":[{"id":110417,"href":"https:\/\/seotranslationpro.com\/fi\/wp-json\/wp\/v2\/pages\/106213\/revisions\/110417"}],"wp:attachment":[{"href":"https:\/\/seotranslationpro.com\/fi\/wp-json\/wp\/v2\/media?parent=106213"}],"curies":[{"name":"wp","href":"https:\/\/api.w.org\/{rel}","templated":true}]}}