{"id":106209,"date":"2025-04-14T23:05:00","date_gmt":"2025-04-14T21:05:00","guid":{"rendered":"https:\/\/seotranslationpro.com\/privacy-policy-2\/"},"modified":"2026-02-09T20:37:01","modified_gmt":"2026-02-09T19:37:01","slug":"tietosuojakaytanto","status":"publish","type":"page","link":"https:\/\/seotranslationpro.com\/fi\/tietosuojakaytanto\/","title":{"rendered":"Tietosuojak\u00e4yt\u00e4nt\u00f6"},"content":{"rendered":"<h2>Tietosuojak\u00e4yt\u00e4nt\u00f6<\/h2>\n<div class=\"privacy-policy\">\n<h4>1. Tietosuojan yleiskatsaus<\/h4>\n<p>T\u00e4m\u00e4 tietosuojak\u00e4yt\u00e4nt\u00f6 antaa yleiskatsauksen siit\u00e4, miten Thilo Beier, Uerdinger Str. 630, 47800 Krefeld, Saksa (&#8221;SEO Translation Pro,&#8221; &#8221;me,&#8221; &#8221;meit\u00e4&#8221; tai &#8221;meid\u00e4n&#8221;) k\u00e4sittelee verkkosivuston <a href=\"https:\/\/seotranslationpro.com\/fi\/\">seotranslationpro.com<\/a> kautta ker\u00e4ttyj\u00e4 henkil\u00f6tietoja. Henkil\u00f6tiedoilla tarkoitetaan kaikkia tietoja, jotka voivat yksil\u00f6id\u00e4 sinut henkil\u00f6kohtaisesti.<\/p>\n<h4>2. Tietojen ker\u00e4\u00e4minen verkkosivustollamme<\/h4>\n<p>Ker\u00e4\u00e4mme tietosi ensisijaisesti suoraan sinulta (esim. yhteydenottolomakkeiden tai rekister\u00f6itymisen kautta). Lis\u00e4ksi teknisi\u00e4 tietoja, kuten selaintyyppi, k\u00e4ytt\u00f6j\u00e4rjestelm\u00e4 ja p\u00e4\u00e4syaika, ker\u00e4t\u00e4\u00e4n automaattisesti verkkosivustollamme vierailun yhteydess\u00e4.<\/p>\n<h4>3. Tietojen ker\u00e4\u00e4misen tarkoitus<\/h4>\n<p>Ker\u00e4\u00e4mme tietoja verkkosivuston toimivuuden varmistamiseksi, k\u00e4ytt\u00e4j\u00e4k\u00e4ytt\u00e4ytymisen analysoimiseksi, asiakassuhteiden hallitsemiseksi, tapahtumien k\u00e4sittelemiseksi ja asiakastuen tarjoamiseksi.<\/p>\n<h4>4. Oikeutesi tietosuojaan<\/h4>\n<p>Sinulla on oikeus pyyt\u00e4\u00e4 maksutonta tietoa tallennettujen henkil\u00f6tietojesi alkuper\u00e4st\u00e4, vastaanottajista ja k\u00e4ytt\u00f6tarkoituksista. Sinulla on my\u00f6s oikeus korjata, rajoittaa, poistaa tai vastustaa tietojesi k\u00e4sittely\u00e4. Voit ottaa meihin yhteytt\u00e4 milloin tahansa alla olevien yhteystietojen kautta k\u00e4ytt\u00e4\u00e4ksesi n\u00e4it\u00e4 oikeuksia. Lis\u00e4ksi sinulla on oikeus tehd\u00e4 valitus toimivaltaisille valvontaviranomaisille.<\/p>\n<h4>5. Analytiikkaty\u00f6kalut ja kolmannen osapuolen ty\u00f6kalut<\/h4>\n<p>Selausk\u00e4ytt\u00e4ytymist\u00e4si voidaan tilastollisesti analysoida ev\u00e4steiden ja analyysiohjelmien avulla. T\u00e4llainen analyysi tapahtuu yleens\u00e4 anonyymisti eik\u00e4 sit\u00e4 voi j\u00e4ljitt\u00e4\u00e4 sinuun henkil\u00f6kohtaisesti. Voit vastustaa tai est\u00e4\u00e4 t\u00e4m\u00e4n analyysin v\u00e4ltt\u00e4m\u00e4ll\u00e4 tiettyj\u00e4 ty\u00f6kaluja. Lis\u00e4tietoja on t\u00e4ss\u00e4 tietosuojak\u00e4yt\u00e4nn\u00f6ss\u00e4.<\/p>\n<h4>6. Tietoturva<\/h4>\n<p>Verkkosivustomme k\u00e4ytt\u00e4\u00e4 SSL\/TLS-salausta turvallisuussyist\u00e4 ja suojaamaan arkaluonteisia tietoliikenteit\u00e4, mukaan lukien maksutiedot. Salatut yhteydet n\u00e4kyv\u00e4t selaimesi osoiterivill\u00e4 &#8221;https:\/\/&#8221; ja lukon symbolina.<\/p>\n<h4>7. Ev\u00e4steet<\/h4>\n<p>K\u00e4yt\u00e4mme ev\u00e4steit\u00e4 parantaaksemme verkkosivuston k\u00e4ytett\u00e4vyytt\u00e4 ja suorituskyky\u00e4. Voit hallita ev\u00e4steasetuksia selaimesi asetusten kautta. Ev\u00e4steiden poistaminen k\u00e4yt\u00f6st\u00e4 voi rajoittaa verkkosivuston toiminnallisuutta.<\/p>\n<h4>8. Palvelinloki-tiedostot<\/h4>\n<p>Palveluntarjoajamme ker\u00e4\u00e4 automaattisesti selaimestasi v\u00e4littyvi\u00e4 tietoja, kuten selaintyyppi, k\u00e4ytt\u00f6j\u00e4rjestelm\u00e4, viittaava URL, is\u00e4nt\u00e4nimi ja IP-osoite. N\u00e4it\u00e4 tietoja tarvitaan verkkosivuston toimivuuden ja turvallisuuden varmistamiseksi.<\/p>\n<h4>9. Yhteydenottolomake ja viestint\u00e4<\/h4>\n<p>Kun otat meihin yhteytt\u00e4 lomakkeiden, s\u00e4hk\u00f6postin tai puhelimen kautta, antamasi tiedot tallennetaan ja k\u00e4sitell\u00e4\u00e4n ainoastaan yhteydenottosi k\u00e4sittelemiseksi. Tietojen k\u00e4sittely perustuu suostumukseesi, jonka voit peruuttaa milloin tahansa ottamalla meihin yhteytt\u00e4.<\/p>\n<h4>10. Rekister\u00f6ityminen verkkosivustollamme<\/h4>\n<p>Voit rekister\u00f6ity\u00e4 verkkosivustollemme saadaksesi lis\u00e4ominaisuuksia. Ker\u00e4tyt rekister\u00f6intitiedot k\u00e4ytet\u00e4\u00e4n vain pyydettyjen palveluiden tarjoamiseen. Voit peruuttaa suostumuksesi milloin tahansa.<\/p>\n<h4>11. Analytiikka- ja markkinointity\u00f6kalut<\/h4>\n<p>K\u00e4yt\u00e4mme ty\u00f6kaluja kuten Google Analytics, Google Tag Manager ja Microsoft Clarity analysoidaksemme ja optimoidaksemme verkkosivuston suorituskyky\u00e4. N\u00e4m\u00e4 ty\u00f6kalut k\u00e4ytt\u00e4v\u00e4t ev\u00e4steit\u00e4 ja ker\u00e4\u00e4v\u00e4t k\u00e4ytt\u00f6dataa, joka voidaan siirt\u00e4\u00e4 ja tallentaa kolmansien osapuolten palveluntarjoajille.<\/p>\n<h4>12. Maksupalveluntarjoajat<\/h4>\n<p>K\u00e4yt\u00e4mme maksupalveluntarjoajia, kuten PayPal ja Stripe, k\u00e4sittelem\u00e4\u00e4n tapahtumat turvallisesti. Maksujen k\u00e4sittelyyn annettuihin tietoihin sovelletaan kyseisten palveluntarjoajien tietosuojak\u00e4yt\u00e4nt\u00f6j\u00e4.<\/p>\n<h4>13. Kansainv\u00e4liset tietosiirrot<\/h4>\n<p>Tietojen siirrot EU:n ulkopuolelle tapahtuvat asianmukaisten turvatoimien, kuten vakiosopimuslausekkeiden tai riitt\u00e4vyysratkaisujen, mukaisesti.<\/p>\n<h4>14. Muutokset t\u00e4h\u00e4n tietosuojak\u00e4yt\u00e4nt\u00f6\u00f6n<\/h4>\n<p>Saatamme p\u00e4ivitt\u00e4\u00e4 t\u00e4t\u00e4 k\u00e4yt\u00e4nt\u00f6\u00e4 ajoittain. Muutokset julkaistaan t\u00e4\u00e4ll\u00e4 p\u00e4ivitetyn voimaantulop\u00e4iv\u00e4n kanssa.<\/p>\n<h4>15. Yhteystiedot<\/h4>\n<p>Jos sinulla on kysytt\u00e4v\u00e4\u00e4 t\u00e4st\u00e4 tietosuojak\u00e4yt\u00e4nn\u00f6st\u00e4 tai tietosuojak\u00e4yt\u00e4nn\u00f6ist\u00e4mme, ota meihin yhteytt\u00e4:<br \/>\nThilo Beier<br \/>\nUerdinger Str. 630<br \/>\n47800 Krefeld, Saksa<br \/>\nPuhelin: +49 178 8683167<br \/>\nS\u00e4hk\u00f6posti: info@seotranslationpro.com<\/p>\n<p>Voimaantulop\u00e4iv\u00e4: huhtikuu 2025<\/p>\n<\/div>\n","protected":false},"excerpt":{"rendered":"<p>Tietosuojak\u00e4yt\u00e4nt\u00f6 1. Tietosuojan yleiskatsaus T\u00e4m\u00e4 tietosuojak\u00e4yt\u00e4nt\u00f6 antaa yleiskatsauksen siit\u00e4, miten Thilo Beier, Uerdinger Str. 630, 47800 Krefeld, Saksa (&#8221;SEO Translation Pro,&#8221; &#8221;me,&#8221; &#8221;meit\u00e4&#8221; tai &#8221;meid\u00e4n&#8221;) k\u00e4sittelee verkkosivuston seotranslationpro.com kautta ker\u00e4ttyj\u00e4 henkil\u00f6tietoja. Henkil\u00f6tiedoilla tarkoitetaan kaikkia tietoja, jotka voivat yksil\u00f6id\u00e4 sinut henkil\u00f6kohtaisesti. 2. Tietojen ker\u00e4\u00e4minen verkkosivustollamme Ker\u00e4\u00e4mme tietosi ensisijaisesti suoraan sinulta (esim. yhteydenottolomakkeiden tai rekister\u00f6itymisen kautta). Lis\u00e4ksi [&hellip;]<\/p>\n","protected":false},"author":1,"featured_media":0,"parent":0,"menu_order":0,"comment_status":"closed","ping_status":"open","template":"","meta":{"_seopress_robots_primary_cat":"","_seopress_titles_title":"","_seopress_titles_desc":"","_seopress_robots_index":"yes","_seopress_analysis_target_kw":"","iawp_total_views":9,"footnotes":""},"class_list":["post-106209","page","type-page","status-publish","hentry"],"_links":{"self":[{"href":"https:\/\/seotranslationpro.com\/fi\/wp-json\/wp\/v2\/pages\/106209","targetHints":{"allow":["GET"]}}],"collection":[{"href":"https:\/\/seotranslationpro.com\/fi\/wp-json\/wp\/v2\/pages"}],"about":[{"href":"https:\/\/seotranslationpro.com\/fi\/wp-json\/wp\/v2\/types\/page"}],"author":[{"embeddable":true,"href":"https:\/\/seotranslationpro.com\/fi\/wp-json\/wp\/v2\/users\/1"}],"replies":[{"embeddable":true,"href":"https:\/\/seotranslationpro.com\/fi\/wp-json\/wp\/v2\/comments?post=106209"}],"version-history":[{"count":6,"href":"https:\/\/seotranslationpro.com\/fi\/wp-json\/wp\/v2\/pages\/106209\/revisions"}],"predecessor-version":[{"id":110418,"href":"https:\/\/seotranslationpro.com\/fi\/wp-json\/wp\/v2\/pages\/106209\/revisions\/110418"}],"wp:attachment":[{"href":"https:\/\/seotranslationpro.com\/fi\/wp-json\/wp\/v2\/media?parent=106209"}],"curies":[{"name":"wp","href":"https:\/\/api.w.org\/{rel}","templated":true}]}}