{"id":106205,"date":"2025-04-09T09:38:43","date_gmt":"2025-04-09T07:38:43","guid":{"rendered":"https:\/\/seotranslationpro.com\/imprint-3\/"},"modified":"2026-03-15T20:38:47","modified_gmt":"2026-03-15T19:38:47","slug":"impressum","status":"publish","type":"page","link":"https:\/\/seotranslationpro.com\/fi\/impressum\/","title":{"rendered":"Impressum | SEO Translation Pro"},"content":{"rendered":"<h4>Tiedot \u00a7 5 TMG:n mukaan:<\/h4>\n<p>Thilo Beier<br \/>\nUerdinger Str. 630<br \/>\n47800 Krefeld<\/p>\n<p>Puhelin: 0178 8683167<br \/>\nFaksi: 03222 3943427<\/p>\n<p>S\u00e4hk\u00f6posti: <a href=\"mailto:info@seotranslationpro.com\">info@seotranslationpro.com<\/a><\/p>\n<h4>Arvonlis\u00e4vero:<\/h4>\n<p>Arvonlis\u00e4verotunniste \u00a727 a arvonlis\u00e4verolaissa: DE305919192<\/p>\n<h4>Riitojen ratkaisu:<\/h4>\n<p>S\u00e4hk\u00f6postiosoitteemme l\u00f6ytyy yll\u00e4 olevasta oikeudellisesta ilmoituksesta.<\/p>\n<p>Emme ole halukkaita emmek\u00e4 velvollisia osallistumaan riitojen ratkaisuun kuluttajariitalautakunnan edess\u00e4.<\/p>\n<h4>Vastuuvapaus sis\u00e4ll\u00f6st\u00e4:<\/h4>\n<p>Palveluntarjoajana olemme vastuussa omasta sis\u00e4ll\u00f6st\u00e4mme n\u00e4ill\u00e4 sivuilla \u00a7 7 (1) TMG:n (Saksan telemedia-asetus) ja yleisen lains\u00e4\u00e4d\u00e4nn\u00f6n mukaisesti. \u00a7\u00a7 8\u201310 TMG:n mukaan emme kuitenkaan palveluntarjoajana ole velvollisia valvomaan siirrettyj\u00e4 tai tallennettuja kolmansien osapuolten tietoja tai tutkimaan olosuhteita, jotka viittaavat laittomaan toimintaan.<\/p>\n<p>Velvollisuudet poistaa tai est\u00e4\u00e4 tietojen k\u00e4ytt\u00f6 yleisen lains\u00e4\u00e4d\u00e4nn\u00f6n mukaisesti s\u00e4ilyv\u00e4t ennallaan. Vastuullisuus t\u00e4ss\u00e4 suhteessa on kuitenkin mahdollista vasta, kun tietty rikkomus on tiedossa. Heti kun saamme tiet\u00e4\u00e4 t\u00e4llaisista rikkomuksista, poistamme kyseisen sis\u00e4ll\u00f6n v\u00e4litt\u00f6m\u00e4sti.<\/p>\n<h4>Vastuuvapaus linkeist\u00e4:<\/h4>\n<p>Sivustollamme on linkkej\u00e4 ulkopuolisten kolmansien osapuolten verkkosivuille, joiden sis\u00e4lt\u00f6\u00f6n meill\u00e4 ei ole vaikutusvaltaa. Emme siksi voi ottaa vastuuta t\u00e4st\u00e4 kolmannen osapuolen sis\u00e4ll\u00f6st\u00e4. Kyseisen sivuston tarjoaja tai yll\u00e4pit\u00e4j\u00e4 on aina vastuussa linkitettyjen sivujen sis\u00e4ll\u00f6st\u00e4. Linkitetyt sivut tarkastettiin mahdollisten laillisten rikkomusten varalta linkityksen yhteydess\u00e4. Laittomia sis\u00e4lt\u00f6j\u00e4 ei havaittu linkityksen aikaan.<\/p>\n<p>Sis\u00e4lt\u00f6jen jatkuva valvonta linkitetyill\u00e4 sivuilla ei kuitenkaan ole kohtuullista ilman konkreettisia rikkomustodisteita. Jos saamme tiet\u00e4\u00e4 laillisista rikkomuksista, poistamme kyseiset linkit v\u00e4litt\u00f6m\u00e4sti.<\/p>\n<h4>Tekij\u00e4noikeudet:<\/h4>\n<p>N\u00e4iden sivujen sis\u00e4ll\u00f6t ja teokset, jotka sivuston yll\u00e4pit\u00e4j\u00e4t ovat luoneet, ovat Saksan tekij\u00e4noikeuslain alaisia. Kopiointi, k\u00e4sittely, jakelu ja mik\u00e4 tahansa muu hy\u00f6dynt\u00e4minen tekij\u00e4noikeuslain rajoitusten ulkopuolella vaatii kyseisen tekij\u00e4n tai luojan kirjallisen suostumuksen. Sivuston lataaminen ja kopiointi on sallittua vain yksityiseen, ei-kaupalliseen k\u00e4ytt\u00f6\u00f6n.<\/p>\n<p>Silt\u00e4 osin kuin t\u00e4m\u00e4n sivuston sis\u00e4lt\u00f6\u00e4 ei ole luonut yll\u00e4pit\u00e4j\u00e4, kunnioitetaan kolmansien osapuolten tekij\u00e4noikeuksia. Erityisesti kolmannen osapuolen sis\u00e4lt\u00f6 on merkitty sellaiseksi. Jos kuitenkin huomaat tekij\u00e4noikeusrikkomuksen, ilmoitathan siit\u00e4 meille. Jos saamme tiet\u00e4\u00e4 rikkomuksista, poistamme kyseisen sis\u00e4ll\u00f6n v\u00e4litt\u00f6m\u00e4sti.<\/p>\n","protected":false},"excerpt":{"rendered":"<p>Tiedot \u00a7 5 TMG:n mukaan: Thilo Beier Uerdinger Str. 630 47800 Krefeld Puhelin: 0178 8683167 Faksi: 03222 3943427 S\u00e4hk\u00f6posti: info@seotranslationpro.com Arvonlis\u00e4vero: Arvonlis\u00e4verotunniste \u00a727 a arvonlis\u00e4verolaissa: DE305919192 Riitojen ratkaisu: S\u00e4hk\u00f6postiosoitteemme l\u00f6ytyy yll\u00e4 olevasta oikeudellisesta ilmoituksesta. Emme ole halukkaita emmek\u00e4 velvollisia osallistumaan riitojen ratkaisuun kuluttajariitalautakunnan edess\u00e4. Vastuuvapaus sis\u00e4ll\u00f6st\u00e4: Palveluntarjoajana olemme vastuussa omasta sis\u00e4ll\u00f6st\u00e4mme n\u00e4ill\u00e4 sivuilla \u00a7 7 [&hellip;]<\/p>\n","protected":false},"author":1,"featured_media":0,"parent":0,"menu_order":0,"comment_status":"closed","ping_status":"open","template":"","meta":{"_seopress_robots_primary_cat":"","_seopress_titles_title":"","_seopress_titles_desc":"","_seopress_robots_index":"","_seopress_analysis_target_kw":"","iawp_total_views":2,"footnotes":""},"class_list":["post-106205","page","type-page","status-publish","hentry"],"_links":{"self":[{"href":"https:\/\/seotranslationpro.com\/fi\/wp-json\/wp\/v2\/pages\/106205","targetHints":{"allow":["GET"]}}],"collection":[{"href":"https:\/\/seotranslationpro.com\/fi\/wp-json\/wp\/v2\/pages"}],"about":[{"href":"https:\/\/seotranslationpro.com\/fi\/wp-json\/wp\/v2\/types\/page"}],"author":[{"embeddable":true,"href":"https:\/\/seotranslationpro.com\/fi\/wp-json\/wp\/v2\/users\/1"}],"replies":[{"embeddable":true,"href":"https:\/\/seotranslationpro.com\/fi\/wp-json\/wp\/v2\/comments?post=106205"}],"version-history":[{"count":4,"href":"https:\/\/seotranslationpro.com\/fi\/wp-json\/wp\/v2\/pages\/106205\/revisions"}],"predecessor-version":[{"id":110416,"href":"https:\/\/seotranslationpro.com\/fi\/wp-json\/wp\/v2\/pages\/106205\/revisions\/110416"}],"wp:attachment":[{"href":"https:\/\/seotranslationpro.com\/fi\/wp-json\/wp\/v2\/media?parent=106205"}],"curies":[{"name":"wp","href":"https:\/\/api.w.org\/{rel}","templated":true}]}}