{"id":30192,"date":"2025-04-16T22:36:39","date_gmt":"2025-04-16T20:36:39","guid":{"rendered":"https:\/\/seotranslationpro.com\/imprint-2-2\/"},"modified":"2026-03-15T12:23:01","modified_gmt":"2026-03-15T11:23:01","slug":"impresion-2","status":"publish","type":"page","link":"https:\/\/seotranslationpro.com\/es\/impresion-2\/","title":{"rendered":"Aviso legal"},"content":{"rendered":"<h4>Informaci\u00f3n seg\u00fan \u00a7 5 TMG:<\/h4>\n<p>Thilo Beier<br \/>\nUerdinger Str. 630<br \/>\n47800 Krefeld<\/p>\n<p>Tel\u00e9fono: 0178 8683167<br \/>\nFax: 03222 3943427<\/p>\n<p>Correo electr\u00f3nico: <a href=\"mailto:info@seotranslation.com\">info@seotranslation.com<\/a><\/p>\n<h4>IVA:<\/h4>\n<p>N\u00famero de identificaci\u00f3n fiscal seg\u00fan \u00a727 a Umsatzsteuergesetz: DE305919192<\/p>\n<h4>Resoluci\u00f3n de disputas:<\/h4>\n<p>La Comisi\u00f3n Europea ofrece una plataforma para la resoluci\u00f3n de disputas en l\u00ednea (ODR): <a href=\"https:\/\/ec.europa.eu\/consumers\/odr\">https:\/\/ec.europa.eu\/consumers\/odr<\/a>.<br \/>\nPuedes encontrar nuestra direcci\u00f3n de correo electr\u00f3nico arriba en el aviso legal.<\/p>\n<p>No estamos dispuestos ni obligados a participar en procedimientos de resoluci\u00f3n de disputas ante una junta arbitral de consumidores.<\/p>\n<h4>Responsabilidad por el contenido:<\/h4>\n<p>Como proveedor de servicios, somos responsables de nuestro propio contenido en estas p\u00e1ginas seg\u00fan \u00a7 7 p\u00e1rrafo 1 TMG bajo las leyes generales. Sin embargo, seg\u00fan \u00a7\u00a7 8 a 10 TMG, no estamos obligados como proveedor de servicios a supervisar la informaci\u00f3n externa transmitida o almacenada ni a investigar circunstancias que indiquen actividades ilegales.<\/p>\n<p>Las obligaciones para eliminar o bloquear el uso de informaci\u00f3n bajo leyes generales permanecen sin cambios. La responsabilidad en este sentido solo es posible desde el momento en que se tiene conocimiento de una infracci\u00f3n espec\u00edfica. Al tomar conocimiento de tales violaciones legales, eliminaremos este contenido de inmediato.<\/p>\n<h4>Responsabilidad por los enlaces:<\/h4>\n<p>Nuestra oferta contiene enlaces a sitios web externos de terceros, sobre cuyo contenido no tenemos influencia. Por lo tanto, no podemos asumir ninguna responsabilidad por estos contenidos externos. El proveedor u operador respectivo de las p\u00e1ginas es siempre responsable del contenido de las p\u00e1ginas enlazadas. Las p\u00e1ginas enlazadas fueron revisadas en busca de posibles violaciones legales en el momento del enlace. No se reconoci\u00f3 contenido ilegal en el momento del enlace.<\/p>\n<p>Sin embargo, un control permanente del contenido de las p\u00e1ginas enlazadas no es razonable sin indicios concretos de una violaci\u00f3n legal. Al tomar conocimiento de violaciones legales, eliminaremos dichos enlaces de inmediato.<\/p>\n<h4>Derechos de autor:<\/h4>\n<p>El contenido y las obras creadas por los operadores del sitio en estas p\u00e1ginas est\u00e1n sujetos a la ley alemana de derechos de autor. La duplicaci\u00f3n, procesamiento, distribuci\u00f3n y cualquier tipo de explotaci\u00f3n fuera de los l\u00edmites del derecho de autor requieren el consentimiento escrito del respectivo autor o creador. Las descargas y copias de este sitio solo est\u00e1n permitidas para uso privado y no comercial.<\/p>\n<p>En la medida en que el contenido de este sitio no haya sido creado por el operador, se respetan los derechos de autor de terceros. En particular, el contenido de terceros est\u00e1 marcado como tal. Si aun as\u00ed detectas una infracci\u00f3n de derechos de autor, por favor inf\u00f3rmanos al respecto. Al tomar conocimiento de violaciones legales, eliminaremos dicho contenido de inmediato.<\/p>\n","protected":false},"excerpt":{"rendered":"<p>Informaci\u00f3n seg\u00fan \u00a7 5 TMG: Thilo Beier Uerdinger Str. 630 47800 Krefeld Tel\u00e9fono: 0178 8683167 Fax: 03222 3943427 Correo electr\u00f3nico: info@seotranslation.com IVA: N\u00famero de identificaci\u00f3n fiscal seg\u00fan \u00a727 a Umsatzsteuergesetz: DE305919192 Resoluci\u00f3n de disputas: La Comisi\u00f3n Europea ofrece una plataforma para la resoluci\u00f3n de disputas en l\u00ednea (ODR): https:\/\/ec.europa.eu\/consumers\/odr. Puedes encontrar nuestra direcci\u00f3n de correo [&hellip;]<\/p>\n","protected":false},"author":1,"featured_media":0,"parent":0,"menu_order":0,"comment_status":"open","ping_status":"open","template":"","meta":{"_seopress_robots_primary_cat":"","_seopress_titles_title":"","_seopress_titles_desc":"","_seopress_robots_index":"","iawp_total_views":0,"footnotes":""},"class_list":["post-30192","page","type-page","status-publish","hentry"],"_links":{"self":[{"href":"https:\/\/seotranslationpro.com\/es\/wp-json\/wp\/v2\/pages\/30192","targetHints":{"allow":["GET"]}}],"collection":[{"href":"https:\/\/seotranslationpro.com\/es\/wp-json\/wp\/v2\/pages"}],"about":[{"href":"https:\/\/seotranslationpro.com\/es\/wp-json\/wp\/v2\/types\/page"}],"author":[{"embeddable":true,"href":"https:\/\/seotranslationpro.com\/es\/wp-json\/wp\/v2\/users\/1"}],"replies":[{"embeddable":true,"href":"https:\/\/seotranslationpro.com\/es\/wp-json\/wp\/v2\/comments?post=30192"}],"version-history":[{"count":4,"href":"https:\/\/seotranslationpro.com\/es\/wp-json\/wp\/v2\/pages\/30192\/revisions"}],"predecessor-version":[{"id":109568,"href":"https:\/\/seotranslationpro.com\/es\/wp-json\/wp\/v2\/pages\/30192\/revisions\/109568"}],"wp:attachment":[{"href":"https:\/\/seotranslationpro.com\/es\/wp-json\/wp\/v2\/media?parent=30192"}],"curies":[{"name":"wp","href":"https:\/\/api.w.org\/{rel}","templated":true}]}}