{"id":22882,"date":"2025-04-09T09:38:43","date_gmt":"2025-04-09T07:38:43","guid":{"rendered":"https:\/\/seotranslationpro.com\/imprint-3\/"},"modified":"2026-03-15T12:23:21","modified_gmt":"2026-03-15T11:23:21","slug":"impresion","status":"publish","type":"page","link":"https:\/\/seotranslationpro.com\/es\/impresion\/","title":{"rendered":"Aviso legal | SEO Translation Pro"},"content":{"rendered":"<h4>Informaci\u00f3n seg\u00fan \u00a7 5 TMG:<\/h4>\n<p>Thilo Beier<br \/>\nUerdinger Str. 630<br \/>\n47800 Krefeld<\/p>\n<p>Tel\u00e9fono: 0178 8683167<br \/>\nFax: 03222 3943427<\/p>\n<p>Correo electr\u00f3nico: <a href=\"mailto:info@seotranslationpro.com\">info@seotranslationpro.com<\/a><\/p>\n<h4>Impuesto al valor agregado:<\/h4>\n<p>N\u00famero de identificaci\u00f3n del impuesto sobre las ventas seg\u00fan \u00a727 a de la ley del impuesto sobre las ventas: DE305919192<\/p>\n<h4>Resoluci\u00f3n de disputas:<\/h4>\n<p>Puedes encontrar nuestra direcci\u00f3n de correo electr\u00f3nico en el aviso legal arriba.<\/p>\n<p>No estamos dispuestos ni obligados a participar en procedimientos de resoluci\u00f3n de disputas ante una junta arbitral de consumidores.<\/p>\n<h4>Responsabilidad por el contenido:<\/h4>\n<p>Como proveedor de servicios, somos responsables de nuestro propio contenido en estas p\u00e1ginas de acuerdo con la Secci\u00f3n 7 (1) TMG (Ley alemana de telemedios) y la legislaci\u00f3n general. Sin embargo, seg\u00fan \u00a7\u00a7 8 a 10 TMG, como proveedor de servicios no estamos obligados a supervisar la informaci\u00f3n transmitida o almacenada de terceros ni a investigar circunstancias que indiquen actividades ilegales.<\/p>\n<p>Las obligaciones de eliminar o bloquear el uso de informaci\u00f3n seg\u00fan la legislaci\u00f3n general no se ven afectadas por esto. Sin embargo, la responsabilidad en este sentido solo es posible desde el momento en que se tiene conocimiento de una infracci\u00f3n espec\u00edfica. En cuanto tengamos conocimiento de tales infracciones, eliminaremos este contenido inmediatamente.<\/p>\n<h4>Responsabilidad por enlaces:<\/h4>\n<p>Nuestro sitio web contiene enlaces a sitios web externos de terceros sobre cuyos contenidos no tenemos influencia. Por lo tanto, no podemos aceptar ninguna responsabilidad por este contenido de terceros. El proveedor u operador respectivo de las p\u00e1ginas es siempre responsable del contenido de las p\u00e1ginas enlazadas. Las p\u00e1ginas enlazadas fueron revisadas en busca de posibles violaciones legales en el momento del enlace. No se reconocieron contenidos ilegales en el momento del enlace.<\/p>\n<p>Sin embargo, la supervisi\u00f3n permanente del contenido de las p\u00e1ginas enlazadas no es razonable sin indicios concretos de una infracci\u00f3n. Si tomamos conocimiento de alguna infracci\u00f3n legal, eliminaremos dichos enlaces inmediatamente.<\/p>\n<h4>Derechos de autor:<\/h4>\n<p>El contenido y las obras creadas por los operadores del sitio en estas p\u00e1ginas est\u00e1n sujetos a la ley alemana de derechos de autor. La duplicaci\u00f3n, procesamiento, distribuci\u00f3n y cualquier tipo de utilizaci\u00f3n fuera de los l\u00edmites de la ley de derechos de autor requieren el consentimiento escrito del respectivo autor o creador. Las descargas y copias de este sitio solo est\u00e1n permitidas para uso privado y no comercial.<\/p>\n<p>En la medida en que el contenido de este sitio no haya sido creado por el operador, se respetan los derechos de autor de terceros. En particular, el contenido de terceros est\u00e1 etiquetado como tal. Si a pesar de ello tomas conocimiento de una infracci\u00f3n de derechos de autor, por favor inf\u00f3rmanos al respecto. Si tomamos conocimiento de alguna infracci\u00f3n, eliminaremos dicho contenido inmediatamente.<\/p>\n","protected":false},"excerpt":{"rendered":"<p>Informaci\u00f3n seg\u00fan \u00a7 5 TMG: Thilo Beier Uerdinger Str. 630 47800 Krefeld Tel\u00e9fono: 0178 8683167 Fax: 03222 3943427 Correo electr\u00f3nico: info@seotranslationpro.com Impuesto al valor agregado: N\u00famero de identificaci\u00f3n del impuesto sobre las ventas seg\u00fan \u00a727 a de la ley del impuesto sobre las ventas: DE305919192 Resoluci\u00f3n de disputas: Puedes encontrar nuestra direcci\u00f3n de correo electr\u00f3nico [&hellip;]<\/p>\n","protected":false},"author":1,"featured_media":0,"parent":0,"menu_order":0,"comment_status":"closed","ping_status":"open","template":"","meta":{"_seopress_robots_primary_cat":"","_seopress_titles_title":"","_seopress_titles_desc":"","_seopress_robots_index":"","_seopress_analysis_target_kw":"","iawp_total_views":1,"footnotes":""},"class_list":["post-22882","page","type-page","status-publish","hentry"],"_links":{"self":[{"href":"https:\/\/seotranslationpro.com\/es\/wp-json\/wp\/v2\/pages\/22882","targetHints":{"allow":["GET"]}}],"collection":[{"href":"https:\/\/seotranslationpro.com\/es\/wp-json\/wp\/v2\/pages"}],"about":[{"href":"https:\/\/seotranslationpro.com\/es\/wp-json\/wp\/v2\/types\/page"}],"author":[{"embeddable":true,"href":"https:\/\/seotranslationpro.com\/es\/wp-json\/wp\/v2\/users\/1"}],"replies":[{"embeddable":true,"href":"https:\/\/seotranslationpro.com\/es\/wp-json\/wp\/v2\/comments?post=22882"}],"version-history":[{"count":13,"href":"https:\/\/seotranslationpro.com\/es\/wp-json\/wp\/v2\/pages\/22882\/revisions"}],"predecessor-version":[{"id":109167,"href":"https:\/\/seotranslationpro.com\/es\/wp-json\/wp\/v2\/pages\/22882\/revisions\/109167"}],"wp:attachment":[{"href":"https:\/\/seotranslationpro.com\/es\/wp-json\/wp\/v2\/media?parent=22882"}],"curies":[{"name":"wp","href":"https:\/\/api.w.org\/{rel}","templated":true}]}}