{"id":134696,"date":"2025-04-16T22:36:39","date_gmt":"2025-04-16T20:36:39","guid":{"rendered":"https:\/\/seotranslationpro.com\/imprint-2-2\/"},"modified":"2026-03-15T20:58:23","modified_gmt":"2026-03-15T19:58:23","slug":"impressum-2","status":"publish","type":"page","link":"https:\/\/seotranslationpro.com\/da\/impressum-2\/","title":{"rendered":"Impressum"},"content":{"rendered":"<h4>Oplysninger i henhold til \u00a7 5 TMG:<\/h4>\n<p>Thilo Beier<br \/>\nUerdinger Str. 630<br \/>\n47800 Krefeld<\/p>\n<p>Telefon: 0178 8683167<br \/>\nFax: 03222 3943427<\/p>\n<p>E-mail: <a href=\"mailto:info@seotranslation.com\">info@seotranslation.com<\/a><\/p>\n<h4>Moms:<\/h4>\n<p>Momsidentifikationsnummer i henhold til \u00a727 a Umsatzsteuergesetz: DE305919192<\/p>\n<h4>Tvistbil\u00e6ggelse:<\/h4>\n<p>Europa-Kommissionen stiller en platform til r\u00e5dighed for online tvistbil\u00e6ggelse (ODR): <a href=\"https:\/\/ec.europa.eu\/consumers\/odr\">https:\/\/ec.europa.eu\/consumers\/odr<\/a>.<br \/>\nDu kan finde vores e-mailadresse ovenfor i imprintet.<\/p>\n<p>Vi er ikke villige eller forpligtede til at deltage i tvistbil\u00e6ggelsesprocedurer forud for et forbrugerklagen\u00e6vn.<\/p>\n<h4>Ansvar for indhold:<\/h4>\n<p>Som tjenesteudbyder er vi ansvarlige for eget indhold p\u00e5 disse sider i henhold til \u00a7 7 stk.1 TMG under g\u00e6ldende lovgivning. I henhold til \u00a7\u00a7 8 til 10 TMG er vi dog ikke forpligtede som tjenesteudbyder til at overv\u00e5ge overf\u00f8rt eller lagret ekstern information eller til at unders\u00f8ge omst\u00e6ndigheder, der indikerer ulovlig aktivitet.<\/p>\n<p>Forpligtelser til at fjerne eller blokere brugen af information i henhold til g\u00e6ldende lovgivning forbliver up\u00e5virkede. Ansvar i denne henseende er kun muligt fra det \u00f8jeblik, vi f\u00e5r kendskab til en konkret overtr\u00e6delse. N\u00e5r vi bliver opm\u00e6rksomme p\u00e5 s\u00e5danne lovovertr\u00e6delser, vil vi straks fjerne dette indhold.<\/p>\n<h4>Ansvar for links:<\/h4>\n<p>Vores tilbud indeholder links til eksterne tredjepartswebsteder, over hvis indhold vi ikke har nogen indflydelse. Derfor kan vi ikke p\u00e5tage os noget ansvar for dette eksterne indhold. Den respektive udbyder eller operat\u00f8r af siderne er altid ansvarlig for indholdet af de linkede sider. De linkede sider blev kontrolleret for mulige lovovertr\u00e6delser p\u00e5 tidspunktet for linking. Ulovligt indhold var ikke genkendeligt p\u00e5 tidspunktet for linking.<\/p>\n<p>En permanent kontrol af indholdet p\u00e5 de linkede sider er dog ikke rimelig uden konkrete beviser p\u00e5 en lovovertr\u00e6delse. N\u00e5r vi bliver opm\u00e6rksomme p\u00e5 lovovertr\u00e6delser, vil vi straks fjerne s\u00e5danne links.<\/p>\n<h4>Ophavsret:<\/h4>\n<p>Indholdet og v\u00e6rkerne skabt af sideoperat\u00f8rerne p\u00e5 disse sider er underlagt tysk ophavsret. Kopiering, behandling, distribution og enhver form for udnyttelse uden for gr\u00e6nserne af ophavsretten kr\u00e6ver skriftligt samtykke fra den respektive forfatter eller skaber. Download og kopiering af denne side er kun tilladt til privat, ikke-kommercielt brug.<\/p>\n<p>I det omfang indholdet p\u00e5 denne side ikke er skabt af operat\u00f8ren, respekteres tredjeparts ophavsrettigheder. Is\u00e6r er tredjepartsindhold markeret som s\u00e5dant. Skulle du alligevel blive opm\u00e6rksom p\u00e5 en ophavsretskr\u00e6nkelse, bedes du informere os herom. N\u00e5r vi bliver opm\u00e6rksomme p\u00e5 lovovertr\u00e6delser, vil vi straks fjerne s\u00e5dant indhold.<\/p>\n","protected":false},"excerpt":{"rendered":"<p>Oplysninger i henhold til \u00a7 5 TMG: Thilo Beier Uerdinger Str. 630 47800 Krefeld Telefon: 0178 8683167 Fax: 03222 3943427 E-mail: info@seotranslation.com Moms: Momsidentifikationsnummer i henhold til \u00a727 a Umsatzsteuergesetz: DE305919192 Tvistbil\u00e6ggelse: Europa-Kommissionen stiller en platform til r\u00e5dighed for online tvistbil\u00e6ggelse (ODR): https:\/\/ec.europa.eu\/consumers\/odr. Du kan finde vores e-mailadresse ovenfor i imprintet. Vi er ikke villige [&hellip;]<\/p>\n","protected":false},"author":1,"featured_media":0,"parent":0,"menu_order":0,"comment_status":"open","ping_status":"open","template":"","meta":{"_seopress_robots_primary_cat":"","_seopress_titles_title":"","_seopress_titles_desc":"","_seopress_robots_index":"","iawp_total_views":0,"footnotes":""},"class_list":["post-134696","page","type-page","status-publish","hentry"],"_links":{"self":[{"href":"https:\/\/seotranslationpro.com\/da\/wp-json\/wp\/v2\/pages\/134696","targetHints":{"allow":["GET"]}}],"collection":[{"href":"https:\/\/seotranslationpro.com\/da\/wp-json\/wp\/v2\/pages"}],"about":[{"href":"https:\/\/seotranslationpro.com\/da\/wp-json\/wp\/v2\/types\/page"}],"author":[{"embeddable":true,"href":"https:\/\/seotranslationpro.com\/da\/wp-json\/wp\/v2\/users\/1"}],"replies":[{"embeddable":true,"href":"https:\/\/seotranslationpro.com\/da\/wp-json\/wp\/v2\/comments?post=134696"}],"version-history":[{"count":0,"href":"https:\/\/seotranslationpro.com\/da\/wp-json\/wp\/v2\/pages\/134696\/revisions"}],"wp:attachment":[{"href":"https:\/\/seotranslationpro.com\/da\/wp-json\/wp\/v2\/media?parent=134696"}],"curies":[{"name":"wp","href":"https:\/\/api.w.org\/{rel}","templated":true}]}}