{"id":134268,"date":"2025-04-14T23:02:58","date_gmt":"2025-04-14T21:02:58","guid":{"rendered":"https:\/\/seotranslationpro.com\/terms-2\/"},"modified":"2026-02-11T23:01:40","modified_gmt":"2026-02-11T22:01:40","slug":"betingelser","status":"publish","type":"page","link":"https:\/\/seotranslationpro.com\/da\/betingelser\/","title":{"rendered":"Vilk\u00e5r"},"content":{"rendered":"<div class=\"terms-conditions\">\n<h4>1. Anvendelsesomr\u00e5de<\/h4>\n<p>Disse vilk\u00e5r og betingelser (&#8220;Vilk\u00e5r&#8221;) regulerer brugen af de tjenester, der leveres af Thilo Beier, Uerdinger Str. 630, 47800 Krefeld, Tyskland (&#8220;SEO Translation Pro&#8221;, &#8220;vi&#8221;, &#8220;os&#8221; eller &#8220;vores&#8221;) via hjemmesiden <a href=\"https:\/\/seotranslationpro.com\/da\/\">seotranslationpro.com<\/a>. Ved at f\u00e5 adgang til eller bruge vores tjenester accepterer du at v\u00e6re bundet af disse Vilk\u00e5r.<\/p>\n<h4>2. Tilbudte tjenester<\/h4>\n<p>SEO Translation Pro tilbyder automatiserede overs\u00e6ttelsestjenester ved hj\u00e6lp af kunstig intelligens (AI) teknologier, herunder overs\u00e6ttelse af CSV-data, ordlisteadministration, tonejustering (formel\/uformel) og integration via API. Specifikke detaljer findes p\u00e5 vores hjemmeside.<\/p>\n<h4>3. Brugerberettigelse<\/h4>\n<p>Tjenesterne er tilg\u00e6ngelige for enkeltpersoner og virksomheder p\u00e5 18 \u00e5r eller \u00e6ldre. Ved at bruge vores tjenester erkl\u00e6rer og garanterer du, at du opfylder disse berettigelseskrav.<\/p>\n<h4>4. Kontooprettelse og sikkerhed<\/h4>\n<p>Du accepterer at give korrekte og fuldst\u00e6ndige registreringsoplysninger og at opretholde sikkerheden af dine kontooplysninger. Du er ansvarlig for alle aktiviteter under din konto.<\/p>\n<h4>5. Abonnementsplaner og betaling<\/h4>\n<p>Der tilbydes forskellige abonnementsplaner med forskellige funktioner og gr\u00e6nser. Betalinger forfalder m\u00e5nedligt forud og er ikke refunderbare, medmindre andet kr\u00e6ves ved lov.<\/p>\n<h4>6. Brugsgr\u00e6nser og fair use-politik<\/h4>\n<p>Hvert abonnement inkluderer specifikke brugsgr\u00e6nser. Overskridelse af disse gr\u00e6nser kan medf\u00f8re ekstra gebyrer eller suspendering af tjenesten.<\/p>\n<h4>7. Opsigelse og oph\u00f8r<\/h4>\n<p>Du kan opsige n\u00e5r som helst via dine kontoindstillinger. Oph\u00f8r tr\u00e6der i kraft ved udgangen af din faktureringsperiode. Vi kan suspendere eller opsige tjenester, hvis du overtr\u00e6der disse Vilk\u00e5r.<\/p>\n<h4>8. Immaterielle rettigheder<\/h4>\n<p>Alle immaterielle rettigheder relateret til tjenesten forbliver SEO Translation Pro&#8217;s eller dets licensgiveres eksklusive ejendom. Uautoriseret brug er forbudt.<\/p>\n<h4>9. Brugerindhold<\/h4>\n<p>Du beholder rettighederne til dit indhold, men giver os en ikke-eksklusiv licens til at behandle dit indhold for at levere tjenesten. Du skal have ret til at indsende dit indhold.<\/p>\n<h4>10. Databeskyttelse og privatliv<\/h4>\n<p>Se vores <a href=\"https:\/\/seotranslationpro.com\/da\/fortrolighedspolitik\/\">Privatlivspolitik<\/a> for information om, hvordan vi h\u00e5ndterer persondata i overensstemmelse med GDPR og g\u00e6ldende lovgivning.<\/p>\n<h4>11. Fortrolighed<\/h4>\n<p>Dit indhold vil blive behandlet fortroligt og kun videregivet efter behov for at levere tjenester eller hvis det kr\u00e6ves ved lov. Vi implementerer robuste foranstaltninger for at beskytte dine data.<\/p>\n<h4>12. Ansvarsfraskrivelser og ansvarsbegr\u00e6nsning<\/h4>\n<p>Tjenesterne leveres &#8220;som de er&#8221; uden garantier. Vi er ikke ansvarlige for indirekte eller f\u00f8lgeskader, tabt fortjeneste eller SEO-resultater.<\/p>\n<h4>13. Erstatning<\/h4>\n<p>Du accepterer at holde SEO Translation Pro skadesl\u00f8s for krav, der opst\u00e5r som f\u00f8lge af din brug af tjenesterne, overtr\u00e6delse af disse Vilk\u00e5r eller kr\u00e6nkelse af tredjepartsrettigheder.<\/p>\n<h4>14. \u00c6ndringer i vilk\u00e5r<\/h4>\n<p>Vi kan \u00e6ndre disse Vilk\u00e5r til enhver tid. \u00c6ndringer vil blive offentliggjort p\u00e5 vores hjemmeside med en opdateret ikrafttr\u00e6delsesdato. Fortsat brug indeb\u00e6rer accept af de nye Vilk\u00e5r.<\/p>\n<h4>15. Lovvalg og v\u00e6rneting<\/h4>\n<p>Disse Vilk\u00e5r er underlagt tysk ret. Den eksklusive jurisdiktion for tvister er D\u00fcsseldorf, Tyskland.<\/p>\n<h4>16. Kontaktinformation<\/h4>\n<p>Ved sp\u00f8rgsm\u00e5l, kontakt venligst:<br \/>\nThilo Beier<br \/>\nUerdinger Str. 630<br \/>\n47800 Krefeld, Tyskland<br \/>\nTelefon: +49 178 8683167<br \/>\nEmail: info@seotranslationpro.com<\/p>\n<p>Ikrafttr\u00e6delsesdato: April 2025<\/p>\n<\/div>\n","protected":false},"excerpt":{"rendered":"<p>1. Anvendelsesomr\u00e5de Disse vilk\u00e5r og betingelser (&#8220;Vilk\u00e5r&#8221;) regulerer brugen af de tjenester, der leveres af Thilo Beier, Uerdinger Str. 630, 47800 Krefeld, Tyskland (&#8220;SEO Translation Pro&#8221;, &#8220;vi&#8221;, &#8220;os&#8221; eller &#8220;vores&#8221;) via hjemmesiden seotranslationpro.com. Ved at f\u00e5 adgang til eller bruge vores tjenester accepterer du at v\u00e6re bundet af disse Vilk\u00e5r. 2. Tilbudte tjenester SEO Translation [&hellip;]<\/p>\n","protected":false},"author":1,"featured_media":0,"parent":0,"menu_order":0,"comment_status":"closed","ping_status":"open","template":"","meta":{"_seopress_robots_primary_cat":"","_seopress_titles_title":"","_seopress_titles_desc":"","_seopress_robots_index":"","_seopress_analysis_target_kw":"","iawp_total_views":9,"footnotes":""},"class_list":["post-134268","page","type-page","status-publish","hentry"],"_links":{"self":[{"href":"https:\/\/seotranslationpro.com\/da\/wp-json\/wp\/v2\/pages\/134268","targetHints":{"allow":["GET"]}}],"collection":[{"href":"https:\/\/seotranslationpro.com\/da\/wp-json\/wp\/v2\/pages"}],"about":[{"href":"https:\/\/seotranslationpro.com\/da\/wp-json\/wp\/v2\/types\/page"}],"author":[{"embeddable":true,"href":"https:\/\/seotranslationpro.com\/da\/wp-json\/wp\/v2\/users\/1"}],"replies":[{"embeddable":true,"href":"https:\/\/seotranslationpro.com\/da\/wp-json\/wp\/v2\/comments?post=134268"}],"version-history":[{"count":0,"href":"https:\/\/seotranslationpro.com\/da\/wp-json\/wp\/v2\/pages\/134268\/revisions"}],"wp:attachment":[{"href":"https:\/\/seotranslationpro.com\/da\/wp-json\/wp\/v2\/media?parent=134268"}],"curies":[{"name":"wp","href":"https:\/\/api.w.org\/{rel}","templated":true}]}}