{"id":134267,"date":"2025-04-09T09:38:43","date_gmt":"2025-04-09T07:38:43","guid":{"rendered":"https:\/\/seotranslationpro.com\/imprint-3\/"},"modified":"2026-03-15T20:58:33","modified_gmt":"2026-03-15T19:58:33","slug":"impressum","status":"publish","type":"page","link":"https:\/\/seotranslationpro.com\/da\/impressum\/","title":{"rendered":"Impressum | SEO Translation Pro"},"content":{"rendered":"<h4>Oplysninger i henhold til \u00a7 5 TMG:<\/h4>\n<p>Thilo Beier<br \/>\nUerdinger Str. 630<br \/>\n47800 Krefeld<\/p>\n<p>Telefon: 0178 8683167<br \/>\nFax: 03222 3943427<\/p>\n<p>E-mail: <a href=\"mailto:info@seotranslationpro.com\">info@seotranslationpro.com<\/a><\/p>\n<h4>Moms:<\/h4>\n<p>Momsidentifikationsnummer i henhold til \u00a727 a momsloven: DE305919192<\/p>\n<h4>Tvistbil\u00e6ggelse:<\/h4>\n<p>Du kan finde vores e-mailadresse i den juridiske meddelelse ovenfor.<\/p>\n<p>Vi er ikke villige eller forpligtede til at deltage i tvistbil\u00e6ggelsesprocedurer foran et forbrugerklagen\u00e6vn.<\/p>\n<h4>Ansvar for indhold:<\/h4>\n<p>Som tjenesteudbyder er vi ansvarlige for vores eget indhold p\u00e5 disse sider i henhold til \u00a7 7 (1) TMG (tysk telemedielov) og generel lovgivning. If\u00f8lge \u00a7\u00a7 8 til 10 TMG er vi som tjenesteudbyder dog ikke forpligtede til at overv\u00e5ge overf\u00f8rt eller lagret tredjepartsinformation eller unders\u00f8ge omst\u00e6ndigheder, der indikerer ulovlig aktivitet.<\/p>\n<p>Forpligtelser til at fjerne eller blokere brugen af information i henhold til generel lovgivning forbliver up\u00e5virkede heraf. Ansvar i denne henseende er dog kun muligt fra det tidspunkt, hvor vi f\u00e5r kendskab til en konkret overtr\u00e6delse. S\u00e5 snart vi bliver opm\u00e6rksomme p\u00e5 s\u00e5danne overtr\u00e6delser, vil vi straks fjerne dette indhold.<\/p>\n<h4>Ansvar for links:<\/h4>\n<p>Vores hjemmeside indeholder links til eksterne tredjepartswebsites, over hvis indhold vi ikke har nogen indflydelse. Derfor kan vi ikke p\u00e5tage os noget ansvar for dette tredjepartsindhold. Den respektive udbyder eller operat\u00f8r af siderne er altid ansvarlig for indholdet af de linkede sider. De linkede sider blev kontrolleret for mulige lovovertr\u00e6delser p\u00e5 tidspunktet for linkningen. Ulovligt indhold var ikke genkendeligt p\u00e5 tidspunktet for linkningen.<\/p>\n<p>En permanent overv\u00e5gning af indholdet p\u00e5 de linkede sider er dog ikke rimelig uden konkrete beviser p\u00e5 en overtr\u00e6delse. Hvis vi bliver opm\u00e6rksomme p\u00e5 lovovertr\u00e6delser, vil vi straks fjerne s\u00e5danne links.<\/p>\n<h4>Ophavsret:<\/h4>\n<p>Indholdet og v\u00e6rkerne skabt af sideoperat\u00f8rerne p\u00e5 disse sider er underlagt tysk ophavsret. Kopiering, behandling, distribution og enhver form for udnyttelse uden for gr\u00e6nserne af ophavsretsloven kr\u00e6ver skriftligt samtykke fra den respektive forfatter eller skaber. Download og kopier af denne side er kun tilladt til privat, ikke-kommerciel brug.<\/p>\n<p>I det omfang indholdet p\u00e5 denne side ikke er skabt af operat\u00f8ren, respekteres tredjeparts ophavsrettigheder. Is\u00e6r er tredjepartsindhold m\u00e6rket som s\u00e5dant. Skulle du alligevel blive opm\u00e6rksom p\u00e5 en overtr\u00e6delse af ophavsretten, bedes du informere os herom. Hvis vi bliver opm\u00e6rksomme p\u00e5 overtr\u00e6delser, vil vi straks fjerne s\u00e5dant indhold.<\/p>\n","protected":false},"excerpt":{"rendered":"<p>Oplysninger i henhold til \u00a7 5 TMG: Thilo Beier Uerdinger Str. 630 47800 Krefeld Telefon: 0178 8683167 Fax: 03222 3943427 E-mail: info@seotranslationpro.com Moms: Momsidentifikationsnummer i henhold til \u00a727 a momsloven: DE305919192 Tvistbil\u00e6ggelse: Du kan finde vores e-mailadresse i den juridiske meddelelse ovenfor. Vi er ikke villige eller forpligtede til at deltage i tvistbil\u00e6ggelsesprocedurer foran et [&hellip;]<\/p>\n","protected":false},"author":1,"featured_media":0,"parent":0,"menu_order":0,"comment_status":"closed","ping_status":"open","template":"","meta":{"_seopress_robots_primary_cat":"","_seopress_titles_title":"","_seopress_titles_desc":"","_seopress_robots_index":"","_seopress_analysis_target_kw":"","iawp_total_views":2,"footnotes":""},"class_list":["post-134267","page","type-page","status-publish","hentry"],"_links":{"self":[{"href":"https:\/\/seotranslationpro.com\/da\/wp-json\/wp\/v2\/pages\/134267","targetHints":{"allow":["GET"]}}],"collection":[{"href":"https:\/\/seotranslationpro.com\/da\/wp-json\/wp\/v2\/pages"}],"about":[{"href":"https:\/\/seotranslationpro.com\/da\/wp-json\/wp\/v2\/types\/page"}],"author":[{"embeddable":true,"href":"https:\/\/seotranslationpro.com\/da\/wp-json\/wp\/v2\/users\/1"}],"replies":[{"embeddable":true,"href":"https:\/\/seotranslationpro.com\/da\/wp-json\/wp\/v2\/comments?post=134267"}],"version-history":[{"count":0,"href":"https:\/\/seotranslationpro.com\/da\/wp-json\/wp\/v2\/pages\/134267\/revisions"}],"wp:attachment":[{"href":"https:\/\/seotranslationpro.com\/da\/wp-json\/wp\/v2\/media?parent=134267"}],"curies":[{"name":"wp","href":"https:\/\/api.w.org\/{rel}","templated":true}]}}