{"id":102342,"date":"2025-04-14T23:05:00","date_gmt":"2025-04-14T21:05:00","guid":{"rendered":"https:\/\/seotranslationpro.com\/privacy-policy-2\/"},"modified":"2026-02-09T20:21:52","modified_gmt":"2026-02-09T19:21:52","slug":"zasady-ochrany-osobnich-udaju","status":"publish","type":"page","link":"https:\/\/seotranslationpro.com\/cs\/zasady-ochrany-osobnich-udaju\/","title":{"rendered":"Z\u00e1sady ochrany osobn\u00edch \u00fadaj\u016f"},"content":{"rendered":"<h2>Z\u00e1sady ochrany osobn\u00edch \u00fadaj\u016f<\/h2>\n<div class=\"privacy-policy\">\n<h4>1. P\u0159ehled ochrany osobn\u00edch \u00fadaj\u016f<\/h4>\n<p>Tyto Z\u00e1sady ochrany osobn\u00edch \u00fadaj\u016f poskytuj\u00ed p\u0159ehled o tom, jak Thilo Beier, Uerdinger Str. 630, 47800 Krefeld, N\u011bmecko (\u201eSEO Translation Pro\u201c, \u201emy\u201c, \u201en\u00e1s\u201c nebo \u201ena\u0161e\u201c) zpracov\u00e1v\u00e1 osobn\u00ed \u00fadaje shrom\u00e1\u017ed\u011bn\u00e9 prost\u0159ednictv\u00edm webu <a href=\"https:\/\/seotranslationpro.com\/cs\/\">seotranslationpro.com<\/a>. Osobn\u00ed \u00fadaje znamenaj\u00ed jak\u00e9koliv informace schopn\u00e9 t\u011b osobn\u011b identifikovat.<\/p>\n<h4>2. Sb\u00edr\u00e1n\u00ed dat na na\u0161em webu<\/h4>\n<p>Tv\u00e9 \u00fadaje sb\u00edr\u00e1me p\u0159edev\u0161\u00edm prost\u0159ednictv\u00edm tv\u00e9ho p\u0159\u00edm\u00e9ho zad\u00e1n\u00ed (nap\u0159. p\u0159es kontaktn\u00ed formul\u00e1\u0159e nebo registraci). D\u00e1le jsou automaticky shroma\u017e\u010fov\u00e1na technick\u00e1 data, jako je typ prohl\u00ed\u017ee\u010de, opera\u010dn\u00ed syst\u00e9m a \u010das p\u0159\u00edstupu p\u0159i n\u00e1v\u0161t\u011bv\u011b na\u0161eho webu.<\/p>\n<h4>3. \u00da\u010del sb\u011bru dat<\/h4>\n<p>Sb\u00edr\u00e1me data, abychom zajistili funk\u010dnost webu, analyzovali chov\u00e1n\u00ed u\u017eivatel\u016f, spravovali vztahy se z\u00e1kazn\u00edky, zpracov\u00e1vali transakce a poskytovali z\u00e1kaznickou podporu.<\/p>\n<h4>4. Tv\u00e1 pr\u00e1va na ochranu dat<\/h4>\n<p>M\u00e1\u0161 pr\u00e1vo po\u017e\u00e1dat o bezplatn\u00e9 informace o p\u016fvodu, p\u0159\u00edjemc\u00edch a \u00fa\u010delech tv\u00fdch ulo\u017een\u00fdch osobn\u00edch \u00fadaj\u016f. D\u00e1le m\u00e1\u0161 pr\u00e1vo na opravu, omezen\u00ed, v\u00fdmaz nebo vznesen\u00ed n\u00e1mitky proti zpracov\u00e1n\u00ed tv\u00fdch dat. M\u016f\u017ee\u0161 n\u00e1s kdykoliv kontaktovat prost\u0159ednictv\u00edm n\u00ed\u017ee uveden\u00fdch kontaktn\u00edch \u00fadaj\u016f, abys tato pr\u00e1va uplatnil. Tak\u00e9 m\u00e1\u0161 pr\u00e1vo podat st\u00ed\u017enost u p\u0159\u00edslu\u0161n\u00fdch dozorov\u00fdch org\u00e1n\u016f.<\/p>\n<h4>5. Analytick\u00e9 a n\u00e1stroje t\u0159et\u00edch stran<\/h4>\n<p>Tv\u00e9 chov\u00e1n\u00ed p\u0159i prohl\u00ed\u017een\u00ed m\u016f\u017ee b\u00fdt statisticky analyzov\u00e1no pomoc\u00ed cookies a analytick\u00fdch program\u016f. Takov\u00e1 anal\u00fdza prob\u00edh\u00e1 obvykle anonymn\u011b a nelze ji zp\u011btn\u011b p\u0159i\u0159adit k tob\u011b osobn\u011b. M\u016f\u017ee\u0161 t\u00e9to anal\u00fdze vzn\u00e9st n\u00e1mitku nebo j\u00ed zabr\u00e1nit vyh\u00fdb\u00e1n\u00edm se ur\u010dit\u00fdm n\u00e1stroj\u016fm. Dal\u0161\u00ed podrobnosti jsou uvedeny v t\u011bchto Z\u00e1sad\u00e1ch ochrany osobn\u00edch \u00fadaj\u016f.<\/p>\n<h4>6. Zabezpe\u010den\u00ed dat<\/h4>\n<p>N\u00e1\u0161 web pou\u017e\u00edv\u00e1 \u0161ifrov\u00e1n\u00ed SSL\/TLS pro bezpe\u010dnostn\u00ed \u00fa\u010dely a ochranu citliv\u00fdch p\u0159enos\u016f dat, v\u010detn\u011b platebn\u00edch \u00fadaj\u016f. \u0160ifrovan\u00e9 p\u0159ipojen\u00ed je indikov\u00e1no \u201ehttps:\/\/\u201c a symbolem z\u00e1mku v adresn\u00edm \u0159\u00e1dku tv\u00e9ho prohl\u00ed\u017ee\u010de.<\/p>\n<h4>7. Cookies<\/h4>\n<p>Pou\u017e\u00edv\u00e1me cookies ke zlep\u0161en\u00ed pou\u017eitelnosti a v\u00fdkonu webu. Nastaven\u00ed cookies m\u016f\u017ee\u0161 spravovat ve sv\u00e9m prohl\u00ed\u017ee\u010di. Vypnut\u00ed cookies m\u016f\u017ee omezit funk\u010dnost webu.<\/p>\n<h4>8. Serverov\u00e9 logy<\/h4>\n<p>N\u00e1\u0161 poskytovatel hostingu automaticky shroma\u017e\u010fuje data p\u0159en\u00e1\u0161en\u00e1 tv\u00fdm prohl\u00ed\u017ee\u010dem, v\u010detn\u011b typu prohl\u00ed\u017ee\u010de, opera\u010dn\u00edho syst\u00e9mu, odkazuj\u00edc\u00ed URL, n\u00e1zvu hostitele a IP adresy. Tato data jsou nezbytn\u00e1 pro zaji\u0161t\u011bn\u00ed funk\u010dnosti a bezpe\u010dnosti webu.<\/p>\n<h4>9. Kontaktn\u00ed formul\u00e1\u0159 a komunikace<\/h4>\n<p>P\u0159i kontaktov\u00e1n\u00ed n\u00e1s p\u0159es formul\u00e1\u0159e, e-mail nebo telefon jsou tv\u00e1 poskytnut\u00e1 data ulo\u017eena a zpracov\u00e1na pouze za \u00fa\u010delem vy\u0159\u00edzen\u00ed tv\u00e9ho dotazu. Zpracov\u00e1n\u00ed dat prob\u00edh\u00e1 na z\u00e1klad\u011b tv\u00e9ho souhlasu, kter\u00fd m\u016f\u017ee\u0161 kdykoliv odvolat kontaktov\u00e1n\u00edm n\u00e1s.<\/p>\n<h4>10. Registrace na na\u0161em webu<\/h4>\n<p>M\u016f\u017ee\u0161 se na na\u0161em webu zaregistrovat pro roz\u0161\u00ed\u0159en\u00e9 funkce. Shrom\u00e1\u017ed\u011bn\u00e1 registra\u010dn\u00ed data jsou pou\u017e\u00edv\u00e1na pouze k poskytov\u00e1n\u00ed po\u017eadovan\u00fdch slu\u017eeb. Sv\u016fj souhlas m\u016f\u017ee\u0161 kdykoliv odvolat.<\/p>\n<h4>11. Analytick\u00e9 a marketingov\u00e9 n\u00e1stroje<\/h4>\n<p>Pou\u017e\u00edv\u00e1me n\u00e1stroje jako Google Analytics, Google Tag Manager a Microsoft Clarity k anal\u00fdze a optimalizaci v\u00fdkonu webu. Tyto n\u00e1stroje pou\u017e\u00edvaj\u00ed cookies a shroma\u017e\u010fuj\u00ed data o pou\u017e\u00edv\u00e1n\u00ed, kter\u00e1 mohou b\u00fdt p\u0159ed\u00e1v\u00e1na a ukl\u00e1d\u00e1na poskytovateli t\u0159et\u00edch stran.<\/p>\n<h4>12. Platebn\u00ed zpracovatel\u00e9<\/h4>\n<p>Pro bezpe\u010dn\u00e9 zpracov\u00e1n\u00ed transakc\u00ed vyu\u017e\u00edv\u00e1me poskytovatele platebn\u00edch slu\u017eeb jako PayPal a Stripe. Data poskytnut\u00e1 pro zpracov\u00e1n\u00ed plateb podl\u00e9haj\u00ed z\u00e1sad\u00e1m ochrany osobn\u00edch \u00fadaj\u016f p\u0159\u00edslu\u0161n\u00fdch poskytovatel\u016f.<\/p>\n<h4>13. Mezin\u00e1rodn\u00ed p\u0159enosy dat<\/h4>\n<p>P\u0159enosy dat mimo EU prob\u00edhaj\u00ed za pou\u017eit\u00ed vhodn\u00fdch z\u00e1ruk, jako jsou standardn\u00ed smluvn\u00ed dolo\u017eky nebo rozhodnut\u00ed o p\u0159im\u011b\u0159enosti.<\/p>\n<h4>14. Zm\u011bny t\u011bchto Z\u00e1sad ochrany osobn\u00edch \u00fadaj\u016f<\/h4>\n<p>Tyto z\u00e1sady m\u016f\u017eeme \u010das od \u010dasu aktualizovat. Zm\u011bny budou zve\u0159ejn\u011bny zde spolu s nov\u00fdm datem \u00fa\u010dinnosti.<\/p>\n<h4>15. Kontaktn\u00ed \u00fadaje<\/h4>\n<p>Pro ot\u00e1zky t\u00fdkaj\u00edc\u00ed se t\u011bchto Z\u00e1sad ochrany osobn\u00edch \u00fadaj\u016f nebo praxe ochrany dat n\u00e1s pros\u00edm kontaktuj:<br \/>\nThilo Beier<br \/>\nUerdinger Str. 630<br \/>\n47800 Krefeld, N\u011bmecko<br \/>\nTelefon: +49 178 8683167<br \/>\nE-mail: info@seotranslationpro.com<\/p>\n<p>Datum \u00fa\u010dinnosti: duben 2025<\/p>\n<\/div>\n","protected":false},"excerpt":{"rendered":"<p>Z\u00e1sady ochrany osobn\u00edch \u00fadaj\u016f 1. P\u0159ehled ochrany osobn\u00edch \u00fadaj\u016f Tyto Z\u00e1sady ochrany osobn\u00edch \u00fadaj\u016f poskytuj\u00ed p\u0159ehled o tom, jak Thilo Beier, Uerdinger Str. 630, 47800 Krefeld, N\u011bmecko (\u201eSEO Translation Pro\u201c, \u201emy\u201c, \u201en\u00e1s\u201c nebo \u201ena\u0161e\u201c) zpracov\u00e1v\u00e1 osobn\u00ed \u00fadaje shrom\u00e1\u017ed\u011bn\u00e9 prost\u0159ednictv\u00edm webu seotranslationpro.com. Osobn\u00ed \u00fadaje znamenaj\u00ed jak\u00e9koliv informace schopn\u00e9 t\u011b osobn\u011b identifikovat. 2. Sb\u00edr\u00e1n\u00ed dat na na\u0161em [&hellip;]<\/p>\n","protected":false},"author":1,"featured_media":0,"parent":0,"menu_order":0,"comment_status":"closed","ping_status":"open","template":"","meta":{"_seopress_robots_primary_cat":"","_seopress_titles_title":"","_seopress_titles_desc":"","_seopress_robots_index":"yes","_seopress_analysis_target_kw":"","iawp_total_views":9,"footnotes":""},"class_list":["post-102342","page","type-page","status-publish","hentry"],"_links":{"self":[{"href":"https:\/\/seotranslationpro.com\/cs\/wp-json\/wp\/v2\/pages\/102342","targetHints":{"allow":["GET"]}}],"collection":[{"href":"https:\/\/seotranslationpro.com\/cs\/wp-json\/wp\/v2\/pages"}],"about":[{"href":"https:\/\/seotranslationpro.com\/cs\/wp-json\/wp\/v2\/types\/page"}],"author":[{"embeddable":true,"href":"https:\/\/seotranslationpro.com\/cs\/wp-json\/wp\/v2\/users\/1"}],"replies":[{"embeddable":true,"href":"https:\/\/seotranslationpro.com\/cs\/wp-json\/wp\/v2\/comments?post=102342"}],"version-history":[{"count":12,"href":"https:\/\/seotranslationpro.com\/cs\/wp-json\/wp\/v2\/pages\/102342\/revisions"}],"predecessor-version":[{"id":110005,"href":"https:\/\/seotranslationpro.com\/cs\/wp-json\/wp\/v2\/pages\/102342\/revisions\/110005"}],"wp:attachment":[{"href":"https:\/\/seotranslationpro.com\/cs\/wp-json\/wp\/v2\/media?parent=102342"}],"curies":[{"name":"wp","href":"https:\/\/api.w.org\/{rel}","templated":true}]}}