{"id":102335,"date":"2025-04-09T09:38:43","date_gmt":"2025-04-09T07:38:43","guid":{"rendered":"https:\/\/seotranslationpro.com\/imprint-3\/"},"modified":"2026-03-15T20:53:39","modified_gmt":"2026-03-15T19:53:39","slug":"impressum","status":"publish","type":"page","link":"https:\/\/seotranslationpro.com\/cs\/impressum\/","title":{"rendered":"Impressum | SEO Translation Pro"},"content":{"rendered":"<h4>Informace podle \u00a7 5 TMG:<\/h4>\n<p>Thilo Beier<br \/>\nUerdinger Str. 630<br \/>\n47800 Krefeld<\/p>\n<p>Telefon: 0178 8683167<br \/>\nFax: 03222 3943427<\/p>\n<p>E-mail: <a href=\"mailto:info@seotranslationpro.com\">info@seotranslationpro.com<\/a><\/p>\n<h4>Da\u0148 z p\u0159idan\u00e9 hodnoty:<\/h4>\n<p>Identifika\u010dn\u00ed \u010d\u00edslo pro da\u0148 z obratu podle \u00a727 a z\u00e1kona o dani z obratu: DE305919192<\/p>\n<h4>\u0158e\u0161en\u00ed spor\u016f:<\/h4>\n<p>Na\u0161i e-mailovou adresu najde\u0161 v pr\u00e1vn\u00edm upozorn\u011bn\u00ed v\u00fd\u0161e.<\/p>\n<p>Nejsme ochotni ani povinni \u00fa\u010dastnit se \u0159\u00edzen\u00ed o \u0159e\u0161en\u00ed spor\u016f p\u0159ed spot\u0159ebitelsk\u00fdm arbitr\u00e1\u017en\u00edm org\u00e1nem.<\/p>\n<h4>Odpov\u011bdnost za obsah:<\/h4>\n<p>Jako poskytovatel slu\u017eby jsme odpov\u011bdn\u00ed za vlastn\u00ed obsah na t\u011bchto str\u00e1nk\u00e1ch podle \u00a7 7 odst. 1 TMG (n\u011bmeck\u00fd z\u00e1kon o telemedi\u00edch) a obecn\u00e9ho pr\u00e1va. Podle \u00a7\u00a7 8 a\u017e 10 TMG v\u0161ak nejsme jako poskytovatel slu\u017eby povinni monitorovat p\u0159en\u00e1\u0161en\u00e9 nebo ulo\u017een\u00e9 informace t\u0159et\u00edch stran ani zkoumat okolnosti nazna\u010duj\u00edc\u00ed nez\u00e1konnou \u010dinnost.<\/p>\n<p>Povinnosti odstranit nebo zablokovat pou\u017eit\u00ed informac\u00ed podle obecn\u00e9ho pr\u00e1va t\u00edm nejsou dot\u010deny. Odpov\u011bdnost v tomto ohledu v\u0161ak nast\u00e1v\u00e1 a\u017e od okam\u017eiku znalosti konkr\u00e9tn\u00edho poru\u0161en\u00ed. Jakmile se o takov\u00e9m poru\u0161en\u00ed dozv\u00edme, okam\u017eit\u011b tento obsah odstran\u00edme.<\/p>\n<h4>Odpov\u011bdnost za odkazy:<\/h4>\n<p>Na\u0161e webov\u00e9 str\u00e1nky obsahuj\u00ed odkazy na extern\u00ed weby t\u0159et\u00edch stran, nad jejich\u017e obsahem nem\u00e1me kontrolu. Proto nem\u016f\u017eeme p\u0159ijmout \u017e\u00e1dnou odpov\u011bdnost za obsah t\u011bchto t\u0159et\u00edch stran. Za obsah propojen\u00fdch str\u00e1nek je v\u017edy odpov\u011bdn\u00fd p\u0159\u00edslu\u0161n\u00fd poskytovatel nebo provozovatel str\u00e1nek. Propojen\u00e9 str\u00e1nky byly p\u0159i propojen\u00ed zkontrolov\u00e1ny na mo\u017en\u00e9 pr\u00e1vn\u00ed poru\u0161en\u00ed. Neleg\u00e1ln\u00ed obsah v dob\u011b propojen\u00ed nebyl rozpoznateln\u00fd.<\/p>\n<p>Trval\u00e9 sledov\u00e1n\u00ed obsahu propojen\u00fdch str\u00e1nek v\u0161ak nen\u00ed rozumn\u00e9 bez konkr\u00e9tn\u00edho podez\u0159en\u00ed na poru\u0161en\u00ed. Pokud se o jak\u00e9mkoli pr\u00e1vn\u00edm poru\u0161en\u00ed dozv\u00edme, okam\u017eit\u011b takov\u00e9 odkazy odstran\u00edme.<\/p>\n<h4>Autorsk\u00e1 pr\u00e1va:<\/h4>\n<p>Obsah a d\u00edla vytvo\u0159en\u00e1 provozovateli str\u00e1nek na t\u011bchto str\u00e1nk\u00e1ch podl\u00e9haj\u00ed n\u011bmeck\u00e9mu z\u00e1konu o autorsk\u00fdch pr\u00e1vech. Kop\u00edrov\u00e1n\u00ed, zpracov\u00e1n\u00ed, distribuce a jak\u00e9koli vyu\u017eit\u00ed mimo hranice autorsk\u00e9ho pr\u00e1va vy\u017eaduje p\u00edsemn\u00fd souhlas p\u0159\u00edslu\u0161n\u00e9ho autora nebo tv\u016frce. Stahov\u00e1n\u00ed a kop\u00edrov\u00e1n\u00ed t\u011bchto str\u00e1nek je povoleno pouze pro soukrom\u00e9, nekomer\u010dn\u00ed pou\u017eit\u00ed.<\/p>\n<p>Pokud obsah na t\u011bchto str\u00e1nk\u00e1ch nebyl vytvo\u0159en provozovatelem, jsou respektov\u00e1na autorsk\u00e1 pr\u00e1va t\u0159et\u00edch stran. Zejm\u00e9na je obsah t\u0159et\u00edch stran takto ozna\u010den. Pokud p\u0159esto zjist\u00ed\u0161 poru\u0161en\u00ed autorsk\u00fdch pr\u00e1v, informuj n\u00e1s o tom pros\u00edm. Pokud se o poru\u0161en\u00ed dozv\u00edme, okam\u017eit\u011b takov\u00fd obsah odstran\u00edme.<\/p>\n","protected":false},"excerpt":{"rendered":"<p>Informace podle \u00a7 5 TMG: Thilo Beier Uerdinger Str. 630 47800 Krefeld Telefon: 0178 8683167 Fax: 03222 3943427 E-mail: info@seotranslationpro.com Da\u0148 z p\u0159idan\u00e9 hodnoty: Identifika\u010dn\u00ed \u010d\u00edslo pro da\u0148 z obratu podle \u00a727 a z\u00e1kona o dani z obratu: DE305919192 \u0158e\u0161en\u00ed spor\u016f: Na\u0161i e-mailovou adresu najde\u0161 v pr\u00e1vn\u00edm upozorn\u011bn\u00ed v\u00fd\u0161e. Nejsme ochotni ani povinni \u00fa\u010dastnit se [&hellip;]<\/p>\n","protected":false},"author":1,"featured_media":0,"parent":0,"menu_order":0,"comment_status":"closed","ping_status":"open","template":"","meta":{"_seopress_robots_primary_cat":"","_seopress_titles_title":"","_seopress_titles_desc":"","_seopress_robots_index":"","_seopress_analysis_target_kw":"","iawp_total_views":1,"footnotes":""},"class_list":["post-102335","page","type-page","status-publish","hentry"],"_links":{"self":[{"href":"https:\/\/seotranslationpro.com\/cs\/wp-json\/wp\/v2\/pages\/102335","targetHints":{"allow":["GET"]}}],"collection":[{"href":"https:\/\/seotranslationpro.com\/cs\/wp-json\/wp\/v2\/pages"}],"about":[{"href":"https:\/\/seotranslationpro.com\/cs\/wp-json\/wp\/v2\/types\/page"}],"author":[{"embeddable":true,"href":"https:\/\/seotranslationpro.com\/cs\/wp-json\/wp\/v2\/users\/1"}],"replies":[{"embeddable":true,"href":"https:\/\/seotranslationpro.com\/cs\/wp-json\/wp\/v2\/comments?post=102335"}],"version-history":[{"count":5,"href":"https:\/\/seotranslationpro.com\/cs\/wp-json\/wp\/v2\/pages\/102335\/revisions"}],"predecessor-version":[{"id":110003,"href":"https:\/\/seotranslationpro.com\/cs\/wp-json\/wp\/v2\/pages\/102335\/revisions\/110003"}],"wp:attachment":[{"href":"https:\/\/seotranslationpro.com\/cs\/wp-json\/wp\/v2\/media?parent=102335"}],"curies":[{"name":"wp","href":"https:\/\/api.w.org\/{rel}","templated":true}]}}